{"id":106,"date":"2017-04-22T17:08:25","date_gmt":"2017-04-22T15:08:25","guid":{"rendered":"http:\/\/www.gatoux.com\/?page_id=106"},"modified":"2017-04-25T11:22:24","modified_gmt":"2017-04-25T09:22:24","slug":"conclusion","status":"publish","type":"page","link":"https:\/\/racine.gatoux.com\/lmdr\/index.php\/conclusion\/","title":{"rendered":"Conclusion OSI"},"content":{"rendered":"<p>Nous voici enfin arriv\u00e9 au terme de cette longue pr\u00e9sentation du mod\u00e8le OSI. J&rsquo;esp\u00e8re ne pas avoir \u00e9t\u00e9 trop ennuyeux. J&rsquo;ai tent\u00e9 de vous faire sourire parfois, m\u00eame si ce n&rsquo;est pas toujours facile avec des sujets aussi arides.Vous aurez pu remarquer que les couches 5, 6 et 7 sont bien moins d\u00e9velopp\u00e9es que les pr\u00e9c\u00e9dentes. Ceci tient au fait que d&rsquo;une part on quitte le sujet purement r\u00e9seau en entrant dans l&rsquo;informatique et que d&rsquo;autre part ces couches sont excessivement complexes. Je suis loin d&rsquo;\u00eatre un ma\u00eetre en la mati\u00e8re, et je laisse avec plaisir le travail aux \u00e9rudits !<\/p>\n<p>Quoi qu&rsquo;il en soit, si vous ne devez retenir qu&rsquo;une chose, c&rsquo;est la suivante : <strong>Le mod\u00e8le OSI est un MODELE <\/strong>! Ne cherchez pas dans la nature des architectures qui lui collent \u00e0 la peau. A mon sens, \u00e0 part DecNet Phase V qui je crois est totalement OSI, il n&rsquo;y en a pas l\u00e9gion ! Le mod\u00e8le doit vous servir \u00e0 faire le tri dans ces camions de protocoles et fonctions qui s&rsquo;accumulent dans les r\u00e9seaux. Structurez votre pens\u00e9e en vous posant la question suivante : \u00ab\u00a0Ce protocole, il fait quoi ?\u00a0\u00bb et puis \u00ab\u00a0Ce qu&rsquo;il fait c&rsquo;est une fonction de quelle couche ?\u00a0\u00bb, apr\u00e8s \u00e7a vous avez trouv\u00e9 le tiroir pour le ranger !<\/p>\n<p>Si vous voulez maintenant en savoir plus, je vous invite \u00e0 chercher de bonnes documentations chez votre libraire du coin (la FNAC \u00e0 d&rsquo;excellents ouvrages sur les r\u00e9seaux). Pour ceux qui ont envie de rentrer dans le vif du sujet je peux conseiller <strong>Architecture &amp; R\u00e9seaux d&rsquo;Andrew Tanenbaum<\/strong>, une r\u00e9f\u00e9rence dans le genre.<\/p>\n<p>A moins que vous soyez un pr\u00e9tendant au mal de cr\u00e2ne, je vous d\u00e9conseille fortement en premi\u00e8re approche, les normalisations OSI (ou UIT-T) officielles ! C&rsquo;est indigeste, illisible, cher mais tr\u00e8s complet !<\/p>\n<p>Enfin votre cher Web ador\u00e9, vous fournira des sites \u00e0 profusion sur le sujet OSI ou r\u00e9seau. Si d&rsquo;ailleurs vous en trouvez qui vous enthousiasment, envoyez moi un petit mail que j&rsquo;en profite aussi !<\/p>\n<p>Merci de m&rsquo;avoir lu jusqu&rsquo;au bout ! \ud83d\ude09<\/p>\n<h5 style=\"text-align: center;\"><a href=\"http:\/\/www.gatoux.com\/index.php\/la-couche-application\/\">Page pr\u00e9c\u00e9dente<\/a> &#8211; <a href=\"http:\/\/www.gatoux.com\/index.php\/sommaire\/\">Sommaire<\/a><\/h5>\n","protected":false},"excerpt":{"rendered":"<p>Nous voici enfin arriv\u00e9 au terme de cette longue pr\u00e9sentation du mod\u00e8le OSI. J&rsquo;esp\u00e8re ne pas avoir \u00e9t\u00e9 trop ennuyeux. J&rsquo;ai tent\u00e9 de vous faire sourire parfois, m\u00eame si ce n&rsquo;est pas toujours facile avec des sujets aussi arides.Vous aurez pu remarquer que les couches 5, 6 et 7 sont bien moins d\u00e9velopp\u00e9es que les\u2026 <span class=\"read-more\"><a href=\"https:\/\/racine.gatoux.com\/lmdr\/index.php\/conclusion\/\">Lire la suite &raquo;<\/a><\/span><\/p>\n","protected":false},"author":1,"featured_media":0,"parent":0,"menu_order":15,"comment_status":"closed","ping_status":"closed","template":"","meta":{"_exactmetrics_skip_tracking":false,"_exactmetrics_sitenote_active":false,"_exactmetrics_sitenote_note":"","_exactmetrics_sitenote_category":0,"footnotes":""},"class_list":["post-106","page","type-page","status-publish","hentry"],"_links":{"self":[{"href":"https:\/\/racine.gatoux.com\/lmdr\/index.php\/wp-json\/wp\/v2\/pages\/106","targetHints":{"allow":["GET"]}}],"collection":[{"href":"https:\/\/racine.gatoux.com\/lmdr\/index.php\/wp-json\/wp\/v2\/pages"}],"about":[{"href":"https:\/\/racine.gatoux.com\/lmdr\/index.php\/wp-json\/wp\/v2\/types\/page"}],"author":[{"embeddable":true,"href":"https:\/\/racine.gatoux.com\/lmdr\/index.php\/wp-json\/wp\/v2\/users\/1"}],"replies":[{"embeddable":true,"href":"https:\/\/racine.gatoux.com\/lmdr\/index.php\/wp-json\/wp\/v2\/comments?post=106"}],"version-history":[{"count":6,"href":"https:\/\/racine.gatoux.com\/lmdr\/index.php\/wp-json\/wp\/v2\/pages\/106\/revisions"}],"predecessor-version":[{"id":337,"href":"https:\/\/racine.gatoux.com\/lmdr\/index.php\/wp-json\/wp\/v2\/pages\/106\/revisions\/337"}],"wp:attachment":[{"href":"https:\/\/racine.gatoux.com\/lmdr\/index.php\/wp-json\/wp\/v2\/media?parent=106"}],"curies":[{"name":"wp","href":"https:\/\/api.w.org\/{rel}","templated":true}]}}