{"id":20,"date":"2017-04-21T21:03:51","date_gmt":"2017-04-21T19:03:51","guid":{"rendered":"http:\/\/www.gatoux.com\/?page_id=20"},"modified":"2020-10-08T21:34:41","modified_gmt":"2020-10-08T19:34:41","slug":"accueil","status":"publish","type":"page","link":"https:\/\/racine.gatoux.com\/lmdr\/","title":{"rendered":"Accueil"},"content":{"rendered":"<p>Bienvenue sur Le Monde des r\u00e9seaux !<\/p>\n<p><img loading=\"lazy\" decoding=\"async\" class=\"wp-image-320 alignleft\" src=\"http:\/\/www.gatoux.com\/wp-content\/uploads\/2017\/04\/Moi-225x300.jpeg\" alt=\"\" width=\"106\" height=\"141\" srcset=\"https:\/\/racine.gatoux.com\/lmdr\/wp-content\/uploads\/2017\/04\/Moi-225x300.jpeg 225w, https:\/\/racine.gatoux.com\/lmdr\/wp-content\/uploads\/2017\/04\/Moi-768x1024.jpeg 768w, https:\/\/racine.gatoux.com\/lmdr\/wp-content\/uploads\/2017\/04\/Moi-660x880.jpeg 660w\" sizes=\"auto, (max-width: 106px) 100vw, 106px\" \/>Ce site est d\u00e9di\u00e9 aux passionn\u00e9s de r\u00e9seaux qui cherchent une information moins institutionnelle et plus didactique sur le pourquoi et\u00a0le comment de la transmission de donn\u00e9es au sens large. Il est essentiellement constitu\u00e9 de quelques cours qui en leur temps ont plu \u00e0 quelques\u00a0personnes de mon entourage. Je vous les offre donc\u00a0et esp\u00e8re que vous prendrez autant de plaisir \u00e0 les lire, que j&rsquo;en ai eu \u00e0 les \u00e9crire.<\/p>\n<table style=\"height: 112px;\" border=\"0\" width=\"722\" cellpadding=\"5\" align=\"center\" bgcolor=\"#ff0000\">\n<tbody>\n<tr>\n<td align=\"center\"><span style=\"color: #ffffff;\"><strong>Ces cours ont \u00e9t\u00e9 retravaill\u00e9s pour cette publication mais certaines annotations datent de leur ann\u00e9e de cr\u00e9ation. Ils sont bien s\u00fbr tout \u00e0 fait d&rsquo;actualit\u00e9 (IP n&rsquo;a pas beaucoup chang\u00e9 !).\u00a0Il est toutefois <\/strong><strong>interressant, \u00e0 travers ces remarques de constater ce que l&rsquo;on pensait il y a cinq ou presque dix ans et le changement op\u00e9r\u00e9 depuis &#8230;<\/strong><\/span><\/td>\n<\/tr>\n<\/tbody>\n<\/table>\n<p>Apr\u00e8s plus de 20 ans dans le domaine t\u00e9l\u00e9informatique je suis aujourd&rsquo;hui directeur d&rsquo;un d\u00e9partement Service Client compos\u00e9s d&rsquo;ing\u00e9nieurs en charge d&rsquo;assurer le suivi d&rsquo;exploitation de solutions t\u00e9l\u00e9coms complexes. J&rsquo;ai \u00e9galement dirig\u00e9 un d\u00e9partement technico-commercial compos\u00e9 d&rsquo;une quarantaine d&rsquo;ing\u00e9nieurs avant-vente r\u00e9alisant les conceptions de solutions t\u00e9l\u00e9coms vari\u00e9es (r\u00e9seaux d&rsquo;entreprises, ToIP, GRC, LAN, etc &#8230;) sur un portefeuille d&rsquo;environ 500 grandes entreprises, essentiellement parisiennes.<\/p>\n<p>A travers ce site, je souhaite partager avec vous mon exp\u00e9rience et ma passion pour les r\u00e9seaux de donn\u00e9es.<\/p>\n<p>Bonne visite et n&rsquo;h\u00e9sitez pas \u00e0 <a href=\"mailto:jean-luc@gatoux.com\" target=\"_blank\" rel=\"noopener noreferrer\">m&rsquo;\u00e9crire<\/a> ! Je r\u00e9ponds toujours &#8230;<\/p>\n","protected":false},"excerpt":{"rendered":"<p>Bienvenue sur Le Monde des r\u00e9seaux ! Ce site est d\u00e9di\u00e9 aux passionn\u00e9s de r\u00e9seaux qui cherchent une information moins institutionnelle et plus didactique sur le pourquoi et\u00a0le comment de la transmission de donn\u00e9es au sens large. Il est essentiellement constitu\u00e9 de quelques cours qui en leur temps ont plu \u00e0 quelques\u00a0personnes de mon entourage.\u2026 <span class=\"read-more\"><a href=\"https:\/\/racine.gatoux.com\/lmdr\/\">Lire la suite &raquo;<\/a><\/span><\/p>\n","protected":false},"author":1,"featured_media":0,"parent":0,"menu_order":0,"comment_status":"closed","ping_status":"closed","template":"","meta":{"_exactmetrics_skip_tracking":false,"_exactmetrics_sitenote_active":false,"_exactmetrics_sitenote_note":"","_exactmetrics_sitenote_category":0,"footnotes":""},"class_list":["post-20","page","type-page","status-publish","hentry"],"_links":{"self":[{"href":"https:\/\/racine.gatoux.com\/lmdr\/index.php\/wp-json\/wp\/v2\/pages\/20","targetHints":{"allow":["GET"]}}],"collection":[{"href":"https:\/\/racine.gatoux.com\/lmdr\/index.php\/wp-json\/wp\/v2\/pages"}],"about":[{"href":"https:\/\/racine.gatoux.com\/lmdr\/index.php\/wp-json\/wp\/v2\/types\/page"}],"author":[{"embeddable":true,"href":"https:\/\/racine.gatoux.com\/lmdr\/index.php\/wp-json\/wp\/v2\/users\/1"}],"replies":[{"embeddable":true,"href":"https:\/\/racine.gatoux.com\/lmdr\/index.php\/wp-json\/wp\/v2\/comments?post=20"}],"version-history":[{"count":8,"href":"https:\/\/racine.gatoux.com\/lmdr\/index.php\/wp-json\/wp\/v2\/pages\/20\/revisions"}],"predecessor-version":[{"id":717,"href":"https:\/\/racine.gatoux.com\/lmdr\/index.php\/wp-json\/wp\/v2\/pages\/20\/revisions\/717"}],"wp:attachment":[{"href":"https:\/\/racine.gatoux.com\/lmdr\/index.php\/wp-json\/wp\/v2\/media?parent=20"}],"curies":[{"name":"wp","href":"https:\/\/api.w.org\/{rel}","templated":true}]}}