{"id":25,"date":"2017-04-22T00:35:18","date_gmt":"2017-04-21T22:35:18","guid":{"rendered":"http:\/\/www.gatoux.com\/?page_id=25"},"modified":"2017-11-10T13:41:42","modified_gmt":"2017-11-10T12:41:42","slug":"introduction","status":"publish","type":"page","link":"https:\/\/racine.gatoux.com\/lmdr\/index.php\/introduction\/","title":{"rendered":"Mod\u00e8le OSI"},"content":{"rendered":"<p><strong>&#8211; Date de cr\u00e9ation du cours<\/strong> : <strong><span style=\"color: #ff0000;\">Novembre 2001<\/span><\/strong><\/p>\n<p>Le mod\u00e8le OSI ! Tout t\u00e9l\u00e9informaticien qui se respecte ne peut l&rsquo;ignorer ! Mais dans les faits ! A quoi sert-il ? Pourquoi Mod\u00e8le ?<\/p>\n<p>Pour ce premier cours, vous allez entrer dans le monde \u00e9trange des couches et des protocoles mais aussi vous rendre compte qu&rsquo;avoir un mod\u00e8le ne veut pas n\u00e9cessairement dire qu&rsquo;on le suit ! Par contre \u00e7a aide s\u00e9rieusement \u00e0 comprendre et s&rsquo;y retrouver dans ce monde complexe des protocoles de transmission de l&rsquo;information !<\/p>\n<p>Bonne lecture !<\/p>\n<p>&nbsp;<\/p>\n<h4 align=\"center\"><a href=\"http:\/\/www.gatoux.com\/index.php\/sommaire\/\">Le Sommaire<\/a><\/h4>\n","protected":false},"excerpt":{"rendered":"<p>&#8211; Date de cr\u00e9ation du cours : Novembre 2001 Le mod\u00e8le OSI ! Tout t\u00e9l\u00e9informaticien qui se respecte ne peut l&rsquo;ignorer ! Mais dans les faits ! A quoi sert-il ? Pourquoi Mod\u00e8le ? Pour ce premier cours, vous allez entrer dans le monde \u00e9trange des couches et des protocoles mais aussi vous rendre compte\u2026 <span class=\"read-more\"><a href=\"https:\/\/racine.gatoux.com\/lmdr\/index.php\/introduction\/\">Lire la suite &raquo;<\/a><\/span><\/p>\n","protected":false},"author":1,"featured_media":0,"parent":0,"menu_order":1,"comment_status":"closed","ping_status":"closed","template":"","meta":{"_exactmetrics_skip_tracking":false,"_exactmetrics_sitenote_active":false,"_exactmetrics_sitenote_note":"","_exactmetrics_sitenote_category":0,"footnotes":""},"class_list":["post-25","page","type-page","status-publish","hentry"],"_links":{"self":[{"href":"https:\/\/racine.gatoux.com\/lmdr\/index.php\/wp-json\/wp\/v2\/pages\/25","targetHints":{"allow":["GET"]}}],"collection":[{"href":"https:\/\/racine.gatoux.com\/lmdr\/index.php\/wp-json\/wp\/v2\/pages"}],"about":[{"href":"https:\/\/racine.gatoux.com\/lmdr\/index.php\/wp-json\/wp\/v2\/types\/page"}],"author":[{"embeddable":true,"href":"https:\/\/racine.gatoux.com\/lmdr\/index.php\/wp-json\/wp\/v2\/users\/1"}],"replies":[{"embeddable":true,"href":"https:\/\/racine.gatoux.com\/lmdr\/index.php\/wp-json\/wp\/v2\/comments?post=25"}],"version-history":[{"count":7,"href":"https:\/\/racine.gatoux.com\/lmdr\/index.php\/wp-json\/wp\/v2\/pages\/25\/revisions"}],"predecessor-version":[{"id":709,"href":"https:\/\/racine.gatoux.com\/lmdr\/index.php\/wp-json\/wp\/v2\/pages\/25\/revisions\/709"}],"wp:attachment":[{"href":"https:\/\/racine.gatoux.com\/lmdr\/index.php\/wp-json\/wp\/v2\/media?parent=25"}],"curies":[{"name":"wp","href":"https:\/\/api.w.org\/{rel}","templated":true}]}}