{"id":338,"date":"2017-04-25T11:27:25","date_gmt":"2017-04-25T09:27:25","guid":{"rendered":"http:\/\/www.gatoux.com\/?page_id=338"},"modified":"2017-05-03T17:03:25","modified_gmt":"2017-05-03T15:03:25","slug":"introduction-ip","status":"publish","type":"page","link":"https:\/\/racine.gatoux.com\/lmdr\/index.php\/introduction-ip\/","title":{"rendered":"Protocole IP"},"content":{"rendered":"<p><strong>&#8211; Date de cr\u00e9ation du cours<\/strong> : <strong><span style=\"color: #ff0000;\">Novembre 2001<\/span><\/strong><\/p>\n<p>Ha ! Mon bel IP ! Mais qui es-tu donc ? D&rsquo;o\u00f9 viens-tu ? Comment gr\u00e2ce \u00e0 toi puis-je surfer ? Pourquoi es-tu devenu si grand ?<\/p>\n<p>Cette section de cours a pour ambition de vous pr\u00e9senter, sous toutes les coutures, ce protocole ch\u00e9ri qui vous permet de surfer chaque jour &#8230; J&rsquo;exag\u00e8re un peu ! Pr\u00e9senter IP sous toutes les coutures c&rsquo;est s&rsquo;engager dans la r\u00e9daction d&rsquo;un livre de pr\u00e8s de 1000 page ! Et je manque de temps ! Alors, voici 12 pages bien denses sur le sujet, en esp\u00e8rant qu&rsquo;elles r\u00e9pondront \u00e0 vos attentes !<\/p>\n<p><strong>Petite pr\u00e9cision n\u00e9cessaire<\/strong> : J&rsquo;aimerais me d\u00e9marquer de la production courante sur IP. Entre-autre, je vous pr\u00e9senterai IP et non pas l&rsquo;environnement IP ! Grande nuance que nombre ne font pas toujours ! En effet :<\/p>\n<blockquote dir=\"ltr\"><p><strong><span style=\"color: #ff0000;\">1 &#8211; IP est un protocole de niveau 3<\/span><\/strong> (comme je sais que vous avez lu le cours OSI, vous savez de quoi je parle !). Je vous pr\u00e9senterai donc uniquement les fonctions r\u00e9seaux associ\u00e9es \u00e0 Internet Protocol (IP, pour les intimes !). Et je ne parlerai pas de TCP ou UDP, qui rel\u00e8vent d&rsquo;un \u00e9quivalent de niveau 4 OSI, ou de FTP, SMTP, HTTP et autres qui rel\u00e8vent d&rsquo;un \u00e9quivalent de couche 7 OSI !<br \/>\n<strong><span style=\"color: #ff0000;\">2 &#8211; IP est un protocole tr\u00e8s simple et basique<\/span><\/strong>. Tellement simple qu&rsquo;il est n\u00e9cessaire d&rsquo;y adjoindre deux protocoles intimement li\u00e9s (ARP et ICMP) que je vous pr\u00e9senterai dans le m\u00eame temps.<\/p><\/blockquote>\n<p>Bonne lecture !<\/p>\n<h5 align=\"center\"><a href=\"http:\/\/www.gatoux.com\/index.php\/sommaire-ip\/\">Le Sommaire<\/a><\/h5>\n","protected":false},"excerpt":{"rendered":"<p>&#8211; Date de cr\u00e9ation du cours : Novembre 2001 Ha ! Mon bel IP ! Mais qui es-tu donc ? D&rsquo;o\u00f9 viens-tu ? Comment gr\u00e2ce \u00e0 toi puis-je surfer ? Pourquoi es-tu devenu si grand ? Cette section de cours a pour ambition de vous pr\u00e9senter, sous toutes les coutures, ce protocole ch\u00e9ri qui vous\u2026 <span class=\"read-more\"><a href=\"https:\/\/racine.gatoux.com\/lmdr\/index.php\/introduction-ip\/\">Lire la suite &raquo;<\/a><\/span><\/p>\n","protected":false},"author":1,"featured_media":0,"parent":0,"menu_order":16,"comment_status":"closed","ping_status":"closed","template":"","meta":{"_exactmetrics_skip_tracking":false,"_exactmetrics_sitenote_active":false,"_exactmetrics_sitenote_note":"","_exactmetrics_sitenote_category":0,"footnotes":""},"class_list":["post-338","page","type-page","status-publish","hentry"],"_links":{"self":[{"href":"https:\/\/racine.gatoux.com\/lmdr\/index.php\/wp-json\/wp\/v2\/pages\/338","targetHints":{"allow":["GET"]}}],"collection":[{"href":"https:\/\/racine.gatoux.com\/lmdr\/index.php\/wp-json\/wp\/v2\/pages"}],"about":[{"href":"https:\/\/racine.gatoux.com\/lmdr\/index.php\/wp-json\/wp\/v2\/types\/page"}],"author":[{"embeddable":true,"href":"https:\/\/racine.gatoux.com\/lmdr\/index.php\/wp-json\/wp\/v2\/users\/1"}],"replies":[{"embeddable":true,"href":"https:\/\/racine.gatoux.com\/lmdr\/index.php\/wp-json\/wp\/v2\/comments?post=338"}],"version-history":[{"count":4,"href":"https:\/\/racine.gatoux.com\/lmdr\/index.php\/wp-json\/wp\/v2\/pages\/338\/revisions"}],"predecessor-version":[{"id":585,"href":"https:\/\/racine.gatoux.com\/lmdr\/index.php\/wp-json\/wp\/v2\/pages\/338\/revisions\/585"}],"wp:attachment":[{"href":"https:\/\/racine.gatoux.com\/lmdr\/index.php\/wp-json\/wp\/v2\/media?parent=338"}],"curies":[{"name":"wp","href":"https:\/\/api.w.org\/{rel}","templated":true}]}}