{"id":358,"date":"2017-04-25T11:32:38","date_gmt":"2017-04-25T09:32:38","guid":{"rendered":"http:\/\/www.gatoux.com\/?page_id=358"},"modified":"2017-04-26T12:28:55","modified_gmt":"2017-04-26T10:28:55","slug":"conclusion-ip","status":"publish","type":"page","link":"https:\/\/racine.gatoux.com\/lmdr\/index.php\/conclusion-ip\/","title":{"rendered":"Conclusion IP"},"content":{"rendered":"<p>Et voil\u00e0 ! C&rsquo;est enfin termin\u00e9 ! J&rsquo;esp\u00e8re que \u00e7a n&rsquo;a pas \u00e9t\u00e9 trop p\u00e9nible et que vous avez pris un peu de plaisir \u00e0 lire ce cours. Qui sait ! Vous avez peut-\u00eatre m\u00eame pu rire des d\u00e9boires de Jules ou des quelques remarques qui \u00e9grainent ce cours.<\/p>\n<p>Comme je l&rsquo;avais promis, je me suis essentiellement concentr\u00e9 sur le protocole IP au niveau 3. Nous avons tr\u00e8s peu \u00e9voqu\u00e9 les couches sup\u00e9rieures (<em>\u00e0 quelques allusions pr\u00e8s !<\/em>). Ne pensez pas pour autant avoir fait le tour d&rsquo;IP ! Ce que vous venez de voir, vous permet d&rsquo;aborder 80% des concepts du fonctionnement d&rsquo;IP, mais il existe une multitude de petites particularit\u00e9s et de pi\u00e8ges qui vous appara\u00eetront au fil du temps et avec l&rsquo;exp\u00e9rience. Par exemple :<\/p>\n<ul>\n<li>la partie <strong>NAT<\/strong> que je vous ai pr\u00e9sent\u00e9 est extr\u00eamement simpliste ! J&rsquo;ai vulgaris\u00e9 \u00e0 mort ! D&rsquo;abord la translation d&rsquo;adresse avec correspondance sur les ports TCP ne s&rsquo;appelle pas NAT mais <strong>PAT<\/strong> ! D&rsquo;autre part, NAT ne fonctionne pas dans tous les cas ! Des probl\u00e8mes se pr\u00e9sentent lorsque vous l&rsquo;utilisez avec certaines impl\u00e9mentations d&rsquo;IPSec par exemple (<em>cas de l&rsquo;encryption HA<\/em>). Et il y a d&rsquo;autres contraintes (<em>environnement HSRP, protocoles sup\u00e9rieurs recopiant l&rsquo;adresse IP dans leurs ent\u00eates, etc<\/em>.)<\/li>\n<li><strong>la segmentation<\/strong> n&rsquo;a pas \u00e9t\u00e9 pr\u00e9sent\u00e9e sous tous ses aspects ! Par exemple que ce passe-t-il quand on fait de la NAT source et que les paquets sont segment\u00e9s ? R\u00e9fl\u00e9chissez et essayez de voir o\u00f9 est le probl\u00e8me &#8230; Je vous aide : <em>Vous allez comprendre pourquoi le champ Identificateur fait 2 octets !<\/em><\/li>\n<li>comment sortir d&rsquo;un r\u00e9seau local si le routeur de sortie est hors service (<em>nous en avons un peu parl\u00e9, mais si peu !<\/em>)?<\/li>\n<li>etc &#8230;<\/li>\n<\/ul>\n<p>Pour aborder ces probl\u00e8mes il vous faudra probablement fouiller sur Internet ou vous procurer des ouvrages tr\u00e8s complets sur le sujet !<\/p>\n<p>Mon objectif \u00e9tait ici, de pr\u00e9senter \u00e0 des d\u00e9butants les concepts de base d&rsquo;IP et de rafra\u00eechir les connaissances des habitu\u00e9s. J&rsquo;esp\u00e8re avoir r\u00e9ussi ! Pour approfondir certains points ou simplement pour avoir \u00ab\u00a0<em>un autre son de cloche<\/em>\u00ab\u00a0, je vous invite \u00e0 visiter les sites r\u00e9f\u00e9renc\u00e9s dans mes page de liens !<\/p>\n<p>L&rsquo;\u00e9tape suivante dans le monde IP est le routage ! On pourrait en parler toute une vie ! C&rsquo;est l\u00e0 que tout ce joue en v\u00e9rit\u00e9 ! J&rsquo;esp\u00e8re trouver le temps de vous pr\u00e9senter quelques cours sur le sujet ! Mais pour le moment, je me repose un peu !<\/p>\n<p>Merci de m&rsquo;avoir lu jusqu&rsquo;au bout ! Et IP ! IP ! Hourra !;-)<\/p>\n<p>Pour vous r\u00e9compenser de m&rsquo;avoir suivi jusqu&rsquo;ici, et parce que c&rsquo;est No\u00ebl 2001 (je ne sais pas quand vous lirez ce cours !) voici en cadeau toujours, tous les sch\u00e9mas du cours au format PowerPoint zipp\u00e9 : <a href=\"http:\/\/www.gatoux.com\/wp-content\/uploads\/2017\/04\/SCHEMAS.zip\">SCHEMAS<\/a> (57 Ko)<\/p>\n<h5 style=\"text-align: center;\"><a href=\"http:\/\/www.gatoux.com\/index.php\/sommaire-ip\/\">Sommaire<\/a><\/h5>\n","protected":false},"excerpt":{"rendered":"<p>Et voil\u00e0 ! C&rsquo;est enfin termin\u00e9 ! J&rsquo;esp\u00e8re que \u00e7a n&rsquo;a pas \u00e9t\u00e9 trop p\u00e9nible et que vous avez pris un peu de plaisir \u00e0 lire ce cours. Qui sait ! Vous avez peut-\u00eatre m\u00eame pu rire des d\u00e9boires de Jules ou des quelques remarques qui \u00e9grainent ce cours. Comme je l&rsquo;avais promis, je me\u2026 <span class=\"read-more\"><a href=\"https:\/\/racine.gatoux.com\/lmdr\/index.php\/conclusion-ip\/\">Lire la suite &raquo;<\/a><\/span><\/p>\n","protected":false},"author":1,"featured_media":0,"parent":0,"menu_order":30,"comment_status":"closed","ping_status":"closed","template":"","meta":{"_exactmetrics_skip_tracking":false,"_exactmetrics_sitenote_active":false,"_exactmetrics_sitenote_note":"","_exactmetrics_sitenote_category":0,"footnotes":""},"class_list":["post-358","page","type-page","status-publish","hentry"],"_links":{"self":[{"href":"https:\/\/racine.gatoux.com\/lmdr\/index.php\/wp-json\/wp\/v2\/pages\/358","targetHints":{"allow":["GET"]}}],"collection":[{"href":"https:\/\/racine.gatoux.com\/lmdr\/index.php\/wp-json\/wp\/v2\/pages"}],"about":[{"href":"https:\/\/racine.gatoux.com\/lmdr\/index.php\/wp-json\/wp\/v2\/types\/page"}],"author":[{"embeddable":true,"href":"https:\/\/racine.gatoux.com\/lmdr\/index.php\/wp-json\/wp\/v2\/users\/1"}],"replies":[{"embeddable":true,"href":"https:\/\/racine.gatoux.com\/lmdr\/index.php\/wp-json\/wp\/v2\/comments?post=358"}],"version-history":[{"count":3,"href":"https:\/\/racine.gatoux.com\/lmdr\/index.php\/wp-json\/wp\/v2\/pages\/358\/revisions"}],"predecessor-version":[{"id":455,"href":"https:\/\/racine.gatoux.com\/lmdr\/index.php\/wp-json\/wp\/v2\/pages\/358\/revisions\/455"}],"wp:attachment":[{"href":"https:\/\/racine.gatoux.com\/lmdr\/index.php\/wp-json\/wp\/v2\/media?parent=358"}],"curies":[{"name":"wp","href":"https:\/\/api.w.org\/{rel}","templated":true}]}}