{"id":382,"date":"2017-04-25T13:13:58","date_gmt":"2017-04-25T11:13:58","guid":{"rendered":"http:\/\/www.gatoux.com\/?page_id=382"},"modified":"2017-04-25T18:24:17","modified_gmt":"2017-04-25T16:24:17","slug":"ladressage-ip","status":"publish","type":"page","link":"https:\/\/racine.gatoux.com\/lmdr\/index.php\/ladressage-ip\/","title":{"rendered":"L&rsquo;adressage IP"},"content":{"rendered":"<h2>Un peu plus loin sur les classes d&rsquo;adresses<\/h2>\n<p>Dans le chapitre pr\u00e9c\u00e9dent nous avons abord\u00e9 la notion de \u00ab\u00a0classes d&rsquo;adresses\u00a0\u00bb. IP propose trois classes principales, chacun d&rsquo;entre-elles proposant une r\u00e9partition diff\u00e9rente des octets r\u00e9seaux et machines :<\/p>\n<ul>\n<li><strong>Classe A<\/strong> : R.M.M.M<\/li>\n<li><strong>Classe B<\/strong> : R.R.M.M<\/li>\n<li><strong>Classe C<\/strong> : R.R.R.M<\/li>\n<\/ul>\n<p>Bien ! Admettons ! Alors l&rsquo;adresse 10.234.12.25, adresse de classe A, B ou C ? Bonne question \u00e0 laquelle vous ne savez pas r\u00e9pondre si vous n&rsquo;avez pas connaissance de ce qui suit !<\/p>\n<p>Pour diff\u00e9rencier les classes d&rsquo;adresses, IP se r\u00e9f\u00e9re \u00e0 la valeur du premier octet de l&rsquo;adresse :<\/p>\n<ul>\n<li><strong><span style=\"color: #ff0000;\">si la valeur de l&rsquo;octet est comprise entre 1 et 126, l&rsquo;adresse est de classe A<\/span><\/strong>. Le premier octet indique le r\u00e9seau, les trois suivants indiquent la machine dans le r\u00e9seau.<\/li>\n<li><strong><span style=\"color: #ff0000;\">si la valeur de l&rsquo;octet est comprise entre 128 et 191, l&rsquo;adresse est de classe B<\/span><\/strong>. Les deux premiers octets indiquent le r\u00e9seau, les deux suivants indiquent la machine dans le r\u00e9seau.<\/li>\n<li><strong><span style=\"color: #ff0000;\">si la valeur de l&rsquo;octet est comprise entre 192 et 223, l&rsquo;adresse est de classe C<\/span><\/strong>. Les trois premiers octets indiquent le r\u00e9seau, le dernier octet indique la machine dans le r\u00e9seau.<\/li>\n<\/ul>\n<p>Les curieux doivent se demander pourquoi des valeurs limites comme 126, 191 ou 223 ? N&rsquo;oublions pas qu&rsquo;IP se d\u00e9cline, pour nous, en d\u00e9cimal mais que les machines le traitent en binaire ! En fait une machine va rep\u00e9rer la classe d&rsquo;une adresse, non pas sur la valeur du premier octet mais sur la valeur des premiers bits de l&rsquo;octet :<\/p>\n<ul>\n<li>si l&rsquo;octet est de la forme binaire <strong>0<\/strong>xxxxxxx (avec x \u00e9gal \u00e0 1 ou 0 bien s\u00fbr !), l&rsquo;adresse est de classe A. La valeur d\u00e9cimale de cet octet peut donc \u00eatre comprise entre 0 (<strong>0<\/strong>0000000) et 126 (<strong>0<\/strong>1111110). Dans le paragraphe \u00ab\u00a0<strong>Adresses particuli\u00e8res<\/strong>\u00a0\u00bb nous verrons pourquoi les valeurs d\u00e9cimales 0 et 127 sont exclues de la classe A.<\/li>\n<li>si l&rsquo;octet est de la forme binaire <strong>10<\/strong>xxxxxx, l&rsquo;adresse est de classe B. La valeur d\u00e9cimale de cet octet peut donc \u00eatre comprise entre 128 (<strong>10<\/strong>000000) et 191 (<strong>10<\/strong>111111).<\/li>\n<li>si l&rsquo;octet est de la forme binaire <strong>110<\/strong>xxxxx, l&rsquo;adresse est de classe C. La valeur d\u00e9cimale de cet octet peut donc \u00eatre comprise entre 192 (<strong>110<\/strong>00000) et 223 (<strong>110<\/strong>11111).<\/li>\n<\/ul>\n<p><img loading=\"lazy\" decoding=\"async\" class=\"alignnone size-full wp-image-216 aligncenter\" src=\"http:\/\/www.gatoux.com\/wp-content\/uploads\/2017\/04\/CLASSES.gif\" alt=\"\" width=\"432\" height=\"71\" \/><\/p>\n<p><span style=\"color: #663300;\">Facile non ? La machine rep\u00e8re d\u00e8s les trois premiers bits de l&rsquo;adresse sa classe ! Entre-nous, vous pr\u00e9f\u00e9rez la version d\u00e9cimale ou binaire ?<\/span><\/p>\n<h2>Les adresses particuli\u00e8res<\/h2>\n<p><span style=\"color: #663300;\">Les plus attentifs auront remarqu\u00e9 que l&rsquo;adresse 0.0.0.0, de classe A en th\u00e9orie, n&rsquo;\u00e9tait pas propos\u00e9e. Il existe des formats sp\u00e9cifiques d&rsquo;adresses qui ne peuvent pas \u00eatre affect\u00e9s \u00e0 une machine (<em>INTERFACE d&rsquo;une machine, mais vous le savez maintenant &#8230; Je peux vulgariser un peu <\/em>?). Ces deux formats sont :<\/span><\/p>\n<ul>\n<li><span style=\"color: #663300;\"><span style=\"color: #ff0000;\"><strong>l&rsquo;adresse r\u00e9seau<\/strong> <\/span>: adresse sp\u00e9cifique qui identifie un r\u00e9seau (incluant du m\u00eame coup toutes les machines du r\u00e9seau). Cette adresse est utilis\u00e9e par les \u00e9quipements d&rsquo;interconnexion de r\u00e9seaux que l&rsquo;on appelle des routeurs. Dans le paragraphe suivant nous \u00e9tudierons le routage de IP de base, vous comprendrez ce qu&rsquo;est un routeur. Ces routeurs utilisent des tables de routage pour router les paquets. Ces tables indiquent des directions pour atteindre des <strong>r\u00e9seaux<\/strong>. Il est donc n\u00e9cessaire de pouvoir d\u00e9finir un format d&rsquo;adresse qui identifie un r\u00e9seau.<\/span><\/li>\n<li><span style=\"color: #663300;\"><span style=\"color: #ff0000;\"><strong>l&rsquo;adresse de \u00ab\u00a0broadcast\u00a0\u00bb<\/strong> <\/span>: dite adresse de diffusion. Cette adresse permet d&rsquo;indiquer qu&rsquo;un paquet est \u00e9mis \u00e0 l&rsquo;attention de toutes les machines du r\u00e9seau IP d&rsquo;un r\u00e9seau IP.Elle se d\u00e9cline en deux formats les adresses de \u00ab\u00a0<strong>diffusion limit\u00e9e<\/strong>\u00a0\u00bb et de \u00ab\u00a0<strong>diffusion dirig\u00e9e<\/strong>\u00a0\u00bb <\/span><\/li>\n<\/ul>\n<h3 dir=\"ltr\">L&rsquo;adresse r\u00e9seau<\/h3>\n<p><span style=\"color: #663300;\">Le format de cette adresse est simple : <strong><span style=\"color: #ff0000;\">on place \u00e0 0 la partie machine de l&rsquo;adresse <\/span><\/strong>:<\/span><\/p>\n<ul>\n<li><span style=\"color: #663300;\">l&rsquo;adresse r\u00e9seau d&rsquo;une adresse de classe A est donc de la forme : <strong>R.<\/strong>0<strong>.<\/strong>0.0 (avec 0&lt;r&lt;127)<\/span><\/li>\n<li><strong><span style=\"color: #663300;\">l&rsquo;adresse r\u00e9seau d&rsquo;une adresse de classe B est donc de la forme : R.R.<\/span><\/strong><span style=\"color: #663300;\">0.0 (avec 127&lt;r1&lt;192)<\/span><\/li>\n<li><strong><span style=\"color: #663300;\">l&rsquo;adresse r\u00e9seau d&rsquo;une adresse de classe C est donc de la forme : R.R.R.<\/span><\/strong><span style=\"color: #663300;\">0 (avec 191&lt;r1&lt;224)<\/span><\/li>\n<\/ul>\n<p><span style=\"color: #663300;\">Lorsqu&rsquo;on indique l&rsquo;adresse 10.0.0.0, on d\u00e9signe l&rsquo;ensemble des machines du r\u00e9seau 10. Lorsqu&rsquo;on indique l&rsquo;adresse 162.10.0.0, on d\u00e9signe l&rsquo;ensemble des machines du r\u00e9seau 162.10. Enfin lorsqu&rsquo;on indique l&rsquo;adresse 192.145.182.0, on d\u00e9signe l&rsquo;ensemble des machines du r\u00e9seau 192.145.182.<\/span><\/p>\n<p><span style=\"color: #663300;\"><strong>L&rsquo;adresse 0.0.0.0<\/strong> pourrait donc indiquer toutes les machines du r\u00e9seau 0. Mais le r\u00e9seau 0 n&rsquo;existe pas ! On pourrait donc dire qu&rsquo;elle d\u00e9signe l&rsquo;ensemble des machines de tous les r\u00e9seaux (le r\u00e9seau IP galactique, quoi !). Pas du tout ! Elle repr\u00e9sente deux choses selon la machine qui l&rsquo;interpr\u00e8te :<\/span><\/p>\n<ul>\n<li dir=\"ltr\"><span style=\"color: #663300;\">Pour un routeur, elle signifie <span style=\"color: #ff0000;\"><strong>le r\u00e9seau par d\u00e9faut<\/strong> <\/span>ou plus pr\u00e9cis\u00e9ment <strong><span style=\"color: #ff0000;\">la route par d\u00e9faut<\/span><\/strong>. Elle indique la route \u00e0 emprunter pour tous les r\u00e9seaux qui ne sont pas explicitement d\u00e9crit dans la table de routage. Nous reviendrons sur cet aspect dans le chapitre suivant.<\/span><\/li>\n<li><span style=\"color: #663300;\">Pour une machine IP en g\u00e9n\u00e9ral, elle est utilis\u00e9e pour indiquer \u00ab\u00a0r\u00e9seau courant\u00a0\u00bb, autrement dit, le r\u00e9seau sur lequel je suis mais dont je ne connais rien ! En fait certaines machines ne conservent pas leur adresse IP \u00e0 la mise hors tension. Donc au \u00ab\u00a0boot\u00a0\u00bb elle vont chercher \u00e0 recevoir une adresse IP en la demandant \u00e0 des serveurs, c&rsquo;est la proc\u00e9dure RARP. Ce format d&rsquo;adresse est utilis\u00e9e dans ce cas (et dans quelques autres).<\/span><\/li>\n<\/ul>\n<p><img loading=\"lazy\" decoding=\"async\" class=\"size-full wp-image-199 alignleft\" src=\"http:\/\/www.gatoux.com\/wp-content\/uploads\/2017\/04\/ADRX.gif\" alt=\"\" width=\"426\" height=\"201\" \/>Pour le cas du routeur central ci-contre, il a dans sa table de routage :<\/p>\n<ul>\n<li>pour atteindre 167.10.0.0 passer par le routeur X1 sur mon interface 2<\/li>\n<li>pour atteindre 12.0.0.0, passer par le routeur X2 sur mon interface 3<\/li>\n<li>pour atteindre 0.0.0.0, passer par le routeur X3 sur mon interface 1<\/li>\n<\/ul>\n<p>Si ce routeur re\u00e7oit un paquet \u00e0 destination de 13.0.0.0 il l&rsquo;enverra \u00e0 X3, car il n&rsquo;a pas de route explicite pour le r\u00e9seau 13.0.0.0, il route donc par d\u00e9faut sur X3 !<\/p>\n<p>&nbsp;<\/p>\n<p><strong><span style=\"color: #ff0000;\">ATTENTION <\/span><\/strong>: <strong>L&rsquo;adresse r\u00e9seau ne peut jamais \u00eatre affect\u00e9e \u00e0 une machine IP comme adresse d&rsquo;interface<\/strong>. Elle est g\u00e9n\u00e9r\u00e9e en source ou destination dans certains paquets par le stack IP dans certaines configuration.<\/p>\n<h3 dir=\"ltr\">L&rsquo;adresse de diffusion (\u00ab\u00a0broadcast\u00a0\u00bb)<\/h3>\n<p style=\"padding-left: 30px;\"><strong><u>L&rsquo;adresse de diffusion dirig\u00e9e<\/u><\/strong><br \/>\nElle n&rsquo;est utilis\u00e9e qu&rsquo;en adresse de destination. Elle indique que le paquet est \u00e0 destination de toutes les machines du r\u00e9seau identifi\u00e9 par la partie r\u00e9seau de l&rsquo;adresse. Elle est transf\u00e9r\u00e9e par les routeurs jusqu&rsquo;au r\u00e9seau de destination.<\/p>\n<p style=\"padding-left: 30px;\">Le format est tr\u00e8s simple : <strong><span style=\"color: #ff0000;\">on place \u00e0 1 toute la partie machine<\/span><\/strong>.<\/p>\n<p><img loading=\"lazy\" decoding=\"async\" class=\"alignnone size-full wp-image-221 aligncenter\" src=\"http:\/\/www.gatoux.com\/wp-content\/uploads\/2017\/04\/DIFDIR.gif\" alt=\"\" width=\"455\" height=\"154\" \/><\/p>\n<p dir=\"ltr\" style=\"padding-left: 30px;\"><span style=\"color: #ff0000;\"><strong>ATTENTION<\/strong> <\/span>: on place \u00e0 1 chaque bit de la partie machine, un octet complet prend donc la valeur 255 (11111111) :<\/p>\n<ul dir=\"ltr\">\n<li>\n<div>l&rsquo;adresse \u00ab\u00a0broadcast\u00a0\u00bb d&rsquo;une adresse de classe A est donc de la forme : R.<strong>255.255.255 <\/strong>(avec 0&lt;r&lt;127)<\/div>\n<\/li>\n<li>\n<div>l&rsquo;adresse \u00ab\u00a0broadcast\u00a0\u00bb d&rsquo;une adresse de classe B est donc de la forme : R.R.<strong>255.255 <\/strong>(avec 127&lt;r1&lt;192)<\/div>\n<\/li>\n<li>\n<div>l&rsquo;adresse \u00ab\u00a0broadcast\u00a0\u00bb d&rsquo;une adresse de classe C est donc de la forme : R.R.R.<strong>255 <\/strong>(avec 191&lt;r1&lt;224)<\/div>\n<\/li>\n<\/ul>\n<p dir=\"ltr\" style=\"padding-left: 30px;\"><strong><u>L&rsquo;adresse de diffusion limit\u00e9e <\/u><\/strong><\/p>\n<p dir=\"ltr\" style=\"padding-left: 30px;\">Elle n&rsquo;est utilis\u00e9e qu&rsquo;en adresse de destination. Elle indique que le paquet est \u00e0 destination de toutes les machines du r\u00e9seau sur lequel il est \u00e9mis. Ces paquets ne sont pas transf\u00e9r\u00e9s par les routeurs ils restent dans leurs r\u00e9seaux physiques d&rsquo;\u00e9mission.<\/p>\n<p dir=\"ltr\" style=\"padding-left: 30px;\">Le format est encore plus simple : <strong><span style=\"color: #ff0000;\">on place tout \u00e0 1<\/span><\/strong>.<\/p>\n<p><img loading=\"lazy\" decoding=\"async\" class=\"alignnone size-full wp-image-222 aligncenter\" src=\"http:\/\/www.gatoux.com\/wp-content\/uploads\/2017\/04\/DIFLIM.gif\" alt=\"\" width=\"335\" height=\"144\" \/><\/p>\n<p dir=\"ltr\" style=\"padding-left: 30px;\"><span style=\"color: #ff0000;\"><strong>ATTENTION<\/strong> <\/span>: on place \u00e0 1 chaque bit de la partie r\u00e9seau et machine, un octet complet prend donc la valeur 255 (11111111). L&rsquo;adresse de diffusion limit\u00e9e est donc du format d\u00e9cimal : <strong>255.255.255.255<\/strong><\/p>\n<p style=\"padding-left: 30px;\"><strong><u>L&rsquo;adresse de bouclage local (\u00ab\u00a0loopback\u00a0\u00bb)<\/u><\/strong><\/p>\n<p style=\"padding-left: 30px;\"><img loading=\"lazy\" decoding=\"async\" class=\"size-full wp-image-400 alignright\" src=\"http:\/\/www.gatoux.com\/wp-content\/uploads\/2017\/04\/S2P7I2.gif\" alt=\"\" width=\"299\" height=\"195\" \/>Cette adresse sp\u00e9cifique est l&rsquo;adresse : 127.X.X.X avec X.X.X \u00e9gal \u00e0 n&rsquo;importe quoi compris entre 0.0.0 et 255.255.255. Dans 99,99% des cas on utilise l&rsquo;adresse 127.0.0.1, si on ne le fait pas c&rsquo;est uniquement par snobisme, pour ne pas faire comme les autres ! Elle indique, quelle que soit la valeur X.X.X, que le paquet \u00e9mis par cette machine, lui est \u00e9mis ! Autrement dit, elle permet \u00e0 une machine de s&rsquo;envoyer elle-m\u00eame un paquet ! C&rsquo;est de la communication intra-machine. Vous trouvez \u00e7a ridicule ? Vous avez tort ! Explication &#8230;<\/p>\n<p style=\"padding-left: 30px;\">Imaginez une machine qui supporte plusieurs programmes distincts \u00e9tant forc\u00e9ment localis\u00e9s sur une m\u00eame machine, du moins pr\u00e9vu comme tels lors de leur d\u00e9veloppement. Pour faire communiquer ces deux programmes, vous pouvez d\u00e9velopper une interface sp\u00e9cifique d&rsquo;acc\u00e8s entre les deux \u00e0 la condition que vous d\u00e9veloppiez les deux programmes ! Si vous n&rsquo;\u00eates pas le cr\u00e9ateur de l&rsquo;un de ses programmes vous risquez de rencontrer des difficult\u00e9s. Maintenant si au lieu de tenter de joindre ce programme en interne, vous utilisez un transfert par l&rsquo;adresse IP de la machine, vous serez consid\u00e9r\u00e9 par ce programme comme un utilisateur externe \u00e0 la machine, et il vous r\u00e9pondra !<\/p>\n<p style=\"padding-left: 30px;\">Mais votre d\u00e9veloppement va \u00eatre install\u00e9 sur diff\u00e9rentes machines donc vous ne pouvez pas pr\u00e9dire l&rsquo;adresse IP de la machine qui l&rsquo;h\u00e9bergera. En pr\u00e9voyant d&rsquo;utiliser l&rsquo;adresse de \u00ab\u00a0loopback\u00a0\u00bb, vous \u00eates certain d&rsquo;appeler la machine qui supporte le programme appelant !<\/p>\n<p style=\"padding-left: 30px;\"><strong>Un exemple simple :<\/strong><\/p>\n<p style=\"padding-left: 30px;\">Vous avez r\u00e9alis\u00e9 de superbes pages HTML, sur votre PC. Pour les tester il vous suffit de lancer votre navigateur et de s\u00e9lectionner la page d&rsquo;entr\u00e9e par la fonction \u00ab\u00a0Fichier, Ouvrir\u00a0\u00bb. Vous pouvez g\u00e9n\u00e9ralement aussi double-cliquer la page depuis votre Explorateur de fichier. Cette technique fonctionne bien si vos pages sont \u00ab\u00a0statiques\u00a0\u00bb, autrement dit avec une extension \u00ab\u00a0.htm\u00a0\u00bb ou \u00ab\u00a0.html\u00a0\u00bb.<\/p>\n<p style=\"padding-left: 30px;\">Si vous \u00eates un peu plus \u00e9rudit dans le domaine, vous vous \u00eates peut-\u00eatre lanc\u00e9 dans la conception de sites dynamiques en ASP ou PHP. Cette fois, si vous utilisez la m\u00e9thode pr\u00e9c\u00e9dente, vous allez vous faire insulter par votre navigateur &#8230; Pourquoi ? Parce que les scripts ASP ou PHP sont des scripts serveurs \u00e0 l&rsquo;inverse de l&rsquo;HTML ou du JavaScript qui sont des langages clients. Autrement dit, l&rsquo;HTML est interpr\u00e9t\u00e9 par votre navigateur alors que l&rsquo;ASP est interpr\u00e9t\u00e9 par le serveur, qui va g\u00e9n\u00e9r\u00e9 une page HTML en fonction des instructions du script. Pour interpr\u00e9ter l&rsquo;ASP ou le PHP il vous faut donc un serveur Web. Supposons que vous ayez un serveur Web install\u00e9 sur votre PC (type PWS par exemple) ou que vous ayez plac\u00e9 vos pages sur un serveur qui vous est physiquement accessible.<\/p>\n<p style=\"padding-left: 30px;\">Supposons que pour une raison quelconque vous ne connaissiez pas l&rsquo;adresse IP de votre machine, ni son nom de serveur Web. Vous voulez cependant tester vos pages, depuis le navigateur install\u00e9 sur ce serveur ! Comment faire ?<\/p>\n<p style=\"padding-left: 30px;\">Il vous suffit d&rsquo;entrer dans la barre d&rsquo;adresse : <strong>http:\/\/127.0.0.1\/monsite\/<\/strong> (avec monsite = nom du r\u00e9pertoire dans lequel vous avez install\u00e9 vos pages).<\/p>\n<p style=\"padding-left: 30px;\">Avec cette commande, vous indiquez au navigateur d&rsquo;aller chercher un serveur HTTP \u00e0 l&rsquo;adresse IP 127.0.0.1. Quand le stack IP re\u00e7oit cette adresse destination, il proc\u00e8de \u00e0 un bouclage au niveau du stack et remonte le paquet vers ses couches sup\u00e9rieures.<\/p>\n<p style=\"padding-left: 30px;\"><strong><span style=\"color: #ff0000;\">L&rsquo;adresse 127.X.X.X ne peut donc, bien s\u00fbr, \u00eatre utilis\u00e9e comme adresse de station.<\/span><\/strong><\/p>\n<h2 dir=\"ltr\">La capacit\u00e9 d&rsquo;adressage<\/h2>\n<p dir=\"ltr\">Fort des diff\u00e9rents enseignements pr\u00e9sent\u00e9s ci-dessus, \u00e0 votre avis : Combien de machines peut-on installer sur un r\u00e9seau IP de Classe C ?<\/p>\n<p dir=\"ltr\">En th\u00e9orie on pourrait dire : 255 puisqu&rsquo;en Classe C, un octet est r\u00e9serv\u00e9 \u00e0 la partie machine. Mais en v\u00e9rit\u00e9 254, puisque l&rsquo;adresse R.R.R.0 est r\u00e9serv\u00e9e pour d\u00e9signer le r\u00e9seau et l&rsquo;adresse R.R.R.255 est r\u00e9serv\u00e9e pour le \u00ab\u00a0broadcast\u00a0\u00bb.<\/p>\n<p dir=\"ltr\">Plus g\u00e9n\u00e9ralement, <span style=\"font-size: small;\"><strong><span style=\"color: #ff0000; font-family: Arial,Helvetica,sans-serif;\">si dans une adresse IP, N bits sont r\u00e9serv\u00e9s \u00e0 la partie machine, on pourra installer au maximum (2puissanceN) &#8211; 2 machines.<\/span><\/strong><\/span><\/p>\n<p dir=\"ltr\"><img loading=\"lazy\" decoding=\"async\" class=\"alignnone size-full wp-image-231 aligncenter\" src=\"http:\/\/www.gatoux.com\/wp-content\/uploads\/2017\/04\/FORM.gif\" alt=\"\" width=\"120\" height=\"56\" \/><\/p>\n<p dir=\"ltr\">Par exemple, si 4 bits sont r\u00e9serv\u00e9s on installera au maximum 2p4-2 = 16-2 = 14 machines.<\/p>\n<p dir=\"ltr\">Retenez cette formule ! Elle vous permet de d\u00e9terminer pr\u00e9cis\u00e9ment la Classe d&rsquo;adresse IP dont vous avez besoin en fonction du nombre de machines \u00e0 installer ! Pour \u00eatre tout \u00e0 fait juste, ce n&rsquo;est pas le choix de la Classe qui est le plus complexe &#8230; Cela se \u00ab\u00a0corse\u00a0\u00bb vraiment lorsque vous allez divis\u00e9 votre adresse r\u00e9seau en sous-r\u00e9seaux !<\/p>\n<h2 dir=\"ltr\">Conclusion du chapitre<\/h2>\n<p dir=\"ltr\">Pas trop mal \u00e0 la t\u00eate ? Le binaire, c&rsquo;est une seconde nature pour vous ?<\/p>\n<p dir=\"ltr\">Dans ce chapitre je vous ai pr\u00e9sent\u00e9 l&rsquo;adressage IP de base. Vous connaissez tout des 3 classes principales d&rsquo;adresses et des adresses sp\u00e9cifiques IP. Mais il vous manque encore deux notions imp\u00e9ratives dans l&rsquo;adressage IP :<\/p>\n<ul dir=\"ltr\">\n<li>\n<div>Comment on route IP ?<\/div>\n<\/li>\n<li>\n<div>Comment d\u00e9finir un plan d&rsquo;adressage satisfaisant ?<\/div>\n<\/li>\n<\/ul>\n<p dir=\"ltr\">C&rsquo;est l&rsquo;objectif des chapitres 6 et 7. J&rsquo;aurais pu tenter de vous pr\u00e9senter les notions de sous-r\u00e9seaux et masque directement apr\u00e8s ce chapitre, mais je pense que sur un plan p\u00e9dagogique ce serait une erreur. En effet, pour bien comprendre le sous-r\u00e9seau, il faut avoir quelques notions de routage. Le chapitre 6 vous pr\u00e9sente donc les \u00e9l\u00e9ments de base du routage IP et le chapitre 7 vous pr\u00e9sente les \u00e9l\u00e9ments de base \u00e0 ne pas oublier pour d\u00e9finir un plan d&rsquo;adressage, il justifie \u00e9galement de l&rsquo;utilit\u00e9 des sous-r\u00e9seaux. Le calcul des sous-r\u00e9seaux et la notion de masque sont abord\u00e9s au chapitre 8.<\/p>\n<h5 dir=\"ltr\" align=\"center\"><a href=\"http:\/\/www.gatoux.com\/index.php\/concepts-dadressage\/\">Page Pr\u00e9c\u00e9dente<\/a> | <a href=\"http:\/\/www.gatoux.com\/index.php\/le-routage\/\">Page suivante<\/a><\/h5>\n","protected":false},"excerpt":{"rendered":"<p>Un peu plus loin sur les classes d&rsquo;adresses Dans le chapitre pr\u00e9c\u00e9dent nous avons abord\u00e9 la notion de \u00ab\u00a0classes d&rsquo;adresses\u00a0\u00bb. IP propose trois classes principales, chacun d&rsquo;entre-elles proposant une r\u00e9partition diff\u00e9rente des octets r\u00e9seaux et machines : Classe A : R.M.M.M Classe B : R.R.M.M Classe C : R.R.R.M Bien ! Admettons ! Alors l&rsquo;adresse\u2026 <span class=\"read-more\"><a href=\"https:\/\/racine.gatoux.com\/lmdr\/index.php\/ladressage-ip\/\">Lire la suite &raquo;<\/a><\/span><\/p>\n","protected":false},"author":1,"featured_media":0,"parent":0,"menu_order":22,"comment_status":"closed","ping_status":"closed","template":"page-templates\/full-width.php","meta":{"_exactmetrics_skip_tracking":false,"_exactmetrics_sitenote_active":false,"_exactmetrics_sitenote_note":"","_exactmetrics_sitenote_category":0,"footnotes":""},"class_list":["post-382","page","type-page","status-publish","hentry"],"_links":{"self":[{"href":"https:\/\/racine.gatoux.com\/lmdr\/index.php\/wp-json\/wp\/v2\/pages\/382","targetHints":{"allow":["GET"]}}],"collection":[{"href":"https:\/\/racine.gatoux.com\/lmdr\/index.php\/wp-json\/wp\/v2\/pages"}],"about":[{"href":"https:\/\/racine.gatoux.com\/lmdr\/index.php\/wp-json\/wp\/v2\/types\/page"}],"author":[{"embeddable":true,"href":"https:\/\/racine.gatoux.com\/lmdr\/index.php\/wp-json\/wp\/v2\/users\/1"}],"replies":[{"embeddable":true,"href":"https:\/\/racine.gatoux.com\/lmdr\/index.php\/wp-json\/wp\/v2\/comments?post=382"}],"version-history":[{"count":5,"href":"https:\/\/racine.gatoux.com\/lmdr\/index.php\/wp-json\/wp\/v2\/pages\/382\/revisions"}],"predecessor-version":[{"id":428,"href":"https:\/\/racine.gatoux.com\/lmdr\/index.php\/wp-json\/wp\/v2\/pages\/382\/revisions\/428"}],"wp:attachment":[{"href":"https:\/\/racine.gatoux.com\/lmdr\/index.php\/wp-json\/wp\/v2\/media?parent=382"}],"curies":[{"name":"wp","href":"https:\/\/api.w.org\/{rel}","templated":true}]}}