{"id":464,"date":"2017-04-26T14:46:45","date_gmt":"2017-04-26T12:46:45","guid":{"rendered":"http:\/\/www.gatoux.com\/?page_id=464"},"modified":"2017-04-26T15:56:19","modified_gmt":"2017-04-26T13:56:19","slug":"sommaire-routage-ip","status":"publish","type":"page","link":"https:\/\/racine.gatoux.com\/lmdr\/index.php\/sommaire-routage-ip\/","title":{"rendered":"Sommaire Routage IP"},"content":{"rendered":"<p><strong>Chapitre 1<\/strong> : <a href=\"http:\/\/www.gatoux.com\/index.php\/bases-indispensables\/\">Les bases indispensables<\/a><\/p>\n<blockquote dir=\"ltr\"><p>Quelques petits rappels sur la fonction de routages, la notion d&rsquo;adresse r\u00e9seau et autres petites broutilles que vous avez s\u00fbrement oubli\u00e9 !<\/p><\/blockquote>\n<p><strong>Chapitre 2<\/strong> : <a href=\"http:\/\/www.gatoux.com\/index.php\/dynamique-ou-statique\/\">Dynamique ou statique ?<\/a><\/p>\n<blockquote dir=\"ltr\"><p>Rien \u00e0 voir avec une quelconque notion de r\u00e9activit\u00e9 ou une \u00e9valuation du comportement de l&rsquo;administrateur r\u00e9seau (<em>quoique &#8230;<\/em>). Il s&rsquo;agit ici d&rsquo;\u00e9valuer les deux grandes m\u00e9thodes d&rsquo;impl\u00e9mentation d&rsquo;une politique de routage !<\/p><\/blockquote>\n<p><strong>Chapitre 3<\/strong> : <a href=\"http:\/\/www.gatoux.com\/index.php\/igp-egp-et-as\/\">IGP, EGP et AS<\/a><\/p>\n<blockquote dir=\"ltr\"><p>Ca y est ! Il recommence avec ses sigles barbares ! Ici on va parler de hi\u00e9rarchie ou de fronti\u00e8re, mais rassurez-vous, IP est un monde de paix. Pas de guerres de territoire ici !<\/p><\/blockquote>\n<p><strong>Chapitre 4<\/strong> : <a href=\"http:\/\/www.gatoux.com\/index.php\/types-de-protocoles\/\">Vecteurs de distances et \u00e9tats de liens<\/a><\/p>\n<blockquote dir=\"ltr\"><p>IP c&rsquo;est comme pour tout ! Il y a les vieux \u00ab\u00a0trucs\u00a0\u00bb tout simples, limit\u00e9s, pas tr\u00e8s performants, mais qui marchent super bien et puis les \u00ab\u00a0trucs\u00a0\u00bb high-tech, super branch\u00e9s, super compliqu\u00e9s, de v\u00e9ritables usines \u00e0 gaz difficile \u00e0 r\u00e9gler, mais offrant un potentiel \u00e9norme ! Les protocoles de routage IP se divisent en deux grandes famille les protocoles \u00e0 \u00ab\u00a0vecteurs de distance\u00a0\u00bb, simples mais limit\u00e9s, et les protocoles (enfin surtout LE protocole) \u00e0 \u00ab\u00a0\u00e9tat de liens\u00a0\u00bb, pas vraiment facile d&rsquo;acc\u00e8s mais super top !<\/p><\/blockquote>\n<p><strong>Chapitre 5<\/strong> : <a href=\"http:\/\/www.gatoux.com\/index.php\/rip-protocole-simple\/\">RIP, un protocole simple<\/a><\/p>\n<blockquote dir=\"ltr\"><p>Entrons dans le vif du sujet et voyons un peu comment \u00e7a marche &#8230; RIP se pr\u00eate bien en exemple pour une premi\u00e8re approche !<\/p><\/blockquote>\n<p><strong>Chapitre 6<\/strong> : <a href=\"http:\/\/www.gatoux.com\/index.php\/limites-de-rip\/\">Les limites de RIP<\/a><\/p>\n<blockquote dir=\"ltr\"><p>Heu &#8230; Vous avez d\u00e9j\u00e0 entendu parler de \u00ab\u00a0<strong>Count to infinity<\/strong>\u00a0\u00bb ou \u00ab\u00a0<strong>D\u00e9lai de convergence<\/strong>\u00a0\u00bb ou encore \u00ab\u00a0<strong>Split Horizon<\/strong>\u00a0\u00bb ou m\u00eame \u00ab\u00a0<strong>Poison Reverse<\/strong>\u00a0\u00bb ? \u00c7a vous fait peur ? C&rsquo;est normal ! Ce chapitre est r\u00e9serv\u00e9 aux plus t\u00e9m\u00e9raires !<\/p><\/blockquote>\n<p><strong>Chapitre 7<\/strong> : <a href=\"http:\/\/www.gatoux.com\/index.php\/ospf-du-bel-ouvrage\/\">OSPF &#8230; Du bel ouvrage<\/a><\/p>\n<blockquote dir=\"ltr\"><p>Les concepteurs de protocoles ne manquent pas d&rsquo;imagination et de ressources. OSPF est une vraie avanc\u00e9e dans le domaine du routage ! C&rsquo;est \u00e0 mon sens la r\u00e9f\u00e9rence des IGP actuellement. Mais attention, pour faire Papa-Maman et plaire \u00e0 tout le monde il est difficile de faire simple &#8230; Oubliez tout ce que vous avez vu avec RIP et les protocoles \u00e0 vecteurs de distance, r\u00e9visez le chapitre 4 (s&rsquo;il y a un moment que vous l&rsquo;avez lu !) et bon courage pour cette petite introduction \u00e0 OSPF !<\/p><\/blockquote>\n<p dir=\"ltr\"><strong>Chapitre 8<\/strong> : <a href=\"http:\/\/www.gatoux.com\/index.php\/conclusion-routage-ip\/\">La conclusion<\/a><\/p>\n<blockquote dir=\"ltr\">\n<p dir=\"ltr\">Rien ne vaut une petite conclusion pour synth\u00e9tiser ce qu&rsquo;il est bon de se rappeler et se rendre compte combien on est plus intelligent apr\u00e8s la lecture de ce cours ;-))<\/p>\n<\/blockquote>\n<h5 dir=\"ltr\" align=\"center\"><a href=\"http:\/\/www.gatoux.com\/index.php\/le-routage-ip\/\">Page\u00a0Pr\u00e9c\u00e9dente<\/a> | <a href=\"http:\/\/www.gatoux.com\/index.php\/bases-indispensables\/\">Page Suivante<\/a><\/h5>\n<p>&nbsp;<\/p>\n","protected":false},"excerpt":{"rendered":"<p>Chapitre 1 : Les bases indispensables Quelques petits rappels sur la fonction de routages, la notion d&rsquo;adresse r\u00e9seau et autres petites broutilles que vous avez s\u00fbrement oubli\u00e9 ! Chapitre 2 : Dynamique ou statique ? Rien \u00e0 voir avec une quelconque notion de r\u00e9activit\u00e9 ou une \u00e9valuation du comportement de l&rsquo;administrateur r\u00e9seau (quoique &#8230;). Il\u2026 <span class=\"read-more\"><a href=\"https:\/\/racine.gatoux.com\/lmdr\/index.php\/sommaire-routage-ip\/\">Lire la suite &raquo;<\/a><\/span><\/p>\n","protected":false},"author":1,"featured_media":0,"parent":0,"menu_order":32,"comment_status":"closed","ping_status":"closed","template":"page-templates\/full-width.php","meta":{"_exactmetrics_skip_tracking":false,"_exactmetrics_sitenote_active":false,"_exactmetrics_sitenote_note":"","_exactmetrics_sitenote_category":0,"footnotes":""},"class_list":["post-464","page","type-page","status-publish","hentry"],"_links":{"self":[{"href":"https:\/\/racine.gatoux.com\/lmdr\/index.php\/wp-json\/wp\/v2\/pages\/464","targetHints":{"allow":["GET"]}}],"collection":[{"href":"https:\/\/racine.gatoux.com\/lmdr\/index.php\/wp-json\/wp\/v2\/pages"}],"about":[{"href":"https:\/\/racine.gatoux.com\/lmdr\/index.php\/wp-json\/wp\/v2\/types\/page"}],"author":[{"embeddable":true,"href":"https:\/\/racine.gatoux.com\/lmdr\/index.php\/wp-json\/wp\/v2\/users\/1"}],"replies":[{"embeddable":true,"href":"https:\/\/racine.gatoux.com\/lmdr\/index.php\/wp-json\/wp\/v2\/comments?post=464"}],"version-history":[{"count":3,"href":"https:\/\/racine.gatoux.com\/lmdr\/index.php\/wp-json\/wp\/v2\/pages\/464\/revisions"}],"predecessor-version":[{"id":495,"href":"https:\/\/racine.gatoux.com\/lmdr\/index.php\/wp-json\/wp\/v2\/pages\/464\/revisions\/495"}],"wp:attachment":[{"href":"https:\/\/racine.gatoux.com\/lmdr\/index.php\/wp-json\/wp\/v2\/media?parent=464"}],"curies":[{"name":"wp","href":"https:\/\/api.w.org\/{rel}","templated":true}]}}