{"id":468,"date":"2017-04-26T14:47:55","date_gmt":"2017-04-26T12:47:55","guid":{"rendered":"http:\/\/www.gatoux.com\/?page_id=468"},"modified":"2017-04-26T19:10:57","modified_gmt":"2017-04-26T17:10:57","slug":"dynamique-ou-statique","status":"publish","type":"page","link":"https:\/\/racine.gatoux.com\/lmdr\/index.php\/dynamique-ou-statique\/","title":{"rendered":"Dynamique ou Statique ?"},"content":{"rendered":"<h2>Le concept est simple !<\/h2>\n<p>La notion de routage dynamique ou statique illustre la mani\u00e8re dont une table de routage d&rsquo;un routeur est construite. Il existe deux grandes m\u00e9thodes :<\/p>\n<ul>\n<li><strong>le routage statique<\/strong> : un administrateur r\u00e9seau va initialiser \u00e0 la main toutes les tables de routage des routeurs du r\u00e9seau. Il \u00e9tablit au pr\u00e9alable une politique de routage puis va saisir sur chaque routeur les \u00ab\u00a0entr\u00e9es\u00a0\u00bb que nous avons d\u00e9crites pr\u00e9c\u00e9demment.<\/li>\n<li><strong>le routage dynamique<\/strong> : les routeurs vont se d\u00e9brouiller tous seuls pour construire leurs tables de routage. Ils vont discuter entre-eux gr\u00e2ce \u00e0 des protocoles, <strong>les fameux protocoles de routage<\/strong>. On pourrait penser qu&rsquo;il n&rsquo;y a plus rien \u00e0 faire pour l&rsquo;administrateur ! Heu &#8230; Pas vraiment ! C&rsquo;est un peu comme Windows, c&rsquo;est \u00ab\u00a0plug and play\u00a0\u00bb, mais rien ne vaut un peu de mati\u00e8re grise et des petits doigts agiles derri\u00e8re !<\/li>\n<\/ul>\n<h2>Mais le choix est complexe !<\/h2>\n<p>J&rsquo;en vois dans le fond qui ricanent et classifie les administrateurs comme courageux s&rsquo;ils impl\u00e9mentent un routage statique (<em>ou fous selon les cas !<\/em>) et comme fain\u00e9ants (<em>ou avis\u00e9 selon les cas<\/em>) s&rsquo;ils impl\u00e9mentent un routage dynamique ! En v\u00e9rit\u00e9 cela n&rsquo;a pas grand chose \u00e0 voir ! Pour faire un choix, il faut prendre en compte quelques crit\u00e8res. Ce chapitre rel\u00e8ve plus de la conception de r\u00e9seau que d&rsquo;une explication sur les diff\u00e9rences techniques entre les deux m\u00e9thodes, pour la simple raison que sur un plan technique tout a \u00e9t\u00e9 dit dans le paragraphe pr\u00e9c\u00e9dent. Il est plus int\u00e9ressant d&rsquo;\u00e9tudier les facteurs qui peuvent amener \u00e0 un choix plut\u00f4t qu&rsquo;\u00e0 un autre &#8230;<\/p>\n<h3>Quelle taille fait le r\u00e9seau ?<\/h3>\n<p style=\"padding-left: 30px;\">Pour un r\u00e9seau de grande taille il semblerait plus judicieux de mettre en place un routage dynamique qui \u00e9vite de devoir initialiser les tables de routage de chaque routeur. Cependant il sera tout de m\u00eame n\u00e9cessaire d&rsquo;initialiser les protocoles de routage ! Au-del\u00e0 de l&rsquo;initialisation, l&rsquo;avantage est surtout que si le r\u00e9seau change de topologie (suppression, d\u00e9placement ou ajout de sites ou r\u00e9seaux IP), il ne sera pas n\u00e9cessaire de remanier toutes les tables de routage.<\/p>\n<h3>Est-il n\u00e9cessaire qu&rsquo;un site distant sache si un autre site n&rsquo;est plus pr\u00e9sent ? Quels sont les d\u00e9bits des liens ?<\/h3>\n<p style=\"padding-left: 30px;\"><img loading=\"lazy\" decoding=\"async\" class=\"size-full wp-image-499 alignleft\" src=\"http:\/\/www.gatoux.com\/wp-content\/uploads\/2017\/04\/S3P4I2.gif\" alt=\"\" width=\"449\" height=\"272\" \/>Il est \u00e9galement possible de <strong>minimiser la bande passante utilis\u00e9e pour rien<\/strong> : en effet, avec un routage dynamique, si un site devient inaccessible, l&rsquo;information est remont\u00e9e dans le r\u00e9seau vers tous les autres sites. Ceux-ci n&rsquo;\u00e9mettront plus de paquets vers ce site jusqu&rsquo;\u00e0 ce qu&rsquo;ils re\u00e7oivent une information selon laquelle le site est de nouveau op\u00e9rationnel. Dans un routage statique, l&rsquo;information n&rsquo;\u00e9tant pas remont\u00e9e, les sites continuent d&rsquo;\u00e9mettre pour le site hors service, les paquets utilisent la bande passante du r\u00e9seau pour ne finalement pas aboutir !<\/p>\n<p style=\"padding-left: 30px;\">Quand les liens d&rsquo;interconnexion des routeurs pr\u00e9sentent des bandes passantes restreintes ont pourrait donc \u00eatre tent\u00e9 de mettre en place un routage dynamique pour s&rsquo;affranchir de ce probl\u00e8me.<\/p>\n<p style=\"padding-left: 30px;\"><strong>Mais attention<\/strong>, ce gain apparent sur la bande passante est un leurre ! Car les protocoles de routage g\u00e9n\u00e9rent eux-m\u00eames du trafic ! En effet pour construire leurs tables de routage, ils \u00e9mettent des mises \u00e0 jour (<strong>updates<\/strong>). Ces \u00ab\u00a0<strong>updates<\/strong>\u00a0\u00bb utilisent une bande passante en continu dans le r\u00e9seau. Alors ? Vaut-il mieux utiliser abusivement mais occasionnellement la bande passante en cas de d\u00e9faut d&rsquo;un site, ou utiliser cette bande passante en continu par les protocoles de routage ? <em>J&rsquo;entends des neurones qui s&rsquo;entre-choquent et des dents qui claquent &#8230;<\/em><\/p>\n<p style=\"padding-left: 30px;\">Par exp\u00e9rience, il est plus p\u00e9nalisant pour la bande passante d&rsquo;impl\u00e9menter un protocole de routage que de mettre en place un routage statique. Donc si vous avez de tr\u00e8s petites bandes passantes (de moins en moins fr\u00e9quents depuis la chute impressionante du prix du Kilo bits par secondes) mettez en place un routage statique.<\/p>\n<p style=\"padding-left: 30px;\">Mais la bande passante n&rsquo;est pas l&rsquo;argument le plus pertinent &#8230;<\/p>\n<h3>Quel type de support utilise le r\u00e9seau ?<\/h3>\n<p style=\"padding-left: 30px;\">Voici une vraie, bonne question ! Votre r\u00e9seau utilise-t-il un support de type RNIS ou r\u00e9seau commut\u00e9 factur\u00e9 \u00e0 la dur\u00e9e ? Utilise-t-il un r\u00e9seau support de type X25, factur\u00e9 au volume ? Si votre r\u00e9seau utilise ce type de support, vous avez tout int\u00e9r\u00eat \u00e0 mettre en place un routage statique. En effet, nous avons signal\u00e9 que les protocoles de routage dynamique \u00e9mettent des updates en continu (<em>en fait ils \u00e9mettent des mises \u00e0 jour \u00e0 intervalles r\u00e9guliers, appel\u00e9s Hello-time<\/em>). Vous risquez donc d&rsquo;activer les connexions de vos supports commut\u00e9s pour \u00e9couler ces updates, ou d&rsquo;\u00e9mettre des paquets X25 v\u00e9hiculant ces updates. Dans les deux cas vous serez factur\u00e9 (<em>\u00e0 la dur\u00e9e ou au volume<\/em>) et la facture risque d&rsquo;\u00eatre tr\u00e8s lourde \u00e0 la sortie.<\/p>\n<p style=\"padding-left: 30px;\">Par contre dans le cas de support dits permanents (<em>LL, r\u00e9seaux LAN, satellites, etc<\/em>.) cette contrainte n&rsquo;appara\u00eet pas.<\/p>\n<h3>Quelle est la topologie g\u00e9n\u00e9rale du r\u00e9seau ?<\/h3>\n<p>Il existe diff\u00e9rentes mani\u00e8res de construire un r\u00e9seau. La conception doit prendre en compte :<\/p>\n<ul>\n<li><strong>des crit\u00e8res techniques<\/strong> : obligation d&rsquo;interconnexion directe des sites, d\u00e9bits n\u00e9cessaires pour les applications, position des serveurs et des clients, d\u00e9lais de transit maximum support\u00e9s par les applications, capacit\u00e9 d&rsquo;\u00e9volution, etc.<\/li>\n<li><strong>des crit\u00e8res de qualit\u00e9 de service<\/strong> : disponibilit\u00e9 globale du r\u00e9seau, disponibilit\u00e9 des sites, options de secours, d\u00e9lais de rel\u00e8ve en cas de d\u00e9rangement, capacit\u00e9 de reconfiguration, etc.<\/li>\n<li>des crit\u00e8res financiers : co\u00fbt de revient du r\u00e9seau (<em>installation et co\u00fbts r\u00e9curents<\/em>), co\u00fbts d&rsquo;exploitation et maintenance \u00e9ventuels (<em>souvent inclus dans le r\u00e9curent du fournisseur<\/em>), co\u00fbts des \u00e9volutions (<em>modification, ajo\u00fbts de sites<\/em>), etc.<\/li>\n<li><strong>et d&rsquo;autres crit\u00e8res plus subjectifs<\/strong> comme : la technologie support (<em>cot\u00e9 high-tech auquel sont parfois sensibles certains clients<\/em>), une volont\u00e9 politique visant, par exemple \u00e0 placer le site central \u00e0 un endroit plut\u00f4t qu&rsquo;\u00e0 un autre, etc.<\/li>\n<\/ul>\n<p><img loading=\"lazy\" decoding=\"async\" class=\"size-full wp-image-233 alignleft\" src=\"http:\/\/www.gatoux.com\/wp-content\/uploads\/2017\/04\/HUBSPOKE.gif\" alt=\"\" width=\"229\" height=\"160\" \/><img loading=\"lazy\" decoding=\"async\" class=\"alignnone size-full wp-image-232 aligncenter\" src=\"http:\/\/www.gatoux.com\/wp-content\/uploads\/2017\/04\/HIERARCHIQUE.gif\" alt=\"\" width=\"322\" height=\"187\" \/><\/p>\n<p style=\"padding-left: 30px;\">Ces diff\u00e9rents crit\u00e8res vont influencer la conception et vont d\u00e9terminer la topologie du r\u00e9seau. On abouti g\u00e9n\u00e9ralement \u00e0 quatre formes principales :<\/p>\n<ul>\n<li style=\"padding-left: 30px;\">\n<div><strong>la topologie \u00ab\u00a0hub and spoke\u00a0\u00bb<\/strong> : tous les sites secondaires sont interconnect\u00e9s \u00e0 un site central de concentration qui h\u00e9berge toutes les ressources informatiques.<\/div>\n<\/li>\n<li style=\"padding-left: 30px;\">\n<div><\/div>\n<div><strong>la topologie \u00ab\u00a0hi\u00e9rarchique\u00a0\u00bb<\/strong> : les sites sont classifi\u00e9s en plusieurs cat\u00e9gories ou niveaux. Le r\u00e9seau pr\u00e9sente des points de concentration interm\u00e9diaires. Par exemple, une banque va regrouper toutes ses agences r\u00e9gionales sur une direction r\u00e9gionale, puis ces directions seront elles-m\u00eames concentr\u00e9es sur un site central national. Pour un r\u00e9seau international ces diff\u00e9rents sites centraux nationaux pourraient \u00e9galement \u00eatre concentr\u00e9s sur un site international, etc.<\/div>\n<\/li>\n<\/ul>\n<p><img loading=\"lazy\" decoding=\"async\" class=\"size-full wp-image-206 alignleft\" src=\"http:\/\/www.gatoux.com\/wp-content\/uploads\/2017\/04\/BACKBONE.gif\" alt=\"\" width=\"341\" height=\"194\" \/><\/p>\n<p>&nbsp;<\/p>\n<div><strong><img loading=\"lazy\" decoding=\"async\" class=\"size-full wp-image-200 aligncenter\" src=\"http:\/\/www.gatoux.com\/wp-content\/uploads\/2017\/04\/ANY2ANY.gif\" alt=\"\" width=\"196\" height=\"211\" \/><\/strong><\/div>\n<div><\/div>\n<p>&nbsp;<\/p>\n<ul>\n<li><strong>la topologie \u00ab\u00a0backbone\u00a0\u00bb<\/strong> : on cr\u00e9e un r\u00e9seau d&rsquo;interconnexion central entre diff\u00e9rents sites principaux. Les sites sont maill\u00e9s entre-eux et forment un noyau central \u00e0 haute disponibilit\u00e9 et souvent \u00e0 haut d\u00e9bit, le \u00ab\u00a0backbone\u00a0\u00bb. Ce sont g\u00e9n\u00e9ralement des sites importants (<em>usines de production, centres de facturation, centre d&rsquo;appels, entrep\u00f4ts importants, centre de traitement informatique, etc<\/em>.). Puis les sites de moindre importance mais tr\u00e8s nombreux (<em>agences commerciales de proximit\u00e9, points de distribution quelconque comme les distributeurs de billets bancaire, magasins, etc<\/em>.) sont raccord\u00e9s au r\u00e9seau \u00ab\u00a0backbone\u00a0\u00bb sur des points d&rsquo;entr\u00e9es que l&rsquo;on appelera parfois des PoP (<em>Point of Presence<\/em>).<\/li>\n<\/ul>\n<p>&nbsp;<\/p>\n<ul>\n<li><strong>la topologie \u00ab\u00a0any to any\u00a0\u00bb ou \u00ab\u00a0full-meshed\u00a0\u00bb<\/strong> : tous les sites se voient entre-eux directement. Il n&rsquo;existe pas de r\u00e9els points de concentration. Cette topologie est tr\u00e8s performante et tr\u00e8s co\u00fbteuse, mais ce n&rsquo;est pas ici le sujet. Donc un site peut atteindre n&rsquo;importe quel site du r\u00e9seau directement, il existe une route pour chaque site depuis chaque site.<\/li>\n<\/ul>\n<p>&nbsp;<\/p>\n<p style=\"padding-left: 30px;\">Selon la topologie retenue, la m\u00e9thode de routage pourra varier :<\/p>\n<ul>\n<li style=\"list-style-type: none;\">\n<ul>\n<li><strong>les topologies \u00ab\u00a0hub and spoke\u00a0\u00bb et \u00ab\u00a0hi\u00e9rarchique\u00a0\u00bb<\/strong> se pr\u00eatent assez bien \u00e0 un routage statique, dans le sens ou un site distant n&rsquo;a finalement qu&rsquo;une route possible vers un site de concentration pour atteindre un autre site.<\/li>\n<li><strong>pour les topologies \u00ab\u00a0any to any\u00a0\u00bb ou \u00ab\u00a0full-meshed\u00a0\u00bb<\/strong> un routage dynamique est plus adapt\u00e9 car il \u00e9vite de devoir d\u00e9clarer au sein de chaque routeur tous les autres sites existants. Lorsqu&rsquo;on ajoute ou retire un site il est automatiquement d\u00e9clar\u00e9 ou retir\u00e9 des tables de routage des routeurs des autres sites.<\/li>\n<li><strong>la topologie \u00ab\u00a0backbone\u00a0\u00bb est \u00e0 la fronti\u00e8re<\/strong> : le noyau central profitera sans doute d&rsquo;un routage dynamique qui permettra une reconfiguration automatique du \u00ab\u00a0backbone\u00a0\u00bb en fonction de la charge ou de l&rsquo;indisponibilit\u00e9 de certains liens. Les sites distants (<em>dits capillaires ou p\u00e9riph\u00e9riques<\/em>) seront programm\u00e9s en routage statique car ils n&rsquo;ont qu&rsquo;un point possible de sortie, leur point de raccordement au \u00ab\u00a0<strong>backbone<\/strong>\u00ab\u00a0.<\/li>\n<\/ul>\n<\/li>\n<\/ul>\n<p style=\"padding-left: 30px;\">La topologie du r\u00e9seau est donc un crit\u00e8re tr\u00e8s important pour d\u00e9terminer si le routage doit \u00eatre dynamique ou statique.<\/p>\n<h3>Performances et capacit\u00e9s des routeurs ?<\/h3>\n<p style=\"padding-left: 30px;\">Ce dernier point peut influer sur le choix du routage. En effet dans les r\u00e9seaux de grande taille il y a beaucoup de r\u00e9seaux IP d\u00e9clar\u00e9s. Un r\u00e9seau IP correspond \u00e0 une destination et donc \u00e0 une entr\u00e9e dans une table de routage.<\/p>\n<p style=\"padding-left: 30px;\">Dans le cas d&rsquo;un routage dynamique, la table est construite sur les informations re\u00e7ues par le routeur dans les \u00ab\u00a0updates\u00a0\u00bb \u00e9mis par d&rsquo;autres routeurs. A r\u00e9ception de ces mises \u00e0 jour, le routeur compile et interpr\u00e8te les informations, calcule les routes, cr\u00e9e une base de donn\u00e9es interne et en extrait une table de routage. Ces op\u00e9rations mobilisent donc des ressources m\u00e9moires et CPU dans le routeur. Plus le r\u00e9seau est grand plus il faudra de ressources \u00e0 chaque routeur. En fait un routeur aura une limite de table de routage en fonction de son dimensionnement m\u00e9moire et de ses capacit\u00e9s de traitement.<\/p>\n<p style=\"padding-left: 30px;\">Dans le cas d&rsquo;un r\u00e9seau en topologie \u00ab\u00a0backbone\u00a0\u00bb, comme d\u00e9crit pr\u00e9c\u00e9demment, on peut concevoir que les routeurs du \u00ab\u00a0backbone\u00a0\u00bb soient de type haut de gamme et pr\u00e9sentent donc des performances suffisantes. Mais il serait inconcevable d&rsquo;installer de tels routeurs pour les sites p\u00e9riph\u00e9riques, le co\u00fbt du r\u00e9seau serait prohibitif. On installera donc des routeurs plus petits et on impl\u00e9mentera un routage statique en direction du \u00ab\u00a0backbone\u00a0\u00bb.<\/p>\n<h2>Pr\u00e9conisations qui n&rsquo;engagent que moi !<\/h2>\n<p>Chaque r\u00e9seau est un cas ! J&rsquo;ai ici list\u00e9 quelques grandes lignes mais il y en a encore beaucoup d&rsquo;autres. Par exemple, pour mettre en oeuvre certains m\u00e9canismes d&rsquo;encapsulation ou de secours vous serez \u00e9galement peut-\u00eatre oblig\u00e9 de mettre en place un routage dynamique. Mais puisque j&rsquo;ai pris le risque de vous tracer quelques pistes de r\u00e9flexion, autant continuer en vous proposant quelques pr\u00e9conisations :<\/p>\n<ul>\n<li>La plus importante : <strong>Essayez, tant que possible, de mettre en place du routage statique<\/strong>. Le dynamique est au final souvent plus lourd et sournois \u00e0 g\u00e9rer qu&rsquo;un bon routage statique.<\/li>\n<li><strong>Un bon plan de routage, c&rsquo;est d&rsquo;abord un bon plan d&rsquo;adressage<\/strong> ! Si vous avez su cr\u00e9er un plan d&rsquo;adressage coh\u00e9rent (r\u00e9seau et sous-r\u00e9seau) qui permette d&rsquo;agr\u00e9ger les adresses en fonction de zones dans le r\u00e9seau (notamment dans le cas d&rsquo;une topologie hi\u00e9rarchique), vous vous simplifiez la vie pour la mise en place d&rsquo;un routage statique. Une entr\u00e9e statique dans un routeur pourra d\u00e9signer un ensemble de r\u00e9seaux, vous limitez donc le nombre d&rsquo;entr\u00e9es dans les tables de routage, et c&rsquo;est tr\u00e8s bien !<\/li>\n<li><strong>Une politique de routage peut \u00eatre mixte dans un r\u00e9seau<\/strong>, ne l&rsquo;oubliez pas ! Une partie peut \u00eatre en dynamique, l&rsquo;autre en statique. Privil\u00e9giez le statique sur la p\u00e9riph\u00e9rie du r\u00e9seau o\u00f9 sont plac\u00e9s des routeurs d&rsquo;entr\u00e9e de gamme, et impl\u00e9mentez sur les zones sensibles vraisemblablement maill\u00e9es un routage dynamique.<\/li>\n<li><strong>Essayez au maximum d&rsquo;utiliser la route par d\u00e9faut statique.<\/strong> Cette technique permet en une seule entr\u00e9e dans la table de routage d&rsquo;un routeur de r\u00e9sumer toutes les routes ! Par exemple, lorsqu&rsquo;un routeur n&rsquo;a qu&rsquo;un point de sortie possible (pas de maillage) comme c&rsquo;est souvent le cas pour les routeurs d&rsquo;agences en p\u00e9riph\u00e9rie de r\u00e9seau, une route par d\u00e9faut vers son point de sortie (ou son point d&rsquo;entr\u00e9e dans le r\u00e9seau \u00ab\u00a0backbone\u00a0\u00bb, comme vous voulez !) est tout \u00e0 fait judicieuse.<\/li>\n<\/ul>\n<p>En r\u00e9sum\u00e9, n&rsquo;utilisez le routage dynamique que lorsqu&rsquo;il est absolument indispensable, car :<\/p>\n<ul>\n<li><strong>un protocole de routage g\u00e9n\u00e9re du trafic suppl\u00e9mentaire<\/strong> qui peut ne pas \u00eatre n\u00e9gligeable selon le protocole utilis\u00e9 et la taille des tables de routage.<\/li>\n<li><strong>un protocole de routage oblige parfois \u00e0 surdimensionner les routeurs<\/strong> (versions logicielles, m\u00e9moires, gammes de routeurs) par rapport \u00e0 une solution statique<\/li>\n<li><strong>un routage dynamique est parfois difficile \u00e0 contr\u00f4ler<\/strong> notamment lorsque l&rsquo;on veut mettre en place des solutions de filtrages pour rendre certaines parties du r\u00e9seau inacessible \u00e0 d&rsquo;autres. Alors qu&rsquo;en statique il suffit de ne pas d\u00e9clarer aupr\u00e8s de certains routeurs, les r\u00e9seaux qu&rsquo;ils n&rsquo;ont pas le droit de voir.<\/li>\n<\/ul>\n<p>Par contre, utilisez un routage dynamique, si vous souhaitez :<\/p>\n<ul>\n<li><strong>r\u00e9aliser un partage de charge<\/strong> entre diff\u00e9rentes routes dans votre r\u00e9seau<\/li>\n<li><strong>mettre en place une architecture \u00ab\u00a0any to any\u00a0\u00bb<\/strong> o\u00f9 chaque site conna\u00eet tous les autres sites<\/li>\n<li><strong>mettre en place un r\u00e9seau \u00ab\u00a0plug and play\u00a0\u00bb<\/strong>, qui permet d&rsquo;imm\u00e9diatement informer tous les autres sites du rajo\u00fbt ou du retrait d&rsquo;un site dans le r\u00e9seau<\/li>\n<li><strong>mettre en place certaines solutions de secours<\/strong><\/li>\n<\/ul>\n<h2>Conclusion du chapitre<\/h2>\n<p>Pas si simple n&rsquo;est-ce pas ? Le concept \u00ab\u00a0<strong>statique \/ dynamique<\/strong>\u00a0\u00bb n&rsquo;est pas complexe, mais pour faire un choix, un peu d&rsquo;exp\u00e9rience est n\u00e9cessaire ! Ce chapitre ne pr\u00e9sente pas de r\u00e9elles difficult\u00e9s techniques et peut sembler un peu long pour un concept aussi simple, mais c&rsquo;\u00e9tait l&rsquo;occasion r\u00eav\u00e9 pour \u00ab\u00a0d\u00e9coller\u00a0\u00bb de la gangue technique et aborder les choses d&rsquo;un point de vue conceptuel. <em>J&rsquo;esp\u00e8re que vous vous \u00eates \u00e9clat\u00e9 !<\/em><\/p>\n<p>Dans le chapitre suivant, nous allons continuer un peu sur la voie du concept en abordant les notions \u00ab\u00a0<em>fumeuses<\/em>\u00a0\u00bb de routage interne et externe &#8230; Courage ce n&rsquo;est pas si dur &#8230;<\/p>\n<h5 align=\"center\"><a href=\"http:\/\/www.gatoux.com\/index.php\/bases-indispensables\/\">Page Pr\u00e9c\u00e9dente<\/a> | <a href=\"http:\/\/www.gatoux.com\/index.php\/igp-egp-et-as\/\">Page Suivante<\/a><\/h5>\n","protected":false},"excerpt":{"rendered":"<p>Le concept est simple ! La notion de routage dynamique ou statique illustre la mani\u00e8re dont une table de routage d&rsquo;un routeur est construite. Il existe deux grandes m\u00e9thodes : le routage statique : un administrateur r\u00e9seau va initialiser \u00e0 la main toutes les tables de routage des routeurs du r\u00e9seau. Il \u00e9tablit au pr\u00e9alable\u2026 <span class=\"read-more\"><a href=\"https:\/\/racine.gatoux.com\/lmdr\/index.php\/dynamique-ou-statique\/\">Lire la suite &raquo;<\/a><\/span><\/p>\n","protected":false},"author":1,"featured_media":0,"parent":0,"menu_order":34,"comment_status":"closed","ping_status":"closed","template":"page-templates\/full-width.php","meta":{"_exactmetrics_skip_tracking":false,"_exactmetrics_sitenote_active":false,"_exactmetrics_sitenote_note":"","_exactmetrics_sitenote_category":0,"footnotes":""},"class_list":["post-468","page","type-page","status-publish","hentry"],"_links":{"self":[{"href":"https:\/\/racine.gatoux.com\/lmdr\/index.php\/wp-json\/wp\/v2\/pages\/468","targetHints":{"allow":["GET"]}}],"collection":[{"href":"https:\/\/racine.gatoux.com\/lmdr\/index.php\/wp-json\/wp\/v2\/pages"}],"about":[{"href":"https:\/\/racine.gatoux.com\/lmdr\/index.php\/wp-json\/wp\/v2\/types\/page"}],"author":[{"embeddable":true,"href":"https:\/\/racine.gatoux.com\/lmdr\/index.php\/wp-json\/wp\/v2\/users\/1"}],"replies":[{"embeddable":true,"href":"https:\/\/racine.gatoux.com\/lmdr\/index.php\/wp-json\/wp\/v2\/comments?post=468"}],"version-history":[{"count":5,"href":"https:\/\/racine.gatoux.com\/lmdr\/index.php\/wp-json\/wp\/v2\/pages\/468\/revisions"}],"predecessor-version":[{"id":511,"href":"https:\/\/racine.gatoux.com\/lmdr\/index.php\/wp-json\/wp\/v2\/pages\/468\/revisions\/511"}],"wp:attachment":[{"href":"https:\/\/racine.gatoux.com\/lmdr\/index.php\/wp-json\/wp\/v2\/media?parent=468"}],"curies":[{"name":"wp","href":"https:\/\/api.w.org\/{rel}","templated":true}]}}