{"id":543,"date":"2017-04-29T16:52:44","date_gmt":"2017-04-29T14:52:44","guid":{"rendered":"http:\/\/www.gatoux.com\/?page_id=543"},"modified":"2017-05-03T17:02:24","modified_gmt":"2017-05-03T15:02:24","slug":"reseaux-mutualises","status":"publish","type":"page","link":"https:\/\/racine.gatoux.com\/lmdr\/index.php\/reseaux-mutualises\/","title":{"rendered":"Mutualisation"},"content":{"rendered":"<p><strong>&#8211; Date de cr\u00e9ation du cours : <span style=\"color: #ff0000;\">D\u00e9cembre 2002<\/span><br \/>\n&#8211; Derni\u00e8re mise \u00e0 jour : <span style=\"color: #ff0000;\">F\u00e9vrier 2003<\/span><\/strong><\/p>\n<p>Dans les cours IP et Routage, toutes les interconnexions pr\u00e9sent\u00e9es \u00e9taient de type \u00ab\u00a0<strong>point \u00e0 point<\/strong>\u00ab\u00a0. Pour des raisons de simplification nous supposions que les routeurs \u00e9taient raccord\u00e9s par des liaisons lou\u00e9es. Beaucoup de r\u00e9seaux ont utilis\u00e9 ce principe et nombre d&rsquo;entre-eux existent encore sous cette forme. Mais si cette logique est acceptable \u00e9conomiquement pour des interconnexions de faibles distances, il en va autrement lorsque les distances s&rsquo;allongent ou lorsque le nombre de sites se multiplient.<\/p>\n<p>La construction de r\u00e9seaux complexes et \u00e9tendus sur la base de liaisons lou\u00e9es d\u00e9di\u00e9es pose deux probl\u00e8mes :<\/p>\n<ul>\n<li><strong>un probl\u00e8me \u00e9conomique<\/strong> : ce sont des <strong>r\u00e9seaux chers<\/strong> en regard du nombre de liaisons lou\u00e9es (et de leur prix) \u00e0 cr\u00e9er et \u00e0 maintenir. Ceci am\u00e8ne d&rsquo;ailleurs souvent les concepteurs \u00e0 mettre en place des artifices comme la concentration r\u00e9gionale de sites (<em>rappelez-vous le concept de<\/em> \u00ab\u00a0Topologie hi\u00e9rarchique\u00a0\u00bb <em>dans le <a href=\"http:\/\/www.gatoux.com\/index.php\/dynamique-ou-statique\/\">chapitre 2<\/a> du cours<\/em> \u00ab\u00a0<strong>Routage niveau 1<\/strong>\u00ab\u00a0).<\/li>\n<li><strong>un probl\u00e8me technique<\/strong> : ce type de topologie pr\u00e9sente de <strong>grosses contraintes en terme d&rsquo;\u00e9volution<\/strong>. Lorsqu&rsquo;il s&rsquo;agit d&rsquo;ajouter, retirer ou d\u00e9m\u00e9nager un site ou encore de monter en d\u00e9bit il est souvent n\u00e9cessaire de revoir toute une partie du r\u00e9seau, et ces modifications engendrent des co\u00fbts non n\u00e9gligeables. <em>Et Hop ! On revient au premier probl\u00e8me ! C&rsquo;est connu, en ce bas monde : Si tout \u00e9tait gratuit, nous aurions beaucoup moins de probl\u00e8me.<\/em><\/li>\n<\/ul>\n<p>En cons\u00e9quence, depuis longtemps les conceptions de r\u00e9seaux privil\u00e9gient nettement l&rsquo;utilisation de <strong>r\u00e9seaux mutualis\u00e9s<\/strong>, aussi commun\u00e9ment appel\u00e9s \u00ab\u00a0<strong>R\u00e9seaux partag\u00e9s<\/strong>\u00ab\u00a0, chaque fois que cela est possible. Le principe est simple : <strong>Un m\u00eame r\u00e9seau, et bien s\u00fbr les supports aff\u00e9rents, sont partag\u00e9s entre diff\u00e9rents entreprises<\/strong>. Ceci permet de <strong>rentabiliser le prix du support<\/strong>, en optimisant leur utilisation. De plus, ces r\u00e9seaux permettent, dans la plupart des cas, <strong>une plus grande souplesse en terme d&rsquo;\u00e9volution<\/strong>.<\/p>\n<p>Ce cours a pour objet donc de vous pr\u00e9senter le concept de mutualisation : Pourquoi est-ce possible ? Comment est-ce possible ? Ce cours vous permettra d&rsquo;aborder les prochains concepts de routage comme le partage de charge ou la s\u00e9curisation des acc\u00e8s dans les cours suivants. J&rsquo;aborde donc ici de mani\u00e8re g\u00e9n\u00e9rique les principes et contraintes de la mutualisation en g\u00e9n\u00e9ral :<\/p>\n<ul>\n<li>Le premier chapitre s&rsquo;attache \u00e0 <strong>pr\u00e9senter la notion de r\u00e9seau partag\u00e9 et les topologies physiques et logiques associ\u00e9es<\/strong>. Nous aborderons \u00e9galement le point de vue de l&rsquo;op\u00e9rateur de t\u00e9l\u00e9communications dans ce contexte.<\/li>\n<li>Le deuxi\u00e8me chapitre explique pourquoi le partage de support est possible en regard du mode de fonctionnement des applications informatiques. Vous y d\u00e9couvrirez <strong>les diff\u00e9rents mod\u00e8les de trafic en fonction des types d&rsquo;applications<\/strong> et l&rsquo;impact sur l&rsquo;utilisation de la bande passante.<\/li>\n<li>Le troisi\u00e8me et long chapitre pr\u00e9sente <strong>les techniques possibles pour g\u00e9rer le probl\u00e8me le plus direct de la mutualisation : la charge et la congestion<\/strong>. Un chapitre difficile et tr\u00e8s long \u00e0 \u00e9crire, qui se base sur mon exp\u00e9rience du domaine mais qui pourra probablement amener \u00e0 de belles controverses ! N&rsquo;h\u00e9sitez pas !<\/li>\n<\/ul>\n<p>Joyeuses f\u00eates \u00e0 tous, bonne lecture et n&rsquo;h\u00e9sitez pas \u00e0 m&rsquo;envoyer vos remarques ou \u00e0 inscrire vos avis dans le livre d&rsquo;or !<\/p>\n<h5 align=\"center\"><span style=\"font-family: Arial,Helvetica,sans-serif; font-size: small;\"><a href=\"http:\/\/www.gatoux.com\/index.php\/sommaire-reseaux-mutualises\/\">Sommaire<\/a><\/span><\/h5>\n<p>&nbsp;<\/p>\n","protected":false},"excerpt":{"rendered":"<p>&#8211; Date de cr\u00e9ation du cours : D\u00e9cembre 2002 &#8211; Derni\u00e8re mise \u00e0 jour : F\u00e9vrier 2003 Dans les cours IP et Routage, toutes les interconnexions pr\u00e9sent\u00e9es \u00e9taient de type \u00ab\u00a0point \u00e0 point\u00ab\u00a0. Pour des raisons de simplification nous supposions que les routeurs \u00e9taient raccord\u00e9s par des liaisons lou\u00e9es. Beaucoup de r\u00e9seaux ont utilis\u00e9 ce\u2026 <span class=\"read-more\"><a href=\"https:\/\/racine.gatoux.com\/lmdr\/index.php\/reseaux-mutualises\/\">Lire la suite &raquo;<\/a><\/span><\/p>\n","protected":false},"author":1,"featured_media":0,"parent":0,"menu_order":41,"comment_status":"closed","ping_status":"closed","template":"","meta":{"_exactmetrics_skip_tracking":false,"_exactmetrics_sitenote_active":false,"_exactmetrics_sitenote_note":"","_exactmetrics_sitenote_category":0,"footnotes":""},"class_list":["post-543","page","type-page","status-publish","hentry"],"_links":{"self":[{"href":"https:\/\/racine.gatoux.com\/lmdr\/index.php\/wp-json\/wp\/v2\/pages\/543","targetHints":{"allow":["GET"]}}],"collection":[{"href":"https:\/\/racine.gatoux.com\/lmdr\/index.php\/wp-json\/wp\/v2\/pages"}],"about":[{"href":"https:\/\/racine.gatoux.com\/lmdr\/index.php\/wp-json\/wp\/v2\/types\/page"}],"author":[{"embeddable":true,"href":"https:\/\/racine.gatoux.com\/lmdr\/index.php\/wp-json\/wp\/v2\/users\/1"}],"replies":[{"embeddable":true,"href":"https:\/\/racine.gatoux.com\/lmdr\/index.php\/wp-json\/wp\/v2\/comments?post=543"}],"version-history":[{"count":4,"href":"https:\/\/racine.gatoux.com\/lmdr\/index.php\/wp-json\/wp\/v2\/pages\/543\/revisions"}],"predecessor-version":[{"id":583,"href":"https:\/\/racine.gatoux.com\/lmdr\/index.php\/wp-json\/wp\/v2\/pages\/543\/revisions\/583"}],"wp:attachment":[{"href":"https:\/\/racine.gatoux.com\/lmdr\/index.php\/wp-json\/wp\/v2\/media?parent=543"}],"curies":[{"name":"wp","href":"https:\/\/api.w.org\/{rel}","templated":true}]}}