{"id":545,"date":"2017-04-29T16:53:14","date_gmt":"2017-04-29T14:53:14","guid":{"rendered":"http:\/\/www.gatoux.com\/?page_id=545"},"modified":"2017-05-03T17:01:48","modified_gmt":"2017-05-03T15:01:48","slug":"sommaire-reseaux-mutualises","status":"publish","type":"page","link":"https:\/\/racine.gatoux.com\/lmdr\/index.php\/sommaire-reseaux-mutualises\/","title":{"rendered":"Sommaire Mutualisation"},"content":{"rendered":"<p><strong>Chapitre 1<\/strong> : <a href=\"http:\/\/www.gatoux.com\/index.php\/principe-de-mutualisation\/\">Le principe de mutualisation <\/a>(ou de partage !)<\/p>\n<blockquote dir=\"ltr\"><p>On verra ici que finalement c&rsquo;est pas bien nouveau et que le partage est bien une question de vue (d&rsquo;ailleurs on parle bien de partage de vue, non ?). Lorsque je cr\u00e9e une interconnexion entre deux sites, est-elle d\u00e9di\u00e9e aux sites ou \u00e0 l&rsquo;entreprise, ou au contraire est-elle partag\u00e9e entre les diff\u00e9rents utilisateurs de chaque site ? Ha ! Ha ! Pas si simple, hein ?<\/p><\/blockquote>\n<p><strong>Chapitre 2<\/strong> : <a href=\"http:\/\/www.gatoux.com\/index.php\/pourquoi-partager\/\">Pourquoi partager ?<\/a><\/p>\n<blockquote dir=\"ltr\"><p>Ce n&rsquo;est pas tr\u00e8s gentil de poser cette question ! Si votre cur\u00e9 de paroisse vous entendait vous seriez ex-communi\u00e9 vite fait, bien fait ! Ici j&rsquo;essaie de vous convaincre que \u00ab\u00a0Partager c&rsquo;est bien !\u00a0\u00bb (surtout pour votre portefeuille !). Et je sais que c&rsquo;est pas facile !<\/p><\/blockquote>\n<p><strong>Chapitre 3<\/strong> : <a href=\"http:\/\/www.gatoux.com\/index.php\/la-congestion\/\">Combattre la congestion &#8230;<\/a><\/p>\n<blockquote dir=\"ltr\"><p>Avec l&rsquo;identification des flux c&rsquo;est un des aspects les plus importants en terme de r\u00e9seaux mutualis\u00e9s. Nous verrons ici ce qu&rsquo;est la congestion (\u00e0 ne pas confondre avec la charge, m\u00eame si &#8230;). Nous verrons quelles sont les techniques susceptibles de nous aider \u00e0 contr\u00f4ler ce ph\u00e9nom\u00e8ne ou pour le moins permettant d&rsquo;en diminuer les effets. Nous aborderons les notions de supports \u00e0 d\u00e9bits variables, \u00e0 d\u00e9bits asym\u00e9triques, la prioritisation ou encore le contr\u00f4le de flux ! Accrochez vous ! Ce n&rsquo;est pas forc\u00e9ment intuitif et le chapitre est tr\u00e8s long, mais passionnant !<\/p><\/blockquote>\n<p><strong>Conclusion<\/strong> : <a href=\"http:\/\/www.gatoux.com\/index.php\/conclusion-reseaux-mutualises\/\"><span style=\"color: #800080;\">C&rsquo;est la fin !<\/span><\/a><\/p>\n<blockquote dir=\"ltr\"><p>C&rsquo;est l\u00e0 qu&rsquo;on se quitte ! Sortez vos mouchoirs !<\/p><\/blockquote>\n<h5 dir=\"ltr\" align=\"center\"><a href=\"http:\/\/www.gatoux.com\/index.php\/reseaux-mutualises\/\">Page Pr\u00e9c\u00e9dente <\/a>| <a href=\"http:\/\/www.gatoux.com\/index.php\/principe-de-mutualisation\/\">Page Suivante<\/a><\/h5>\n","protected":false},"excerpt":{"rendered":"<p>Chapitre 1 : Le principe de mutualisation (ou de partage !) On verra ici que finalement c&rsquo;est pas bien nouveau et que le partage est bien une question de vue (d&rsquo;ailleurs on parle bien de partage de vue, non ?). Lorsque je cr\u00e9e une interconnexion entre deux sites, est-elle d\u00e9di\u00e9e aux sites ou \u00e0 l&rsquo;entreprise,\u2026 <span class=\"read-more\"><a href=\"https:\/\/racine.gatoux.com\/lmdr\/index.php\/sommaire-reseaux-mutualises\/\">Lire la suite &raquo;<\/a><\/span><\/p>\n","protected":false},"author":1,"featured_media":0,"parent":0,"menu_order":42,"comment_status":"closed","ping_status":"closed","template":"page-templates\/full-width.php","meta":{"_exactmetrics_skip_tracking":false,"_exactmetrics_sitenote_active":false,"_exactmetrics_sitenote_note":"","_exactmetrics_sitenote_category":0,"footnotes":""},"class_list":["post-545","page","type-page","status-publish","hentry"],"_links":{"self":[{"href":"https:\/\/racine.gatoux.com\/lmdr\/index.php\/wp-json\/wp\/v2\/pages\/545","targetHints":{"allow":["GET"]}}],"collection":[{"href":"https:\/\/racine.gatoux.com\/lmdr\/index.php\/wp-json\/wp\/v2\/pages"}],"about":[{"href":"https:\/\/racine.gatoux.com\/lmdr\/index.php\/wp-json\/wp\/v2\/types\/page"}],"author":[{"embeddable":true,"href":"https:\/\/racine.gatoux.com\/lmdr\/index.php\/wp-json\/wp\/v2\/users\/1"}],"replies":[{"embeddable":true,"href":"https:\/\/racine.gatoux.com\/lmdr\/index.php\/wp-json\/wp\/v2\/comments?post=545"}],"version-history":[{"count":3,"href":"https:\/\/racine.gatoux.com\/lmdr\/index.php\/wp-json\/wp\/v2\/pages\/545\/revisions"}],"predecessor-version":[{"id":582,"href":"https:\/\/racine.gatoux.com\/lmdr\/index.php\/wp-json\/wp\/v2\/pages\/545\/revisions\/582"}],"wp:attachment":[{"href":"https:\/\/racine.gatoux.com\/lmdr\/index.php\/wp-json\/wp\/v2\/media?parent=545"}],"curies":[{"name":"wp","href":"https:\/\/api.w.org\/{rel}","templated":true}]}}