{"id":547,"date":"2017-04-29T16:53:59","date_gmt":"2017-04-29T14:53:59","guid":{"rendered":"http:\/\/www.gatoux.com\/?page_id=547"},"modified":"2017-04-29T17:20:36","modified_gmt":"2017-04-29T15:20:36","slug":"principe-de-mutualisation","status":"publish","type":"page","link":"https:\/\/racine.gatoux.com\/lmdr\/index.php\/principe-de-mutualisation\/","title":{"rendered":"Principe de mutualisation"},"content":{"rendered":"<p>Je ne vous ferai pas l&rsquo;affront de vous proposer une d\u00e9finition du \u00ab\u00a0partage\u00a0\u00bb ! Je sais que vos convictions chr\u00e9tiennes font de vous des experts dans le domaine. <em>Ceci dit, aucun de vous n&rsquo;a encore partag\u00e9 sa fortune avec moi ! Mais c&rsquo;est vrai ! Il y a une diff\u00e9rence entre \u00ab\u00a0partage\u00a0\u00bb et \u00ab\u00a0obole\u00a0\u00bb !<\/em><\/p>\n<p>En mati\u00e8re de r\u00e9seaux de donn\u00e9es la notion de partage est simple : <strong>Il s&rsquo;agit d&rsquo;optimiser l&rsquo;utilisation des ressources<\/strong> en les r\u00e9partissant entre diff\u00e9rents utilisateurs.<\/p>\n<p>L&rsquo;optimisation \u00e9voqu\u00e9e ici s&rsquo;entend sous au moins deux aspects : le <strong>crit\u00e8re technique<\/strong>, le <strong>crit\u00e8re \u00e9conomique<\/strong>. On parle alors de <strong>rendement<\/strong> (ou pertinence) technico-\u00e9conomique (<em>quelle science j&rsquo;ai, n&rsquo;est ce pas ?<\/em>).<\/p>\n<p>Mais comment d\u00e9finir la limite entre un r\u00e9seau d\u00e9di\u00e9 et un r\u00e9seau partag\u00e9 ?<\/p>\n<p>Encore ici, comme dans le cours \u00ab\u00a0<strong>Mod\u00e8le OSI<\/strong>\u00ab\u00a0, je ferai appel \u00e0 la citation d&rsquo;un de mes anciens coll\u00e8gues (<em>aujourd&rsquo;hui install\u00e9 dans le Sud ! Sale tra\u00eetre !<\/em>) :<\/p>\n<h6><span style=\"color: #ff0000; font-family: Arial,Helvetica,sans-serif; font-size: small;\">Tout d\u00e9pend de l&rsquo;endroit o\u00f9 on se place et de l&rsquo;id\u00e9e qu&rsquo;on s&rsquo;en fait !<\/span><\/h6>\n<h2>La topologie \u00ab\u00a0Point \u00e0 point\u00a0\u00bb &#8230;<\/h2>\n<p><img loading=\"lazy\" decoding=\"async\" class=\"size-full wp-image-255 alignleft\" src=\"http:\/\/www.gatoux.com\/wp-content\/uploads\/2017\/04\/PT2PT.gif\" alt=\"\" width=\"512\" height=\"143\" \/>Sur le sch\u00e9ma ci-contre, un lien unique interconnecte deux routeurs. Ce lien permet de relier deux sites d&rsquo;une m\u00eame entreprise. Sur le site A des ressources applicatives sont livr\u00e9es, par les serveurs, aux utilisateurs du site B.<\/p>\n<p>Les deux routeurs et le lien d&rsquo;interconnexion v\u00e9hiculent donc des donn\u00e9es pour l&rsquo;ensemble des utilisateurs du site B. Du point de vue des utilisateurs, ils se partagent ses ressources. Le lien est mutualis\u00e9. Par contre du point de vue du site A, ce lien et ses routeurs sont d\u00e9di\u00e9s \u00e0 l&rsquo;acc\u00e8s au site B (et inversement pour le site B). Donc du point de vue des sites, le lien est d\u00e9di\u00e9. Du point de vue de l&rsquo;entreprise \u00e9galement, ce lien est d\u00e9di\u00e9 \u00e0 l&rsquo;interconnexion des deux sites.<\/p>\n<p>La seule pr\u00e9occupation ici est de veiller \u00e0 la charge du lien en regard de l&rsquo;augmentation des besoins des utilisateurs du site B. Si la charge augmente, il suffit d&rsquo;augmenter le d\u00e9bit de ce seul lien (et \u00e9ventuellement upgrader les routeurs \u00e9galement). Par contre dans cette logique, si 100 sites doivent acc\u00e9der au site A pour b\u00e9n\u00e9ficier des services applicatifs fournis par les serveurs, il faudra pr\u00e9voir 100 liaisons d\u00e9di\u00e9es et autant d&rsquo;interfaces sur le routeur du site A, ou multiplier les routeurs (<em>ce qui pose des probl\u00e8mes de routage ensuite !!<\/em>). \u00c9conomiquement et techniquement parlant, est-ce rentable (<em>r\u00e9ponse dans le prochain chapitre !<\/em>) ?<\/p>\n<h2>La topologie \u00ab\u00a0Hi\u00e9rarchique\u00a0\u00bb &#8230;<\/h2>\n<p><img loading=\"lazy\" decoding=\"async\" class=\"size-full wp-image-566 alignleft\" src=\"http:\/\/www.gatoux.com\/wp-content\/uploads\/2017\/04\/S4P3I2.gif\" alt=\"\" width=\"540\" height=\"274\" \/>Sur le sch\u00e9ma ci-contre nous mettons en place un point de concentration entre les sites B et C et le site A par le site D. Il appara\u00eet clairement que les liens D-C et D-B sont toujours consid\u00e9r\u00e9s comme partag\u00e9s par les utilisateurs des sites B et C, mais vus comme d\u00e9di\u00e9s aux sites B et C du point de vue de l&rsquo;entreprise.<\/p>\n<p>Par contre le lien A-D est vu par les utilisateurs, les sites et l&rsquo;entreprise comme un lien mutualis\u00e9 pour les sites B et C. Ces deux sites se partagent la bande passante du lien pour acc\u00e9der aux ressources fournies par A. Mais ce lien reste d\u00e9di\u00e9 \u00e0 l&rsquo;entreprise. On peut ici observer six points :<\/p>\n<ul>\n<li><strong>Cette topologie pr\u00e9sente un point de fragilit\u00e9<\/strong> : si le routeur D ou le lien A-D sont HS, deux sites (B et C) sont hors services, contre un seul pr\u00e9c\u00e9demment !<\/li>\n<li><strong>L&rsquo;\u00e9volutivit\u00e9 est plus complexe \u00e0 g\u00e9rer<\/strong> : si les besoins du site B augmentent et pas ceux de C, il est n\u00e9cessaire de monter en d\u00e9bit sur le lien D-B, mais \u00e9galement sur le lien A-D ! C&rsquo;est une double intervention.<\/li>\n<li><strong>Si l&rsquo;entreprise ferme le site B<\/strong>, le lien A-D ne sert plus qu&rsquo;\u00e0 v\u00e9hiculer les donn\u00e9es de C vers A (plus \u00e9ventuellement celles de D vers A). La concentration par D est-elle encore \u00e9conomiquement rentable ? Un lien direct entre A et C serait peut-\u00eatre pr\u00e9f\u00e9rable.<\/li>\n<li><strong>Le cas horrible o\u00f9 le site D d\u00e9m\u00e9nage ou ferme<\/strong> ! Il faut d\u00e9placer ou supprimer trois liaisons (A-D, D-B, D-C).<\/li>\n<li><strong>Cette topologie permet d&rsquo;optimiser l&rsquo;utilisation du lien A-D<\/strong>, son d\u00e9bit n&rsquo;est pas forc\u00e9ment \u00e9gal \u00e0 la somme des d\u00e9bits des liens D-B et D-C. On peut appliquer un principe d&rsquo;utilisation statistique en supposant que les site B et C ne transmettent pas forc\u00e9ment toujours en m\u00eame temps !<\/li>\n<li><strong>On peut raccourcir les distances<\/strong> et donc, souvent, le co\u00fbt des liaisons. Une LL (Liaison Lou\u00e9e) \u00e0 128K pour D-C et une autre \u00e0 64K pour D-B plus une liaison \u00e0 128K pour A-D peuvent suffirent et \u00eatre moins on\u00e9reuses que 2 LL \u00e0 128K directes B-A, C-A !<\/li>\n<\/ul>\n<p>On en conclut ais\u00e9ment que la structure hi\u00e9rarchique peut pr\u00e9senter des avantages en termes financiers mais n&rsquo;est pas forc\u00e9ment la panac\u00e9e en terme d&rsquo;\u00e9volution et de garantie de disponibilit\u00e9 globale du r\u00e9seau !<\/p>\n<h2>La topologie \u00ab\u00a0Backbone\u00a0\u00bb &#8230;<\/h2>\n<p><img loading=\"lazy\" decoding=\"async\" class=\"size-full wp-image-567 alignleft\" src=\"http:\/\/www.gatoux.com\/wp-content\/uploads\/2017\/04\/S4P3I3.gif\" alt=\"\" width=\"540\" height=\"253\" \/>Sur le sch\u00e9ma ci-contre on mets en place un r\u00e9seau central maill\u00e9, sur lequel des sites viennent se connecter. Le \u00ab\u00a0<strong>backbone<\/strong>\u00a0\u00bb central peut disposer d&rsquo;un point d&rsquo;acc\u00e8s par r\u00e9gion qui va concentrer les sites de la r\u00e9gion. Le point d&rsquo;acc\u00e8s est souvent appel\u00e9 <strong>PoP<\/strong> pour <strong>P<\/strong>oint <strong>O<\/strong>f <strong>P<\/strong>resence.<\/p>\n<p>Dans le backbone constitu\u00e9 par l&rsquo;interconnexion des routeurs R3 \u00e0 R6 on peut mettre en place une politique de routage dynamique intelligente qui serait capable :<\/p>\n<ul>\n<li>de <strong>prendre en compte tout nouveau site<\/strong> qui se connecterai \u00e0 un PoP<\/li>\n<li><strong>d&rsquo;assurer un re-routage<\/strong> en cas d&rsquo;indisponibilit\u00e9 d&rsquo;un des liens d&rsquo;interconnexion<\/li>\n<li><strong>d&rsquo;activer un mode de partage de charge<\/strong> entre les diff\u00e9rentes routes possibles afin d&rsquo;optimiser l&rsquo;utilisation des liens (nous reviendrons sur le partage de charge dans un autre cours ! On peut pas tout voir ici !!).<\/li>\n<\/ul>\n<p>Il est \u00e9vident ici que le <strong>backbone<\/strong> (liens et routeurs) est partag\u00e9 entre tous les sites connect\u00e9s aux diff\u00e9rents <strong>PoP<\/strong>. Les sites distants et leurs routeurs forment le \u00ab\u00a0<strong>r\u00e9seau capillaire<\/strong>\u00ab\u00a0. Le backbone est la topologie de r\u00e9seaux mutualis\u00e9 de r\u00e9f\u00e9rence !<\/p>\n<p>Nous noterons qu&rsquo;ici nous avons raccord\u00e9 le site A, consid\u00e9r\u00e9 comme site central, sur deux PoP avec donc deux liaisons et deux routeurs sur le site ! Ceci permet de garantir une meilleure disponibilit\u00e9 d&rsquo;acc\u00e8s au site. En effet, si nous l&rsquo;avions raccord\u00e9 uniquement \u00e0 R3, plus aucun site n&rsquo;acc\u00e8derai aux ressources du site A en cas d&rsquo;indisponibilit\u00e9 de R3, R1 ou du lien R1-R3. Par contre ceci suppose que le backbone est en mesure d&rsquo;op\u00e9rer un <strong>re-routage<\/strong> vers le dernier acc\u00e8s valide !<\/p>\n<p>Cette topologie peut para\u00eetre optimum, mais :<\/p>\n<ul>\n<li><strong>les points d&rsquo;acc\u00e8s sont des points de fragilit\u00e9 du r\u00e9seau<\/strong>, si l&rsquo;un d&rsquo;eux est HS (Hors Service), un nombre de sites plus ou moins important peut \u00eatre compl\u00e9tement isol\u00e9.<\/li>\n<li><strong>le dimensionnement des liens et routeurs du backbone est une op\u00e9ration assez d\u00e9licate<\/strong> si l&rsquo;on veut assurer un potentiel d&rsquo;\u00e9volutivit\u00e9 \u00e0 ce r\u00e9seau sans devoir sans cesse reprendre le dimensionnement en fonction de l&rsquo;ajo\u00fbt ou le retrait de sites. Il faut qu&rsquo;il puisse accueillir de nouveaux sites mais il ne faut pas non plus qu&rsquo;il soit surdimensionn\u00e9 car cela \u00e0 un co\u00fbt !<\/li>\n<li><strong>la politique de routage au sein du backbone peut \u00eatre assez complexe<\/strong> \u00e0 mettre en \u0153uvre et \u00e0 maintenir.<\/li>\n<\/ul>\n<p>Par contre les avantages sont importants :<\/p>\n<ul>\n<li><strong>La rentabilit\u00e9 \u00e9conomique<\/strong> : Plus on dispose de points de pr\u00e9sence, plus il y a de chance d&rsquo;avoir un PoP pr\u00e8s d&rsquo;un site \u00e0 raccorder, donc de diminuer la longueur du lien d&rsquo;acc\u00e8s et le co\u00fbt associ\u00e9 ! Par contre, pour rentabiliser l&rsquo;installation d&rsquo;un PoP il faut qu&rsquo;il y ait un minimum de sites locaux \u00e0 y raccorder !<\/li>\n<li><strong>Les \u00e9volutions simplifi\u00e9es<\/strong> : La fermeture ou le d\u00e9m\u00e9nagement d&rsquo;un site n&rsquo;a que tr\u00e8s peu d&rsquo;incidence sur la topologie globale du r\u00e9seau. Par exemple si le site E d\u00e9m\u00e9nage dans la zone du site B il suffit de le raccorder \u00e0 R4, au lieu de R5. Bien s\u00fbr si ce site pr\u00e9sente un d\u00e9bit d&rsquo;acc\u00e8s important, il sera peut-\u00eatre n\u00e9cessaire de v\u00e9rifier si le PoP R4 dispose du d\u00e9bit suffisant pour prendre en charge ce site. Mais globalement, l&rsquo;\u00e9volutivit\u00e9 est maximale !<\/li>\n<li><strong>Les d\u00e9lais de mise en \u0153uvre<\/strong> : Dans le m\u00eame esprit d&rsquo;\u00e9volutivit\u00e9, un facteur important est le d\u00e9lai de mise en place d&rsquo;un nouveau site. Ici l&rsquo;op\u00e9ration est simple, il faut cr\u00e9er une liaison de raccordement courte, commander et installer un routeur sur le nouveau site et connecter la liaison au point d&rsquo;acc\u00e8s, et c&rsquo;est termin\u00e9 ! Avouez que c&rsquo;est plus rapide que de commencer \u00e0 cr\u00e9er des points de concentration !<\/li>\n<\/ul>\n<h2>Le point de vue de l&rsquo;op\u00e9rateur &#8230;<\/h2>\n<p>Par op\u00e9rateur j&rsquo;entends ici \u00ab\u00a0op\u00e9rateur de t\u00e9l\u00e9communications\u00a0\u00bb, race nombreuse au d\u00e9part mais qui risque de tendre \u00e0 dispara\u00eetre si la bourse continue \u00e0 faire des siennes comme en ce moment (<em>nous sommes en Novembre 2002, pour le cas o\u00f9 vous liriez ce cours en 2030 !<\/em>). La fourniture d&rsquo;un backbone c&rsquo;est un peu la raison de vivre d&rsquo;un op\u00e9rateur de t\u00e9l\u00e9communications !<\/p>\n<p>Jusqu&rsquo;ici nous avons vu comment une entreprise pouvait optimiser l&rsquo;utilisation de ses liens, mais ceux-ci restent d\u00e9di\u00e9s \u00e0 l&rsquo;entreprise ! L&rsquo;op\u00e9rateur va plus loin ! Il mutualise les liens entre les diff\u00e9rentes entreprises ! Le sch\u00e9ma suivant ressemble beaucoup au pr\u00e9c\u00e9dent cependant on remarque que tous les sites n&rsquo;appartiennent pas \u00e0 la m\u00eame entreprise.<\/p>\n<p><img loading=\"lazy\" decoding=\"async\" class=\"size-full wp-image-243 aligncenter\" src=\"http:\/\/www.gatoux.com\/wp-content\/uploads\/2017\/04\/OPERATEUR1.gif\" alt=\"\" width=\"614\" height=\"341\" \/><\/p>\n<p>Les liens du backbone v\u00e9hiculent donc des flux des diverses entreprises, ils sont mutualis\u00e9s entre les entreprises. Ceci suppose donc que le co\u00fbt de revient est donc r\u00e9parti entre les diff\u00e9rents \u00ab\u00a0clients\u00a0\u00bb du backbone. Par contre on remarque tout de suite qu&rsquo;un probl\u00e8me crucial appara\u00eet : <strong>la confidentialit\u00e9 des donn\u00e9es<\/strong> ! Comment garantir que les donn\u00e9es \u00e9mises entre les sites Z ne seront pas lues par les sites Y ? Rassurez-vous les op\u00e9rateurs savent tr\u00e8s bien faire \u00e7a ! Les protocoles les y aident bien d&rsquo;ailleurs ! Nous \u00e9tudierons ces aspects dans les chapitres suivants.<\/p>\n<p>Cependant la repr\u00e9sentation donn\u00e9e ci-dessus d&rsquo;un backbone op\u00e9rateur est pour le moins simpliste (<em>ou commerciale dirons-nous !<\/em>). En v\u00e9rit\u00e9 la structure d&rsquo;un backbone de grande envergure sera beaucoup plus complexe ! Elle sera :<\/p>\n<ul>\n<li><strong>hi\u00e9rarchique<\/strong> : avec un r\u00e9seau capillaire qui collecte les sites clients et les concentre sur des points hauts d\u00e9bits vers un backbone central inter r\u00e9gion et international.<\/li>\n<li><strong>s\u00e9curis\u00e9e<\/strong> : les points d&rsquo;acc\u00e8s seront raccord\u00e9s au backbone par des liens multiples, le backbone sera maill\u00e9.<\/li>\n<li><strong>ouverte<\/strong> : l&rsquo;op\u00e9rateur veillera \u00e0 offrir plusieurs types de raccordement possibles \u00e0 son backbone (liens permanents sur liaisons lou\u00e9es, liens Turbo DSL et ADSL, acc\u00e8s t\u00e9l\u00e9phonique analogique ou RNIS pour des nomades ou des petits sites, extension possible vers Internet, liaisons satellites, etc.).<\/li>\n<\/ul>\n<p>Le sch\u00e9ma ci-dessous pr\u00e9sente un exemple de structure hi\u00e9rarchique et s\u00e9curis\u00e9e pour un backbone op\u00e9rateur :<\/p>\n<p><img loading=\"lazy\" decoding=\"async\" class=\"size-full wp-image-244 aligncenter\" src=\"http:\/\/www.gatoux.com\/wp-content\/uploads\/2017\/04\/OPERATEUR2.gif\" alt=\"\" width=\"614\" height=\"403\" \/><\/p>\n<p>Les <strong>PoP<\/strong> concentrent les acc\u00e8s des sites clients. Ce sont des \u00e9quipements qui offrent un grand nombre d&rsquo;interfaces d&rsquo;acc\u00e8s \u00e0 diff\u00e9rents d\u00e9bits. Les PoP sont connect\u00e9s aux \u00e9quipements d&rsquo;acc\u00e8s du r\u00e9seau backbone par une ou plusieurs liaisons (souvent plusieurs) et ils sont \u00e9galement \u00e9ventuellement interconnect\u00e9s entre eux si l&rsquo;on dispose de plusieurs PoP co-localis\u00e9s, ceci \u00e9vitant de remonter le trafic sur le backbone pour deux sites raccord\u00e9s \u00e0 deux PoP proches. Le backbone haut d\u00e9bit n&rsquo;accueille jamais de raccordement client. Il assure l&rsquo;acheminement du trafic sur des art\u00e8res \u00e0 hauts d\u00e9bits.<\/p>\n<p>Ici encore l&rsquo;architecture est tr\u00e8s simplifi\u00e9e car en fait :<\/p>\n<ul>\n<li>un PoP sera rarement constitu\u00e9 d&rsquo;un seul \u00e9quipement. Il y en aura au moins deux, mont\u00e9s en partage de charge et secours.<\/li>\n<li>on utilisera souvent deux ou trois niveaux de concentration :\n<ul>\n<li><strong>le PoP<\/strong> pour le raccordement des clients, appel\u00e9s <strong>NC<\/strong> : <strong>N<\/strong>oeud de <strong>C<\/strong>oncentration. Les NC constituent le r\u00e9seau de collecte.<\/li>\n<li><strong>le NR<\/strong> : <strong>N<\/strong>oeud <strong>R<\/strong>\u00e9gional assure la concentration des NC r\u00e9gionaux et dispose de l&rsquo;autonomie de routage suffisante pour acheminer le trafic intra-r\u00e9gion. Les NR constituent le premier niveau de routage du backbone. L&rsquo;interconnexion des NR directe entre-eux est possible par r\u00e9gion.<\/li>\n<li><strong>Le NT<\/strong> : <strong>N<\/strong>oeud de <strong>T<\/strong>ransit. Ce sont des points de transfert hauts d\u00e9bits au c\u0153ur du backbone. Ils re\u00e7oivent les connexions des NR et assurent ainsi le routage national.<\/li>\n<li><strong>Le PAI<\/strong> : <strong>P<\/strong>oint d&rsquo;<strong>A<\/strong>cc\u00e8s <strong>I<\/strong>nternational. Ce sont des NT sp\u00e9ciaux qui assurent l&rsquo;extension du backbone \u00e0 l&rsquo;international. Ces PAI sont bien s\u00fbr moins nombreux que les NT nationaux et se situent au c\u0153ur du backbone. On trouve g\u00e9n\u00e9ralement un NT par \u00ab\u00a0grande direction\u00a0\u00bb (Asie, Am\u00e9rique du Sud, Am\u00e9rique du Nord, Afrique, Europe du Nord et du Sud, etc.).<\/li>\n<\/ul>\n<\/li>\n<\/ul>\n<h2>Conclusion du chapitre<\/h2>\n<p>Dans ce premier chapitre nous venons de brosser succinctement le concept de base des r\u00e9seaux partag\u00e9s. En r\u00e9sum\u00e9, on peut retenir que la notion de r\u00e9seau partag\u00e9 n&rsquo;est pas r\u00e9serv\u00e9e \u00e0 un op\u00e9rateur mais peut tr\u00e8s bien \u00eatre comprise du point de vue d&rsquo;une entreprise. Cependant il faut admettre que cette d\u00e9nomination reste tr\u00e8s attach\u00e9e au monde op\u00e9rateur. Ainsi on parlera d&rsquo;un r\u00e9seau d\u00e9di\u00e9 pour une entreprise, m\u00eame s&rsquo;il est construit sur la base d&rsquo;un r\u00e9seau op\u00e9rateur partag\u00e9 ! <em>Avouez qu&rsquo;il y a de quoi se taper la t\u00eate contre les murs !!<\/em><\/p>\n<p>Dans le capitre suivant, bien que nous ayons s\u00e9rieusement attaqu\u00e9 le sujet ici, nous allons essayer de comprendre pourquoi il est rentable techniquement et financi\u00e8rement d&rsquo;utiliser des r\u00e9seaux mutualis\u00e9s.<\/p>\n<h5 align=\"center\"><a href=\"http:\/\/www.gatoux.com\/index.php\/sommaire-reseaux-mutualises\/\">Page Pr\u00e9c\u00e9dente<\/a> | <a href=\"http:\/\/www.gatoux.com\/index.php\/pourquoi-partager\/\">Page Suivante<\/a><\/h5>\n<p>&nbsp;<\/p>\n","protected":false},"excerpt":{"rendered":"<p>Je ne vous ferai pas l&rsquo;affront de vous proposer une d\u00e9finition du \u00ab\u00a0partage\u00a0\u00bb ! Je sais que vos convictions chr\u00e9tiennes font de vous des experts dans le domaine. Ceci dit, aucun de vous n&rsquo;a encore partag\u00e9 sa fortune avec moi ! Mais c&rsquo;est vrai ! Il y a une diff\u00e9rence entre \u00ab\u00a0partage\u00a0\u00bb et \u00ab\u00a0obole\u00a0\u00bb !\u2026 <span class=\"read-more\"><a href=\"https:\/\/racine.gatoux.com\/lmdr\/index.php\/principe-de-mutualisation\/\">Lire la suite &raquo;<\/a><\/span><\/p>\n","protected":false},"author":1,"featured_media":0,"parent":0,"menu_order":43,"comment_status":"closed","ping_status":"closed","template":"page-templates\/full-width.php","meta":{"_exactmetrics_skip_tracking":false,"_exactmetrics_sitenote_active":false,"_exactmetrics_sitenote_note":"","_exactmetrics_sitenote_category":0,"footnotes":""},"class_list":["post-547","page","type-page","status-publish","hentry"],"_links":{"self":[{"href":"https:\/\/racine.gatoux.com\/lmdr\/index.php\/wp-json\/wp\/v2\/pages\/547","targetHints":{"allow":["GET"]}}],"collection":[{"href":"https:\/\/racine.gatoux.com\/lmdr\/index.php\/wp-json\/wp\/v2\/pages"}],"about":[{"href":"https:\/\/racine.gatoux.com\/lmdr\/index.php\/wp-json\/wp\/v2\/types\/page"}],"author":[{"embeddable":true,"href":"https:\/\/racine.gatoux.com\/lmdr\/index.php\/wp-json\/wp\/v2\/users\/1"}],"replies":[{"embeddable":true,"href":"https:\/\/racine.gatoux.com\/lmdr\/index.php\/wp-json\/wp\/v2\/comments?post=547"}],"version-history":[{"count":4,"href":"https:\/\/racine.gatoux.com\/lmdr\/index.php\/wp-json\/wp\/v2\/pages\/547\/revisions"}],"predecessor-version":[{"id":568,"href":"https:\/\/racine.gatoux.com\/lmdr\/index.php\/wp-json\/wp\/v2\/pages\/547\/revisions\/568"}],"wp:attachment":[{"href":"https:\/\/racine.gatoux.com\/lmdr\/index.php\/wp-json\/wp\/v2\/media?parent=547"}],"curies":[{"name":"wp","href":"https:\/\/api.w.org\/{rel}","templated":true}]}}