{"id":553,"date":"2017-04-29T16:55:20","date_gmt":"2017-04-29T14:55:20","guid":{"rendered":"http:\/\/www.gatoux.com\/?page_id=553"},"modified":"2017-05-03T17:01:00","modified_gmt":"2017-05-03T15:01:00","slug":"conclusion-reseaux-mutualises","status":"publish","type":"page","link":"https:\/\/racine.gatoux.com\/lmdr\/index.php\/conclusion-reseaux-mutualises\/","title":{"rendered":"Conclusion Mutualisation"},"content":{"rendered":"<p>Voil\u00e0 ! C&rsquo;en est fini avec les concepts fumeux de la mutualisation des supports et des notions de r\u00e9seaux partag\u00e9s. J&rsquo;esp\u00e8re que cela vous a plu !<\/p>\n<p>Il est, je pense, important d&rsquo;\u00e9grener ces diff\u00e9rents cours protocolaires assez \u00ab\u00a0hard\u00a0\u00bb, de cours ou d&rsquo;articles, moins techniques et plus conceptuels. Ici vous avez approch\u00e9 les probl\u00e8mes qui se posent \u00e0 tous concepteurs de r\u00e9seaux de r\u00e9seaux d&rsquo;entreprises ou d&rsquo;op\u00e9rateurs.<\/p>\n<p>Nous aurons sans doute l&rsquo;occasion, dans les cours suivants, de voir que chaque type de r\u00e9seau apporte sa propre r\u00e9ponse au probl\u00e8me de charge et de congestion :<\/p>\n<ul>\n<li>X25 mettra en oeuvre un service hyper fiable bas\u00e9 sur une gestion de flux de proche en proche avec r\u00e9servation de ressource dans le r\u00e9seau<\/li>\n<li>IP utilisera un mod\u00e8le de gestion de flux peu fiable bas\u00e9 sur ICMP (paquet Source Quench) il sera souvent n\u00e9cessaire de s&rsquo;appuyer sur les m\u00e9canismes de niveau 2 et niveau 4 pour \u00e9viter la catastrophe.<\/li>\n<li>Frame Relay et ATM vont taguer et marquer les trames &#8230;<\/li>\n<\/ul>\n<p>Le pire est que tout cela se m\u00e9lange all\u00e9grement puisqu&rsquo;il est tout \u00e0 fait courant de trouver de l&rsquo;IP v\u00e9hicul\u00e9 dans du Frame Relay ou de l&rsquo;ATM !<\/p>\n<p><strong>Ne perdez pas la foi ! La connaissance est au bout du chemin !<\/strong><\/p>\n<p>A bient\u00f4t ! Et encore merci de votre visite !<\/p>\n<h5 align=\"center\"><a href=\"http:\/\/www.gatoux.com\/index.php\/la-congestion\/\">Page Pr\u00e9c\u00e9dente <\/a>| <a href=\"http:\/\/www.gatoux.com\/index.php\/sommaire-reseaux-mutualises\/\">Sommaire<\/a><\/h5>\n","protected":false},"excerpt":{"rendered":"<p>Voil\u00e0 ! C&rsquo;en est fini avec les concepts fumeux de la mutualisation des supports et des notions de r\u00e9seaux partag\u00e9s. J&rsquo;esp\u00e8re que cela vous a plu ! Il est, je pense, important d&rsquo;\u00e9grener ces diff\u00e9rents cours protocolaires assez \u00ab\u00a0hard\u00a0\u00bb, de cours ou d&rsquo;articles, moins techniques et plus conceptuels. Ici vous avez approch\u00e9 les probl\u00e8mes qui\u2026 <span class=\"read-more\"><a href=\"https:\/\/racine.gatoux.com\/lmdr\/index.php\/conclusion-reseaux-mutualises\/\">Lire la suite &raquo;<\/a><\/span><\/p>\n","protected":false},"author":1,"featured_media":0,"parent":0,"menu_order":46,"comment_status":"closed","ping_status":"closed","template":"","meta":{"_exactmetrics_skip_tracking":false,"_exactmetrics_sitenote_active":false,"_exactmetrics_sitenote_note":"","_exactmetrics_sitenote_category":0,"footnotes":""},"class_list":["post-553","page","type-page","status-publish","hentry"],"_links":{"self":[{"href":"https:\/\/racine.gatoux.com\/lmdr\/index.php\/wp-json\/wp\/v2\/pages\/553","targetHints":{"allow":["GET"]}}],"collection":[{"href":"https:\/\/racine.gatoux.com\/lmdr\/index.php\/wp-json\/wp\/v2\/pages"}],"about":[{"href":"https:\/\/racine.gatoux.com\/lmdr\/index.php\/wp-json\/wp\/v2\/types\/page"}],"author":[{"embeddable":true,"href":"https:\/\/racine.gatoux.com\/lmdr\/index.php\/wp-json\/wp\/v2\/users\/1"}],"replies":[{"embeddable":true,"href":"https:\/\/racine.gatoux.com\/lmdr\/index.php\/wp-json\/wp\/v2\/comments?post=553"}],"version-history":[{"count":3,"href":"https:\/\/racine.gatoux.com\/lmdr\/index.php\/wp-json\/wp\/v2\/pages\/553\/revisions"}],"predecessor-version":[{"id":581,"href":"https:\/\/racine.gatoux.com\/lmdr\/index.php\/wp-json\/wp\/v2\/pages\/553\/revisions\/581"}],"wp:attachment":[{"href":"https:\/\/racine.gatoux.com\/lmdr\/index.php\/wp-json\/wp\/v2\/media?parent=553"}],"curies":[{"name":"wp","href":"https:\/\/api.w.org\/{rel}","templated":true}]}}