{"id":588,"date":"2017-05-03T17:12:32","date_gmt":"2017-05-03T15:12:32","guid":{"rendered":"http:\/\/www.gatoux.com\/?page_id=588"},"modified":"2017-05-03T17:52:02","modified_gmt":"2017-05-03T15:52:02","slug":"securisation","status":"publish","type":"page","link":"https:\/\/racine.gatoux.com\/lmdr\/index.php\/securisation\/","title":{"rendered":"S\u00e9curisation"},"content":{"rendered":"<p><strong>&#8211; Date de cr\u00e9ation du cours :\u00a0<span style=\"color: #ff0000;\">Juin 2009<br \/>\n<\/span><\/strong><strong>&#8211; Derni\u00e8re mise \u00e0 jour : <span style=\"color: #ff0000;\">Juin 2009<\/span><\/strong><\/p>\n<p>Nous avons jusqu\u2019ici beaucoup discut\u00e9 de technique. Le protocole IP, le concept OSI, le routage, etc \u2026 Tous ces \u00e9l\u00e9ments sont des bases n\u00e9cessaires pour comprendre comment fonctionne un r\u00e9seau. Mais il est maintenant temps de passer \u00e0 une \u00e9tape sup\u00e9rieure et plus int\u00e9ressante : <strong>La conception de r\u00e9seau<\/strong>.<\/p>\n<p>Ce cours s\u2019inscrit donc dans la ligne du cours \u00ab <a href=\"http:\/\/www.gatoux.com\/index.php\/reseaux-mutualises\/\">Mutualisation <\/a>\u00bb. Ce dernier pr\u00e9sentait les concepts de mutualisation et de gestion de la congestion, des concepts importants dans la phase de dimensionnement d\u2019un r\u00e9seau. Ce cours-ci va s\u2019attacher \u00e0 la notion de disponibilit\u00e9 d\u2019un site. Autrement dit, <strong>comment faire pour garantir qu\u2019un site ne sera jamais isol\u00e9 de son r\u00e9seau ?<\/strong><\/p>\n<p>Souvent on parle de \u00ab <em>s\u00e9curisation<\/em> \u00bb ce qui est quelquefois ambigu car peut \u00eatre interpr\u00e9t\u00e9 dans un sens de \u00ab <em>non intrusion<\/em> \u00bb au lieu d\u2019augmentation de disponibilit\u00e9. Cette notion est extr\u00eamement importante dans la conception d\u2019un r\u00e9seau, je dirai m\u00eame qu\u2019elle est r\u00e9currente !<\/p>\n<p>Nous allons donc \u00e9voquer des tas de termes et concepts barbares comme les SLA, GTR, GTI, secours par NAS, nominal-secours, partage de charge, backup \u00e0 chaud ou \u00e0 froid, etc \u2026<\/p>\n<p>Accrochez-vous et bonne lecture !<\/p>\n<h5 style=\"text-align: center;\"><a href=\"http:\/\/www.gatoux.com\/index.php\/sommaire-securisation\/\">Sommaire<\/a><\/h5>\n<p>&nbsp;<\/p>\n","protected":false},"excerpt":{"rendered":"<p>&#8211; Date de cr\u00e9ation du cours :\u00a0Juin 2009 &#8211; Derni\u00e8re mise \u00e0 jour : Juin 2009 Nous avons jusqu\u2019ici beaucoup discut\u00e9 de technique. Le protocole IP, le concept OSI, le routage, etc \u2026 Tous ces \u00e9l\u00e9ments sont des bases n\u00e9cessaires pour comprendre comment fonctionne un r\u00e9seau. Mais il est maintenant temps de passer \u00e0 une\u2026 <span class=\"read-more\"><a href=\"https:\/\/racine.gatoux.com\/lmdr\/index.php\/securisation\/\">Lire la suite &raquo;<\/a><\/span><\/p>\n","protected":false},"author":1,"featured_media":0,"parent":0,"menu_order":47,"comment_status":"closed","ping_status":"closed","template":"","meta":{"_exactmetrics_skip_tracking":false,"_exactmetrics_sitenote_active":false,"_exactmetrics_sitenote_note":"","_exactmetrics_sitenote_category":0,"footnotes":""},"class_list":["post-588","page","type-page","status-publish","hentry"],"_links":{"self":[{"href":"https:\/\/racine.gatoux.com\/lmdr\/index.php\/wp-json\/wp\/v2\/pages\/588","targetHints":{"allow":["GET"]}}],"collection":[{"href":"https:\/\/racine.gatoux.com\/lmdr\/index.php\/wp-json\/wp\/v2\/pages"}],"about":[{"href":"https:\/\/racine.gatoux.com\/lmdr\/index.php\/wp-json\/wp\/v2\/types\/page"}],"author":[{"embeddable":true,"href":"https:\/\/racine.gatoux.com\/lmdr\/index.php\/wp-json\/wp\/v2\/users\/1"}],"replies":[{"embeddable":true,"href":"https:\/\/racine.gatoux.com\/lmdr\/index.php\/wp-json\/wp\/v2\/comments?post=588"}],"version-history":[{"count":3,"href":"https:\/\/racine.gatoux.com\/lmdr\/index.php\/wp-json\/wp\/v2\/pages\/588\/revisions"}],"predecessor-version":[{"id":607,"href":"https:\/\/racine.gatoux.com\/lmdr\/index.php\/wp-json\/wp\/v2\/pages\/588\/revisions\/607"}],"wp:attachment":[{"href":"https:\/\/racine.gatoux.com\/lmdr\/index.php\/wp-json\/wp\/v2\/media?parent=588"}],"curies":[{"name":"wp","href":"https:\/\/api.w.org\/{rel}","templated":true}]}}