{"id":590,"date":"2017-05-03T17:13:01","date_gmt":"2017-05-03T15:13:01","guid":{"rendered":"http:\/\/www.gatoux.com\/?page_id=590"},"modified":"2017-05-03T17:54:48","modified_gmt":"2017-05-03T15:54:48","slug":"sommaire-securisation","status":"publish","type":"page","link":"https:\/\/racine.gatoux.com\/lmdr\/index.php\/sommaire-securisation\/","title":{"rendered":"Sommaire S\u00e9curisation"},"content":{"rendered":"<p align=\"left\"><span class=\"navig\"><span style=\"font-family: Arial,Helvetica,sans-serif;\"><span style=\"font-size: small;\"><strong>Chapitre 1 : <\/strong><\/span><\/span><a href=\"http:\/\/www.gatoux.com\/index.php\/sla-et-ses-petits-amis\/\">SLA et ses petits amis<\/a><\/span><\/p>\n<blockquote><p>Mais qu&rsquo;est ce donc que ces SLA dont sont si friands les DSI ? Quel rapport d&rsquo;ailleurs avec la disponibilit\u00e9s d&rsquo;un site ou d&rsquo;un r\u00e9seau ?<\/p><\/blockquote>\n<p class=\"navig\"><strong>Chapitre 2<\/strong> : <a href=\"http:\/\/www.gatoux.com\/index.php\/detection-dindisponibilite\/\">D\u00e9tection d&rsquo;indisponibilit\u00e9<\/a><\/p>\n<blockquote><p>Mettre en place une solution de secours c&rsquo;est bien ! Mais encore faut-il savoir quand il est n\u00e9cessaire de l&rsquo;activer ! Ici vous apprendrez comment un routeur s&rsquo;y prend pour savoir que son acc\u00e8s au r\u00e9seau est hors service !<\/p><\/blockquote>\n<p class=\"navig\"><strong>Chapitre 3<\/strong> : <a href=\"http:\/\/www.gatoux.com\/index.php\/secours-rnis-bout-en-bout\/\">Le secours RNIS de bout en bout<\/a><\/p>\n<blockquote><p>Un long, tr\u00e8s long chapitre qui vous explique par le menu pourquoi et comment mettre en place un secours RNIS entre deux sites. On en profites au passage pour se raffraichir sur ce qu&rsquo;est RNIS. Et comme d&rsquo;habitude on finira en critiquant !<\/p><\/blockquote>\n<p class=\"navig\"><strong>Chapitre\u00a04<\/strong> : <a href=\"http:\/\/www.gatoux.com\/index.php\/secours-par-nas\/\">Le secours RNIS par NAS<\/a><\/p>\n<blockquote><p>Encore un long, tr\u00e8s long chapitre pr\u00e9sentant le secours RNIS vu par un op\u00e9rateur ! Avec force de d\u00e9tail sur les principes de mutualisation et de s\u00e9curisation (au sens s\u00e9curit\u00e9 cette fois !).<\/p><\/blockquote>\n<p>Et le reste est encore \u00e0 venir ! Patience !<\/p>\n<h5 style=\"text-align: center;\"><a href=\"http:\/\/www.gatoux.com\/index.php\/securisation\/\">Page pr\u00e9c\u00e9dente<\/a> | <a href=\"http:\/\/www.gatoux.com\/index.php\/sla-et-ses-petits-amis\/\">Page Suivante<\/a><\/h5>\n<p>&nbsp;<\/p>\n","protected":false},"excerpt":{"rendered":"<p>Chapitre 1 : SLA et ses petits amis Mais qu&rsquo;est ce donc que ces SLA dont sont si friands les DSI ? Quel rapport d&rsquo;ailleurs avec la disponibilit\u00e9s d&rsquo;un site ou d&rsquo;un r\u00e9seau ? Chapitre 2 : D\u00e9tection d&rsquo;indisponibilit\u00e9 Mettre en place une solution de secours c&rsquo;est bien ! Mais encore faut-il savoir quand il\u2026 <span class=\"read-more\"><a href=\"https:\/\/racine.gatoux.com\/lmdr\/index.php\/sommaire-securisation\/\">Lire la suite &raquo;<\/a><\/span><\/p>\n","protected":false},"author":1,"featured_media":0,"parent":0,"menu_order":48,"comment_status":"closed","ping_status":"closed","template":"page-templates\/full-width.php","meta":{"_exactmetrics_skip_tracking":false,"_exactmetrics_sitenote_active":false,"_exactmetrics_sitenote_note":"","_exactmetrics_sitenote_category":0,"footnotes":""},"class_list":["post-590","page","type-page","status-publish","hentry"],"_links":{"self":[{"href":"https:\/\/racine.gatoux.com\/lmdr\/index.php\/wp-json\/wp\/v2\/pages\/590","targetHints":{"allow":["GET"]}}],"collection":[{"href":"https:\/\/racine.gatoux.com\/lmdr\/index.php\/wp-json\/wp\/v2\/pages"}],"about":[{"href":"https:\/\/racine.gatoux.com\/lmdr\/index.php\/wp-json\/wp\/v2\/types\/page"}],"author":[{"embeddable":true,"href":"https:\/\/racine.gatoux.com\/lmdr\/index.php\/wp-json\/wp\/v2\/users\/1"}],"replies":[{"embeddable":true,"href":"https:\/\/racine.gatoux.com\/lmdr\/index.php\/wp-json\/wp\/v2\/comments?post=590"}],"version-history":[{"count":3,"href":"https:\/\/racine.gatoux.com\/lmdr\/index.php\/wp-json\/wp\/v2\/pages\/590\/revisions"}],"predecessor-version":[{"id":609,"href":"https:\/\/racine.gatoux.com\/lmdr\/index.php\/wp-json\/wp\/v2\/pages\/590\/revisions\/609"}],"wp:attachment":[{"href":"https:\/\/racine.gatoux.com\/lmdr\/index.php\/wp-json\/wp\/v2\/media?parent=590"}],"curies":[{"name":"wp","href":"https:\/\/api.w.org\/{rel}","templated":true}]}}