{"id":592,"date":"2017-05-03T17:13:54","date_gmt":"2017-05-03T15:13:54","guid":{"rendered":"http:\/\/www.gatoux.com\/?page_id=592"},"modified":"2017-05-03T18:02:22","modified_gmt":"2017-05-03T16:02:22","slug":"sla-et-ses-petits-amis","status":"publish","type":"page","link":"https:\/\/racine.gatoux.com\/lmdr\/index.php\/sla-et-ses-petits-amis\/","title":{"rendered":"SLA et ses petits amis"},"content":{"rendered":"<h2>SLA c&rsquo;est quoi ?<\/h2>\n<p>Aujourd\u2019hui, lorsqu\u2019un DSI (Directeur du Syst\u00e8me d\u2019Information \u2026 pour les nouveaux !) d\u00e9cide de construire (ou renouveler) un r\u00e9seau de donn\u00e9es pour son entreprise, il s\u2019adresse dans 99% des cas \u00e0 un op\u00e9rateur (ou un op\u00e9rateur plus un int\u00e9grateur).<\/p>\n<p>Tous les op\u00e9rateurs fournissent aujourd\u2019hui des r\u00e9seaux IP dits manag\u00e9s. C&rsquo;est-\u00e0-dire qu\u2019ils fournissent le raccordement \u00e0 leur backbone via une liaison \u00e9quip\u00e9e d\u2019un routeur sur le site client. Ce routeur est administr\u00e9 (<em>manag\u00e9<\/em>) par l\u2019op\u00e9rateur (<em>au m\u00eame titre que le backbone \u2026 bien s\u00fbr !<\/em>).<\/p>\n<p>Le DSI est quelqu\u2019un de s\u00e9rieux (c\u2019est connu \u2026) ! Il accepte donc de payer un service de r\u00e9seau qu\u2019il ne manage pas, mais il demande en \u00e9change <strong>des garanties<\/strong> que celui-ci fonctionnera correctement. Ces garanties se traduisent par des <strong>SLA<\/strong> : <strong>S<\/strong>ervice <strong>L<\/strong>evel <strong>A<\/strong>grements.<\/p>\n<p>Des SLA, il y en a des myriades ! Garantir un d\u00e9lai de transit, garantir une bande passante, garantir un d\u00e9lai de r\u00e9paration ou un d\u00e9lai d\u2019intervention, garantir des r\u00e9visions de prix, etc \u2026 Mais pour le cas qui nous int\u00e9resse ici, un seul SLA est pertinent : <strong>La garantie de disponibilit\u00e9<\/strong>.<\/p>\n<h2>Pourquoi une garantie de disponibilit\u00e9 ?<\/h2>\n<p>Prenez le cas du sch\u00e9ma simpliste ci-dessous. Il s\u2019agit d\u2019un r\u00e9seau compos\u00e9 de deux sites connect\u00e9s via un r\u00e9seau op\u00e9rateur par des liens permanents simples. <img loading=\"lazy\" decoding=\"async\" class=\"size-full wp-image-611 alignleft\" src=\"http:\/\/www.gatoux.com\/wp-content\/uploads\/2017\/05\/S6P3I2.jpg\" alt=\"\" width=\"540\" height=\"198\" srcset=\"https:\/\/racine.gatoux.com\/lmdr\/wp-content\/uploads\/2017\/05\/S6P3I2.jpg 540w, https:\/\/racine.gatoux.com\/lmdr\/wp-content\/uploads\/2017\/05\/S6P3I2-300x110.jpg 300w\" sizes=\"auto, (max-width: 540px) 100vw, 540px\" \/>Que peut-il arriver ?<\/p>\n<p dir=\"ltr\" style=\"padding-left: 30px;\">\u2022\u00a0Le site A n\u2019a plus d\u2019\u00e9lectricit\u00e9 (<em>on sait bien qu\u2019EDF ne r\u00e9siste pas aux orages<\/em>)<br \/>\n\u2022\u00a0Le routeur A est hors service (<em>la secr\u00e9taire l\u2019a d\u00e9branch\u00e9 pour alimenter la machine \u00e0 caf\u00e9 !)<\/em><br \/>\n\u2022\u00a0La liaison du site A est coup\u00e9e (<em>un petit coup de pelleteuse dans le trottoir !)<\/em><br \/>\n\u2022\u00a0Le <strong>PoP<\/strong> (<strong>P<\/strong>oint <strong>O<\/strong>f <strong>P<\/strong>resence) de raccordement du site A au r\u00e9seau op\u00e9rateur est hors service (<em>ce n\u2019est qu\u2019une faible machine !<\/em>)<br \/>\n\u2022\u00a0Le r\u00e9seau op\u00e9rateur est hors service (<em>je vous l\u2019accorde, pour un op\u00e9rateur qui se respecte, c\u2019est tr\u00e8s rare<\/em>)<\/p>\n<p>Et on recommence cot\u00e9 site B (site sans \u00e9lectricit\u00e9, routeur HS, ligne HS, PoP HS). Soit au total, rien que pour 2 sites, au moins 9 possibilit\u00e9s d\u2019isolation des communications ! <em>Je ne sais pas pour vous \u2026 Mais moi, il y a longtemps que j\u2019ai arr\u00eat\u00e9 de croire en ma bonne \u00e9toile !<\/em><\/p>\n<p>Il faut s\u00e9curiser \u00e7a !! Je veux que mes sites soient toujours disponibles ! Je veux <strong>une garantie de disponibilit\u00e9s<\/strong> de mon r\u00e9seau et de mes sites.<\/p>\n<h2>Comment faire ?<\/h2>\n<p>Il n\u2019y a pas de secrets ! Les r\u00e9seaux c\u2019est comme l\u2019immobilier ! Si vous ne voulez pas que votre maison s\u2019\u00e9croule vous allez renforcer les murs, doubler les piliers ou consolider la toiture. Ceci a bien s\u00fbr un co\u00fbt, mais il est \u00e0 rapprocher de ce que repr\u00e9senterai votre perte financi\u00e8re si votre maison s\u2019\u00e9croulait !<\/p>\n<p>Plut\u00f4t que d\u2019engager ces frais vous pouvez \u00e9galement faire au confiance aux engagements du ma\u00e7on. Celui-ci peut garantir que ses travaux r\u00e9sisteront au moins 10 ans (<em>on appelle \u00e7a la garantie d\u00e9cennale !<\/em>). Mais s\u2019il est prudent, il provisionnera les \u00e9ventuelles p\u00e9nalit\u00e9s qu\u2019il pourrait \u00eatre amen\u00e9 \u00e0 verser, et ceci se ressentira sur la facture \u2026<\/p>\n<p>Dans les r\u00e9seaux vous pouvez avoir la m\u00eame approche :<\/p>\n<p style=\"padding-left: 30px;\">\u2022\u00a0Vous doublez les routeurs, les raccordements et m\u00eame les backbones mais cela a un co\u00fbt \u2026<br \/>\n\u2022\u00a0Ou vous demandez des engagements (une assurance) \u00e0 votre fournisseur. Mais cela aura \u00e9galement un co\u00fbt \u2026<\/p>\n<p>Vous pouvez \u00e9galement cumuler ces deux options. Vous investissez dans <strong>une s\u00e9curisation de vos raccordements<\/strong> mais vous demandez \u00e9galement \u00e0 ce que le fournisseur s\u2019engage en retour \u00e0 une <strong>meilleure garantie de disponibilit\u00e9s<\/strong>.<\/p>\n<p>Nous auront probablement l\u2019occasion de revenir sur ces \u00e9l\u00e9ments ult\u00e9rieurement ! Pour le moment concentrons nous sur les moyens techniques possibles pour s\u00e9curiser (fiabiliser) les raccordements.<\/p>\n<p>&nbsp;<\/p>\n<h5 align=\"center\"><span style=\"font-family: Arial,Helvetica,sans-serif; font-size: small;\"><a href=\"http:\/\/www.gatoux.com\/index.php\/sommaire-securisation\/\">Sommaire<\/a> | <a href=\"http:\/\/www.gatoux.com\/index.php\/detection-dindisponibilite\/\">Page Suivante<\/a><\/span><\/h5>\n","protected":false},"excerpt":{"rendered":"<p>SLA c&rsquo;est quoi ? Aujourd\u2019hui, lorsqu\u2019un DSI (Directeur du Syst\u00e8me d\u2019Information \u2026 pour les nouveaux !) d\u00e9cide de construire (ou renouveler) un r\u00e9seau de donn\u00e9es pour son entreprise, il s\u2019adresse dans 99% des cas \u00e0 un op\u00e9rateur (ou un op\u00e9rateur plus un int\u00e9grateur). Tous les op\u00e9rateurs fournissent aujourd\u2019hui des r\u00e9seaux IP dits manag\u00e9s. C&rsquo;est-\u00e0-dire qu\u2019ils\u2026 <span class=\"read-more\"><a href=\"https:\/\/racine.gatoux.com\/lmdr\/index.php\/sla-et-ses-petits-amis\/\">Lire la suite &raquo;<\/a><\/span><\/p>\n","protected":false},"author":1,"featured_media":0,"parent":0,"menu_order":49,"comment_status":"closed","ping_status":"closed","template":"page-templates\/full-width.php","meta":{"_exactmetrics_skip_tracking":false,"_exactmetrics_sitenote_active":false,"_exactmetrics_sitenote_note":"","_exactmetrics_sitenote_category":0,"footnotes":""},"class_list":["post-592","page","type-page","status-publish","hentry"],"_links":{"self":[{"href":"https:\/\/racine.gatoux.com\/lmdr\/index.php\/wp-json\/wp\/v2\/pages\/592","targetHints":{"allow":["GET"]}}],"collection":[{"href":"https:\/\/racine.gatoux.com\/lmdr\/index.php\/wp-json\/wp\/v2\/pages"}],"about":[{"href":"https:\/\/racine.gatoux.com\/lmdr\/index.php\/wp-json\/wp\/v2\/types\/page"}],"author":[{"embeddable":true,"href":"https:\/\/racine.gatoux.com\/lmdr\/index.php\/wp-json\/wp\/v2\/users\/1"}],"replies":[{"embeddable":true,"href":"https:\/\/racine.gatoux.com\/lmdr\/index.php\/wp-json\/wp\/v2\/comments?post=592"}],"version-history":[{"count":5,"href":"https:\/\/racine.gatoux.com\/lmdr\/index.php\/wp-json\/wp\/v2\/pages\/592\/revisions"}],"predecessor-version":[{"id":614,"href":"https:\/\/racine.gatoux.com\/lmdr\/index.php\/wp-json\/wp\/v2\/pages\/592\/revisions\/614"}],"wp:attachment":[{"href":"https:\/\/racine.gatoux.com\/lmdr\/index.php\/wp-json\/wp\/v2\/media?parent=592"}],"curies":[{"name":"wp","href":"https:\/\/api.w.org\/{rel}","templated":true}]}}