{"id":62,"date":"2017-04-22T11:36:56","date_gmt":"2017-04-22T09:36:56","guid":{"rendered":"http:\/\/www.gatoux.com\/?page_id=62"},"modified":"2017-04-24T10:37:33","modified_gmt":"2017-04-24T08:37:33","slug":"lanalogie","status":"publish","type":"page","link":"https:\/\/racine.gatoux.com\/lmdr\/index.php\/lanalogie\/","title":{"rendered":"L&rsquo;analogie"},"content":{"rendered":"<h2>Premi\u00e9re approche<\/h2>\n<div id=\"attachment_134\" style=\"width: 210px\" class=\"wp-caption alignleft\"><img loading=\"lazy\" decoding=\"async\" aria-describedby=\"caption-attachment-134\" class=\"wp-image-134 size-full\" src=\"http:\/\/www.gatoux.com\/wp-content\/uploads\/2017\/04\/S1P3I2.gif\" alt=\"\" width=\"200\" height=\"215\" \/><p id=\"caption-attachment-134\" class=\"wp-caption-text\"><span style=\"color: #808080;\"><em>Votre armoire<\/em><\/span><\/p><\/div>\n<p>Vous \u00eates tous des gens tr\u00e8s ordonn\u00e9s, c&rsquo;est connu &#8230; Vous disposez, tous, d&rsquo;une armoire pour y ranger vos v\u00eatements, j&rsquo;en suis s\u00fbr ! Nous allons supposer que cette armoire comporte 7 \u00e9tag\u00e8res. Nous allons aussi supposer qu&rsquo;il fait extr\u00eamement froid (\u00e7a m&rsquo;arrange !), et que vous avez besoin de vous couvrir chaudement.<\/p>\n<p>Le matin, les r\u00e9veils sont durs ! Une nuit \u00e0 surfer sur le Web, c&rsquo;est ext\u00e9nuant ! Vous ne voulez plus passer des heures \u00e0 chercher apr\u00e8s vos habits sur ces \u00e9tag\u00e8res, les yeux \u00e0 demi-ferm\u00e9s, pestant pour trouver cette satan\u00e9e paire de chaussettes. Donc, un jour de grande illumination, vous r\u00e9fl\u00e9chissez \u00e0 une m\u00e9thode de rangement de vos v\u00eatements qui vous permettent \u00e0 coups s\u00fbrs de trouver rapidement et efficacement vos affaires.<\/p>\n<p>Vous \u00e9laborez la technique suivante :<\/p>\n<ul>\n<li>Vous attribuez une \u00e9tag\u00e8re par type de v\u00eatements (une pour les chaussettes, une pour les chemises, une pour les sous-pulls, une pour les pulls, et ainsi de suite)<\/li>\n<li>Vous savez que tous les matins vous commencez d&rsquo;abord par mettre vos chaussettes, ensuite votre cale\u00e7on, puis un maillot de corps (il fait froid !), puis un sous-pull, puis une chemise, puis le pantalon et enfin le pull ! Diantre que la temp\u00e9rature est basse !<\/li>\n<li>Vous vous dites : \u00ab\u00a0Je ne veux plus r\u00e9fl\u00e9chir pour savoir sur quelle \u00e9tag\u00e8re sont les pulls ou les chemises ou autres\u00a0\u00bb. Je veux pouvoir m&rsquo;habiller les yeux ferm\u00e9s.<\/li>\n<li>Vous d\u00e9cidez donc d&rsquo;affecter l&rsquo;\u00e9tag\u00e8re la plus haute (\u00e9tage num\u00e9ro 7) aux v\u00eatements que vous mettez en premier (en l&rsquo;occurence les chaussettes !), puis l&rsquo;\u00e9tag\u00e8re 6 aux cale\u00e7ons, puis la 5 aux maillots de corps et ainsi de suite !!<\/li>\n<\/ul>\n<p>Maintenant plus de soucis le matin ! Vous tendez la main tout en haut, attrapez une paire de chaussettes, l&rsquo;enfilez, puis \u00e9tag\u00e8re inf\u00e9rieure les cale\u00e7ons, et ainsi de suite &#8230; Vous venez de <span style=\"color: #ff0000; font-family: Arial; font-size: small;\"><strong>rationnaliser<\/strong><\/span><span style=\"font-family: Arial; font-size: small;\">, <\/span>de <span style=\"color: #ff0000; font-family: Arial; font-size: small;\"><strong>structurer<\/strong><\/span> votre <strong><span style=\"color: #ff0000; font-family: Arial; font-size: small;\">m\u00e9thode d&rsquo;habillement<\/span><\/strong> matinale ! <span style=\"color: #ff0000; font-family: Arial; font-size: medium;\"><b>Le mod\u00e8le OSI c&rsquo;est la m\u00eame chose<\/b><\/span><span style=\"font-family: Arial; font-size: small;\"> ! <\/span><span style=\"color: #0080c0; font-family: Arial; font-size: xx-small;\">(Silence les puristes !)<\/span><\/p>\n<h2>Rapprochement avec l&rsquo;analogie<\/h2>\n<div id=\"attachment_135\" style=\"width: 214px\" class=\"wp-caption alignleft\"><img loading=\"lazy\" decoding=\"async\" aria-describedby=\"caption-attachment-135\" class=\"wp-image-135 size-full\" src=\"http:\/\/www.gatoux.com\/wp-content\/uploads\/2017\/04\/S1P3I4.gif\" alt=\"\" width=\"204\" height=\"272\" \/><p id=\"caption-attachment-135\" class=\"wp-caption-text\"><span style=\"color: #808080;\"><em>Le mod\u00e8le en couche<\/em><\/span><\/p><\/div>\n<p>En t\u00e9l\u00e9informatique il existe aussi une m\u00e9thode de rangement des fonctions n\u00e9cessaires \u00e0 la mise en oeuvre de syst\u00e8mes de transmissions de donn\u00e9es plus ou moins complexes. Cette m\u00e9thode est en fait une proposition d&rsquo;organisation des protocoles et de leurs \u00e9changes, <span style=\"font-family: Arial;\"><span style=\"font-size: small;\"><span style=\"color: #ff0000;\"><strong>c&rsquo;est le Mod\u00e8le OSI.<\/strong><\/span><\/span><\/span><\/p>\n<p>Vous n&rsquo;imaginez pas le nombre de <strong><span style=\"color: #ff0000; font-family: Arial; font-size: small;\">protocoles<\/span><\/strong><span style=\"font-family: Arial; font-size: small;\">, <\/span>de m\u00e9canismes et d&rsquo;\u00e9quipements qui sont n\u00e9cessaires pour vous permettre de lire cette page, vous qui \u00eates situ\u00e9 \u00e0 Marseille alors qu&rsquo;elle est enregistr\u00e9e sur un serveur \u00e0 cot\u00e9 de Paris ! La liste est tout simplement affolante ! Il y a tellement de concepts, de normes et de protocoles que pour s&rsquo;y retrouver il a fallu mettre au point une m\u00e9thode de classement , permettant de <strong><span style=\"color: #ff0000; font-family: Arial; font-size: small;\">rationnaliser<\/span><\/strong><span style=\"color: #000000; font-family: Arial; font-size: small;\">, <\/span>de <span style=\"color: #ff0000; font-family: Arial; font-size: small;\"><strong>structurer la pens\u00e9e t\u00e9l\u00e9informatique<\/strong><\/span><span style=\"font-family: Arial; font-size: small;\">.<\/span><\/p>\n<p>Comme votre armoire, ce mod\u00e8le comporte 7 \u00e9tag\u00e8res, appel\u00e9es en fait <span style=\"font-family: Arial;\"><span style=\"font-size: small;\">: <span style=\"color: #ff0000;\"><strong>des couches<\/strong><\/span><span style=\"color: #000000;\">. <\/span><\/span><\/span>Comme dans votre armoire, tous les <strong><span style=\"color: #ff0000;\"><span style=\"font-family: Arial;\"><span style=\"font-size: small;\">protocoles<\/span><\/span><\/span><\/strong> rang\u00e9s sur une couche (\u00e9tag\u00e8re) ont des <strong><span style=\"font-family: Arial;\"><span style=\"font-size: small;\"><span style=\"color: #ff0000;\">r\u00f4les<\/span><\/span><\/span><\/strong> similaires<span style=\"font-family: Arial;\"><span style=\"font-size: small;\"><span style=\"color: #000000;\">. <\/span><\/span><\/span>Toutes vos chaussettes de l&rsquo;\u00e9tag\u00e8re 7 ont pour r\u00f4le de prot\u00e9ger vos pieds du froid. Tous les protocoles de la couche 7 OSI ont pour r\u00f4le de rendre des services \u00e0 l&rsquo;application (messagerie, supervision, annuaire, gestion des autorisation d&rsquo;acc\u00e8s, etc&#8230;). Il en va de m\u00eame pour toutes les couches.<\/p>\n<p>Vous n&rsquo;avez pas pouss\u00e9 le vice jusqu&rsquo;\u00e0 \u00e9tiqueter ou nommer vos \u00e9tag\u00e8res d&rsquo;armoire, d&rsquo;autant plus que c&rsquo;est pour vous habiller les yeux ferm\u00e9s ! Les concepteurs du mod\u00e8le OSI l&rsquo;ont fait ! Chaque couche est identifiable par les points suivants :<\/p>\n<ul>\n<li>Elle a un <strong><span style=\"color: #ff0000; font-family: Arial; font-size: small;\">nom<\/span><\/strong><\/li>\n<li>Elle a un <strong><span style=\"color: #ff0000; font-family: Arial; font-size: small;\">niveau<\/span><\/strong><span style=\"color: #000000; font-family: Arial; font-size: small;\"> (de 1 \u00e0 7)<\/span><\/li>\n<li>Elle a un <strong><span style=\"color: #ff0000; font-family: Arial; font-size: small;\">r\u00f4le<\/span><\/strong> bien d\u00e9fini au sein du mod\u00e8le OSI qu&rsquo;elle est la seule \u00e0 r\u00e9aliser<\/li>\n<li>Pour remplir ce r\u00f4le, elle <strong><span style=\"color: #ff0000; font-family: Arial; font-size: small;\">rend des services<\/span><\/strong> aux couches qui lui sont directement adjacentes (au-dessus et en dessous d&rsquo;elle). Chaque couche dispose d&rsquo;un certain nombre de normes de services, qui d\u00e9finissent les services \u00e0 rendre aux couches<span style=\"color: #000000; font-family: Arial; font-size: small;\">.<\/span><\/li>\n<li>Pour rendre ces services elle dispose de <strong><span style=\"color: #ff0000; font-family: Arial; font-size: small;\">protocoles<\/span><\/strong><span style=\"color: #000000; font-family: Arial; font-size: small;\">. <\/span>Le protocole est un langage, une m\u00e9thode de traitement de l&rsquo;information qui, parce qu&rsquo;il est <strong><span style=\"color: #ff0000; font-family: Arial; font-size: small;\">normalis\u00e9<\/span><\/strong><span style=\"color: #000000; font-family: Arial; font-size: small;\">, <\/span>permet aux couches de m\u00eames niveaux de se comprendre &#8230; Je sais ! Ca se corse, mais on va y revenir !<\/li>\n<\/ul>\n<h2>Conclusion interm\u00e9diaire<\/h2>\n<p>Voici une toute premi\u00e8re approche du mod\u00e8le OSI, par l&rsquo;analogie. M\u00eame si la m\u00e9thode peut donner \u00e0 sourire, retenez la ! Vous verrez que nous ferons souvent des rappels \u00e0 cette analogie. Il nous reste cependant encore beaucoup de choses \u00e0 voir sur ce mod\u00e8le OSI :<\/p>\n<ul>\n<li>OSI : qu&rsquo;est-ce que \u00e7a veut dire ?<\/li>\n<li>Quels sont les noms, r\u00f4les et fonctions des couches ?<\/li>\n<li>Qui l&rsquo;a fait ?<\/li>\n<\/ul>\n<p>C&rsquo;est le but du prochain chapitre !<\/p>\n<h5 align=\"center\"><a href=\"http:\/\/www.gatoux.com\/index.php\/sommaire\/\">Page pr\u00e9c\u00e9dente<\/a> | <a href=\"http:\/\/www.gatoux.com\/index.php\/qui-quoi-pourquoi\/\">Page Suivante\u00a0<\/a><\/h5>\n","protected":false},"excerpt":{"rendered":"<p>Premi\u00e9re approche Vous \u00eates tous des gens tr\u00e8s ordonn\u00e9s, c&rsquo;est connu &#8230; Vous disposez, tous, d&rsquo;une armoire pour y ranger vos v\u00eatements, j&rsquo;en suis s\u00fbr ! Nous allons supposer que cette armoire comporte 7 \u00e9tag\u00e8res. Nous allons aussi supposer qu&rsquo;il fait extr\u00eamement froid (\u00e7a m&rsquo;arrange !), et que vous avez besoin de vous couvrir chaudement.\u2026 <span class=\"read-more\"><a href=\"https:\/\/racine.gatoux.com\/lmdr\/index.php\/lanalogie\/\">Lire la suite &raquo;<\/a><\/span><\/p>\n","protected":false},"author":1,"featured_media":0,"parent":0,"menu_order":3,"comment_status":"closed","ping_status":"closed","template":"page-templates\/full-width.php","meta":{"_exactmetrics_skip_tracking":false,"_exactmetrics_sitenote_active":false,"_exactmetrics_sitenote_note":"","_exactmetrics_sitenote_category":0,"footnotes":""},"class_list":["post-62","page","type-page","status-publish","hentry"],"_links":{"self":[{"href":"https:\/\/racine.gatoux.com\/lmdr\/index.php\/wp-json\/wp\/v2\/pages\/62","targetHints":{"allow":["GET"]}}],"collection":[{"href":"https:\/\/racine.gatoux.com\/lmdr\/index.php\/wp-json\/wp\/v2\/pages"}],"about":[{"href":"https:\/\/racine.gatoux.com\/lmdr\/index.php\/wp-json\/wp\/v2\/types\/page"}],"author":[{"embeddable":true,"href":"https:\/\/racine.gatoux.com\/lmdr\/index.php\/wp-json\/wp\/v2\/users\/1"}],"replies":[{"embeddable":true,"href":"https:\/\/racine.gatoux.com\/lmdr\/index.php\/wp-json\/wp\/v2\/comments?post=62"}],"version-history":[{"count":7,"href":"https:\/\/racine.gatoux.com\/lmdr\/index.php\/wp-json\/wp\/v2\/pages\/62\/revisions"}],"predecessor-version":[{"id":145,"href":"https:\/\/racine.gatoux.com\/lmdr\/index.php\/wp-json\/wp\/v2\/pages\/62\/revisions\/145"}],"wp:attachment":[{"href":"https:\/\/racine.gatoux.com\/lmdr\/index.php\/wp-json\/wp\/v2\/media?parent=62"}],"curies":[{"name":"wp","href":"https:\/\/api.w.org\/{rel}","templated":true}]}}