{"id":633,"date":"2017-05-07T18:15:41","date_gmt":"2017-05-07T16:15:41","guid":{"rendered":"http:\/\/www.gatoux.com\/?page_id=633"},"modified":"2017-05-07T18:26:09","modified_gmt":"2017-05-07T16:26:09","slug":"hdlc-lap-b","status":"publish","type":"page","link":"https:\/\/racine.gatoux.com\/lmdr\/index.php\/hdlc-lap-b\/","title":{"rendered":"HDLC-LAP B"},"content":{"rendered":"<p><strong>&#8211; Date de cr\u00e9ation du cours : <span style=\"color: #ff0000;\">F\u00e9vrier 2003<br \/>\n<\/span><\/strong><strong>&#8211; Derni\u00e8re mise \u00e0 jour : <span style=\"color: #ff0000;\">F\u00e9vrier 2003<\/span><\/strong><\/p>\n<p><strong><u>Introduction r\u00e9\u00e9crite le 24\/03\/2007 :<\/u><\/strong><\/p>\n<p>Le LAP B est un sous-ensemble d&rsquo;HDLC (High level Data Link Control) essentiellement utilis\u00e9 dans l&rsquo;environnement protocolaire X25. A L&rsquo;origine (en 2003) je souhaitais vous pr\u00e9senter un cours X25 complet, mais ceci devient vraiment d\u00e9suet aujourd&rsquo;hui o\u00f9 ce type de r\u00e9seau est en passe de dispara\u00eetre au profit d&rsquo;IP. J&rsquo;ai donc finalement r\u00e9duit ce cours \u00e0 la pr\u00e9sentation des m\u00e9canismes utilis\u00e9 par le LAP B (Link Access Protocol).<\/p>\n<p>Ce protocole de niveau 2\u00a0pr\u00e9sente un grand int\u00e9r\u00eat. En effet, lors des pr\u00e9c\u00e9dents cours nous avons sans cesse parl\u00e9 de mode connect\u00e9 ou non, contr\u00f4le et correction d&rsquo;erreur, gestion de flux, garantie de s\u00e9quencement des donn\u00e9es, etc, mais n&rsquo;avons jamais \u00e9tudi\u00e9 de cas concrets. Le LAP B est id\u00e9al pour vous montrer comment un protocole peut r\u00e9aliser ces fonctions.<\/p>\n<p>J&rsquo;esp\u00e8re vous avoir donn\u00e9 envie de lire ce cours qui, croyez-moi, a \u00e9t\u00e9 difficile \u00ab\u00a0\u00e0 pondre\u00a0\u00bb !<\/p>\n<p>Bonne lecture et n&rsquo;h\u00e9sitez pas \u00e0 m&rsquo;envoyer vos remarques ou \u00e0 inscrire vos avis dans le livre d&rsquo;or !<\/p>\n<h5 align=\"center\"><a href=\"http:\/\/www.gatoux.com\/index.php\/sommaire-hdlc\/\">Le sommaire<\/a><\/h5>\n","protected":false},"excerpt":{"rendered":"<p>&#8211; Date de cr\u00e9ation du cours : F\u00e9vrier 2003 &#8211; Derni\u00e8re mise \u00e0 jour : F\u00e9vrier 2003 Introduction r\u00e9\u00e9crite le 24\/03\/2007 : Le LAP B est un sous-ensemble d&rsquo;HDLC (High level Data Link Control) essentiellement utilis\u00e9 dans l&rsquo;environnement protocolaire X25. A L&rsquo;origine (en 2003) je souhaitais vous pr\u00e9senter un cours X25 complet, mais ceci devient\u2026 <span class=\"read-more\"><a href=\"https:\/\/racine.gatoux.com\/lmdr\/index.php\/hdlc-lap-b\/\">Lire la suite &raquo;<\/a><\/span><\/p>\n","protected":false},"author":1,"featured_media":0,"parent":0,"menu_order":53,"comment_status":"closed","ping_status":"closed","template":"","meta":{"_exactmetrics_skip_tracking":false,"_exactmetrics_sitenote_active":false,"_exactmetrics_sitenote_note":"","_exactmetrics_sitenote_category":0,"footnotes":""},"class_list":["post-633","page","type-page","status-publish","hentry"],"_links":{"self":[{"href":"https:\/\/racine.gatoux.com\/lmdr\/index.php\/wp-json\/wp\/v2\/pages\/633","targetHints":{"allow":["GET"]}}],"collection":[{"href":"https:\/\/racine.gatoux.com\/lmdr\/index.php\/wp-json\/wp\/v2\/pages"}],"about":[{"href":"https:\/\/racine.gatoux.com\/lmdr\/index.php\/wp-json\/wp\/v2\/types\/page"}],"author":[{"embeddable":true,"href":"https:\/\/racine.gatoux.com\/lmdr\/index.php\/wp-json\/wp\/v2\/users\/1"}],"replies":[{"embeddable":true,"href":"https:\/\/racine.gatoux.com\/lmdr\/index.php\/wp-json\/wp\/v2\/comments?post=633"}],"version-history":[{"count":4,"href":"https:\/\/racine.gatoux.com\/lmdr\/index.php\/wp-json\/wp\/v2\/pages\/633\/revisions"}],"predecessor-version":[{"id":657,"href":"https:\/\/racine.gatoux.com\/lmdr\/index.php\/wp-json\/wp\/v2\/pages\/633\/revisions\/657"}],"wp:attachment":[{"href":"https:\/\/racine.gatoux.com\/lmdr\/index.php\/wp-json\/wp\/v2\/media?parent=633"}],"curies":[{"name":"wp","href":"https:\/\/api.w.org\/{rel}","templated":true}]}}