{"id":68,"date":"2017-04-22T11:37:48","date_gmt":"2017-04-22T09:37:48","guid":{"rendered":"http:\/\/www.gatoux.com\/?page_id=68"},"modified":"2017-04-24T10:54:36","modified_gmt":"2017-04-24T08:54:36","slug":"comment-ca-marche","status":"publish","type":"page","link":"https:\/\/racine.gatoux.com\/lmdr\/index.php\/comment-ca-marche\/","title":{"rendered":"Comment \u00e7a marche ?"},"content":{"rendered":"<h2>L&rsquo;encapsulation : L&rsquo;histoire des poup\u00e9es russes ou de La Poste<\/h2>\n<div id=\"attachment_147\" style=\"width: 310px\" class=\"wp-caption alignright\"><img loading=\"lazy\" decoding=\"async\" aria-describedby=\"caption-attachment-147\" class=\"wp-image-147 size-full\" src=\"http:\/\/www.gatoux.com\/wp-content\/uploads\/2017\/04\/S1P5I2.gif\" alt=\"\" width=\"300\" height=\"183\" \/><p id=\"caption-attachment-147\" class=\"wp-caption-text\"><span style=\"color: #808080;\"><em>Le mod\u00e8le en couche<\/em><\/span><\/p><\/div>\n<p>D\u00e9marrons de la couche 4 si vous le voulez bien. Cette couche nous le verrons plus tard s&rsquo;occupe de <span style=\"color: #ff0000;\"><strong>structurer<\/strong> <\/span>des segments de message \u00e0 \u00e9mettre \u00e0 une autre extr\u00e9mit\u00e9. Elle va transmettre ce segment \u00e0 la <strong><span style=\"color: #ff6600;\">couche 3<\/span><\/strong> (dite <strong><span style=\"color: #ff6600;\">couche RESEAU<\/span><\/strong>), qui aura en charge de placer tout ou partie du segment dans un paquet. Ce paquet sera \u00e9mis sur le r\u00e9seau, et achemin\u00e9 ainsi \u00e0 l&rsquo;autre extr\u00e9mit\u00e9. Autrement dit je mets un <span style=\"color: #ff0000;\"><strong>segment<\/strong> <\/span>dans un <strong><span style=\"color: #ff0000;\">paquet<\/span><\/strong>.<\/p>\n<p>Ce qui est vrai entre la couche 4 et la couche 3 est, pour ainsi dire, vrai entre toutes les couches adjacentes. Ainsi la donn\u00e9e \u00e9mise par l&rsquo;application sera, tour \u00e0 tour, enrob\u00e9e par chaque couche, au fur \u00e0 mesure de sa descente dans le mod\u00e8le OSI : <strong><span style=\"color: #ff0000;\">c&rsquo;est l&rsquo;encapsulation<\/span><\/strong>.<\/p>\n<p>Pour comprendre mieux le ph\u00e9nom\u00e9ne, imaginez que vous ayez \u00e0 \u00e9mettre un paquet contenant des ch\u00e8ques cadeaux \u00e0 un groupe de personne par la poste. Ce paquet contient des enveloppes pour 4 personnes travaillant toutes au m\u00eame endroit. Ces enveloppes contiennent chacune un ch\u00e8que cadeau, une enveloppe par personne. Pour r\u00e9aliser cet envoi, vous proc\u00e9der de la mani\u00e8re suivante :<\/p>\n<ul>\n<li>\n<div id=\"attachment_148\" style=\"width: 363px\" class=\"wp-caption alignright\"><img loading=\"lazy\" decoding=\"async\" aria-describedby=\"caption-attachment-148\" class=\"wp-image-148 size-full\" src=\"http:\/\/www.gatoux.com\/wp-content\/uploads\/2017\/04\/S1P5I3.gif\" alt=\"\" width=\"353\" height=\"212\" \/><p id=\"caption-attachment-148\" class=\"wp-caption-text\"><span style=\"color: #808080;\"><em>Encapsulation<\/em><\/span><\/p><\/div>\n<p>Vous commencer par prendre un ch\u00e8que cadeau, que vous glissez dans une enveloppe.<\/li>\n<li>Vous incrivez le nom de la personne destinataire. Vous r\u00e9p\u00e9tez l&rsquo;op\u00e9ration pour les 4 ch\u00e8ques et enveloppes.<\/li>\n<li>Vous allez ensuite demander \u00e0 votre service courrier de placer les quatres enveloppes dans un m\u00eame paquet, en pr\u00e9cisant l&rsquo;adresse de destination du paquet.<\/li>\n<li>Le service courrier va placer les quatres enveloppes dans le paquet, et attendre le passage du facteur.<\/li>\n<li>Le facteur prendra le paquet et l&#8217;emm\u00e8nera au centre de tri (sans passer par le bureau de poste, parce que \u00e7a m&rsquo;arrange !), <strong><span style=\"color: #ff0000;\">en veillant \u00e0 ne pas perdre, ni d\u00e9t\u00e9riorer le paquet<\/span><\/strong>. Pour cela, il l&rsquo;aura plac\u00e9 pendant le trajet dans une bo\u00eete herm\u00e9tique (et pourquoi pas ?).<\/li>\n<li>Au centre de tri on sort le paquet de la bo\u00eete, on examine l&rsquo;adresse, et on le replace dans une bo\u00eete \u00e0 destination de l&rsquo;adresse requise, ou d&rsquo;un centre de tri le plus proche.<\/li>\n<li>Et ainsi de suite, jusqu&rsquo;\u00e0 livraison du paquet &#8230;<\/li>\n<\/ul>\n<p>Le mod\u00e8le OSI utilise exactement ce principe, j&#8217;emballe le ch\u00e8que dans une enveloppe (<strong><span style=\"color: #ff0000;\">j&rsquo;encapsule le message dans un segment<\/span><\/strong>), j&#8217;emballe les enveloppes dans un paquet (<strong><span style=\"color: #ff0000;\">j&rsquo;encapsule les enveloppes dans un paquet<\/span><\/strong>), etc&#8230;<\/p>\n<p>Au final dans la voiture du facteur, il y a une bo\u00eete, dans la bo\u00eete, un paquet, dans le paquet, quatres enveloppes, dans l&rsquo;enveloppe un ch\u00e8que cadeau &#8230; (Devinez, quoi qui n&rsquo;y a dans le petit bois derri\u00e8re chez moi !). Les poup\u00e9es russes quoi !!<\/p>\n<h6 align=\"center\"><span style=\"color: #ff0000; font-family: Tahoma; font-size: small;\">C&rsquo;est le principe d&rsquo;encapsulation.<\/span><\/h6>\n<h2>Encapsulation : Est-ce sp\u00e9cifique \u00e0 OSI ?<\/h2>\n<p>Pas du tout ! En fait on fait constamment de l&rsquo;encapsulation protocolaire, sans pour autant que ce soit sp\u00e9cifique \u00e0 OSI.<\/p>\n<p>Prenons le cas de l&rsquo;environnement TCP\/IP. Sur l&rsquo;image ci-contre vous avez une repr\u00e9sentation simplifi\u00e9e du stack TCP\/IP (<span style=\"color: #cc0000;\">Stack = Pile = Empilement = Couches<\/span>).<\/p>\n<div id=\"attachment_152\" style=\"width: 310px\" class=\"wp-caption alignright\"><img loading=\"lazy\" decoding=\"async\" aria-describedby=\"caption-attachment-152\" class=\"size-full wp-image-152\" src=\"http:\/\/www.gatoux.com\/wp-content\/uploads\/2017\/04\/S1P5I4.gif\" alt=\"\" width=\"300\" height=\"190\" \/><p id=\"caption-attachment-152\" class=\"wp-caption-text\"><span style=\"color: #808080;\"><em>Le stack TCP &#8211; IP<\/em><\/span><\/p><\/div>\n<p>Lorsque vous faites un transfert de fichier par FTP, votre fichier est plac\u00e9 dans des messages FTP, eux-m\u00eames inclus dans des segments TCP, eux-m\u00eames plac\u00e9s dans des paquets IP, qui sont tr\u00e8s probablement mis dans des trames PPP ou HDLC !! Ca c&rsquo;est bien de l&rsquo;encapsulation non ? Et pourtant &#8230;<\/p>\n<p>Sachez que <strong><span style=\"color: #ff0000;\">TCP\/IP n&rsquo;est pas normalis\u00e9 ISO<\/span><\/strong>, donc encore moins OSI (Elle est claire la diff\u00e9rence entre ISO et OSI ?). En t\u00e9l\u00e9informatique tout fonctionne par encapsulation, alors qu&rsquo;en informatique on fonctionne plut\u00f4t en conversion. Il existe \u00e9norm\u00e9ment d&rsquo;environnements non normalis\u00e9s ISO (ou OSI), TCP\/IP, Novell\/IPX, AppleTalk, SNA, Digital Phase IV (DEC). Cependant, vous pouvez dire que IP de TCP\/IP, IPX de Novell, PC de SNA, DRP de DSA sont des protocoles de niveau 3 OSI !! Un puriste vous sautera \u00e0 la gorge. Quelqu&rsquo;un de plus tol\u00e9rant comprendra par l\u00e0, que ces protocoles ont en charge des fonctions de routage des donn\u00e9es dans le r\u00e9seau. A ce titre on peut attendre de leur part des fonctions d&rsquo;adressage virtuel, de segmentation, de priorisation, de s\u00e9quencement, etc &#8230;<\/p>\n<p>Commencez vous \u00e0 comprendre l&rsquo;utilit\u00e9 du mod\u00e8le OSI ? Lorsque vous le conna\u00eetrez vous pourrez plus facilement situer les protocoles et leur fonctions.<\/p>\n<p><span style=\"font-family: Arial; font-size: small;\"><strong>Nous reviendrons sur l&rsquo;encapsulation lorsque nous \u00e9tudierons la circulation verticale des donn\u00e9es dans l&rsquo;environnement OSI.<\/strong><\/span><\/p>\n<h2 align=\"left\">Conclusion interm\u00e9diaire<\/h2>\n<p>Ce chapitre avait pour but de vous pr\u00e9senter la mani\u00e8re dont on peut faire transiter des donn\u00e9es \u00e0 travers un empilement protocolaire. Ces empilements sont tr\u00e8s nombreux et souvent assez diff\u00e9rents dans le r\u00f4le ou les services rendus par chaque protocole (ou couche). Il n&rsquo;en reste pas moins que les m\u00e9canismes d&rsquo;encapsulation sont similaires. Vous avez donc une id\u00e9e maintenant du : Comment \u00e7a marche ?<\/p>\n<p>Il serait maintenant temps d&rsquo;enfin regarder de plus pr\u00e8s le contenu de ce fameux mod\u00e8le. R\u00e9pondons plus pr\u00e9cis\u00e9ment au : Qu&rsquo;est-ce que c&rsquo;est ?<\/p>\n<p>Nous aurons l&rsquo;occasion ensuite de revenir encore et encore au : <strong>Comment \u00e7a marche ?<\/strong><\/p>\n<h5 align=\"center\"><a href=\"http:\/\/www.gatoux.com\/index.php\/qui-quoi-pourquoi\/\">Page pr\u00e9c\u00e9dente<\/a> | <a href=\"http:\/\/www.gatoux.com\/index.php\/structure-generale\/\">Page Suivante<\/a><\/h5>\n","protected":false},"excerpt":{"rendered":"<p>L&rsquo;encapsulation : L&rsquo;histoire des poup\u00e9es russes ou de La Poste D\u00e9marrons de la couche 4 si vous le voulez bien. Cette couche nous le verrons plus tard s&rsquo;occupe de structurer des segments de message \u00e0 \u00e9mettre \u00e0 une autre extr\u00e9mit\u00e9. Elle va transmettre ce segment \u00e0 la couche 3 (dite couche RESEAU), qui aura en\u2026 <span class=\"read-more\"><a href=\"https:\/\/racine.gatoux.com\/lmdr\/index.php\/comment-ca-marche\/\">Lire la suite &raquo;<\/a><\/span><\/p>\n","protected":false},"author":1,"featured_media":0,"parent":0,"menu_order":5,"comment_status":"closed","ping_status":"closed","template":"page-templates\/full-width.php","meta":{"_exactmetrics_skip_tracking":false,"_exactmetrics_sitenote_active":false,"_exactmetrics_sitenote_note":"","_exactmetrics_sitenote_category":0,"footnotes":""},"class_list":["post-68","page","type-page","status-publish","hentry"],"_links":{"self":[{"href":"https:\/\/racine.gatoux.com\/lmdr\/index.php\/wp-json\/wp\/v2\/pages\/68","targetHints":{"allow":["GET"]}}],"collection":[{"href":"https:\/\/racine.gatoux.com\/lmdr\/index.php\/wp-json\/wp\/v2\/pages"}],"about":[{"href":"https:\/\/racine.gatoux.com\/lmdr\/index.php\/wp-json\/wp\/v2\/types\/page"}],"author":[{"embeddable":true,"href":"https:\/\/racine.gatoux.com\/lmdr\/index.php\/wp-json\/wp\/v2\/users\/1"}],"replies":[{"embeddable":true,"href":"https:\/\/racine.gatoux.com\/lmdr\/index.php\/wp-json\/wp\/v2\/comments?post=68"}],"version-history":[{"count":3,"href":"https:\/\/racine.gatoux.com\/lmdr\/index.php\/wp-json\/wp\/v2\/pages\/68\/revisions"}],"predecessor-version":[{"id":155,"href":"https:\/\/racine.gatoux.com\/lmdr\/index.php\/wp-json\/wp\/v2\/pages\/68\/revisions\/155"}],"wp:attachment":[{"href":"https:\/\/racine.gatoux.com\/lmdr\/index.php\/wp-json\/wp\/v2\/media?parent=68"}],"curies":[{"name":"wp","href":"https:\/\/api.w.org\/{rel}","templated":true}]}}