{"id":74,"date":"2017-04-22T11:38:36","date_gmt":"2017-04-22T09:38:36","guid":{"rendered":"http:\/\/www.gatoux.com\/?page_id=74"},"modified":"2017-04-24T11:09:30","modified_gmt":"2017-04-24T09:09:30","slug":"la-liaison-de-donnees","status":"publish","type":"page","link":"https:\/\/racine.gatoux.com\/lmdr\/index.php\/la-liaison-de-donnees\/","title":{"rendered":"La liaison de donn\u00e9es"},"content":{"rendered":"<h2>La liaison de donn\u00e9es de base<\/h2>\n<p><img loading=\"lazy\" decoding=\"async\" class=\"size-full wp-image-159 alignleft\" src=\"http:\/\/www.gatoux.com\/wp-content\/uploads\/2017\/04\/S1P7I2.gif\" alt=\"\" width=\"506\" height=\"255\" \/><\/p>\n<p>&nbsp;<\/p>\n<p>&nbsp;<\/p>\n<p>Toute cha\u00eene de transmission, aussi complexe soit-elle, peut-\u00eatre <strong>simplifi\u00e9e<\/strong> en une <strong>suite de liaisons de donn\u00e9es<\/strong> de base. Cette repr\u00e9sentation de base, permet d&rsquo;identifier les \u00e9l\u00e9ments <strong>fondamentaux<\/strong> n\u00e9cessaires \u00e0 une transmission entre deux syst\u00e8mes distants.<\/p>\n<p>&nbsp;<\/p>\n<p>&nbsp;<\/p>\n<p>&nbsp;<\/p>\n<p>Dans cette cha\u00eene on trouve les <strong>DTE<\/strong> (<strong>D<\/strong>ata <strong>T<\/strong>erminal <strong>E<\/strong>quipment) &#8211; <strong>ETTD<\/strong> (<strong>E<\/strong><img loading=\"lazy\" decoding=\"async\" class=\"size-full wp-image-161 alignright\" src=\"http:\/\/www.gatoux.com\/wp-content\/uploads\/2017\/04\/S1P7I3.gif\" alt=\"\" width=\"329\" height=\"228\" \/>quipement <strong>T<\/strong>erminal de <strong>T<\/strong>raitement de <strong>D<\/strong>onn\u00e9es) qui effectuent le traitement des donn\u00e9es. Certes ils effectuent le 2+2=4, mais aussi la pr\u00e9paration \u00e0 la transmission (couches 7 \u00e0 2 et une partie de la couche 1).<\/p>\n<p>La gestion de la communication est assur\u00e9e par le <strong>contr\u00f4leur de communication<\/strong> interne \u00e0 <strong>l&rsquo;ETTD<\/strong>.<\/p>\n<p>Dans certains environnements \u00ab\u00a0gros syst\u00e8mes\u00a0\u00bb tels qu&rsquo;IBM (SNA), Digital (DNA) ou Bull (DSA), la fonction de contr\u00f4leur de communication est sortie de l&rsquo;ordinateur, afin de d\u00e9charger la CPU centrale des traitements li\u00e9s \u00e0 la transmission.<\/p>\n<p>L&rsquo;ETTD est alors appel\u00e9 un \u00ab\u00a0H\u00f4te\u00a0\u00bb ou \u00ab\u00a0Host\u00a0\u00bb, il est reli\u00e9 par un bus ou un lien tr\u00e8s haut d\u00e9bit, appel\u00e9 parfois \u00ab\u00a0<strong>Canal<\/strong>\u00ab\u00a0, au <strong>contr\u00f4leur de communication externe<\/strong>, parfois appel\u00e9 \u00ab\u00a0<strong>Frontal<\/strong>\u00ab\u00a0.<\/p>\n<h2>Encha\u00eenement de liaisons de donn\u00e9es<\/h2>\n<p><img loading=\"lazy\" decoding=\"async\" class=\"size-full wp-image-162 alignleft\" src=\"http:\/\/www.gatoux.com\/wp-content\/uploads\/2017\/04\/S1P7I4.gif\" alt=\"\" width=\"517\" height=\"161\" \/>Lorsque vous \u00eates connect\u00e9 avec votre PC au r\u00e9seau Internet, vous \u00eates raccord\u00e9s \u00e0 un serveur par l&rsquo;interm\u00e9diaire de votre ligne t\u00e9l\u00e9phonique. Cet ensemble forme une liaison de donn\u00e9es de base. Depuis ce serveur vous allez peut-\u00eatre atteindre d&rsquo;autres sites, en empruntant des liaisons entre serveurs. Ce sont d&rsquo;autres liaisons de base. Votre communication avec le dernier serveur de la cha\u00eene est donc support\u00e9e par un encha\u00eenement de liaisons de donn\u00e9es de base ! Chaque <strong>serveur<\/strong> joue le r\u00f4le d&rsquo;un <strong>DTE<\/strong> et tous les <strong>modems<\/strong> de chaque ligne le r\u00f4le d&rsquo;un <strong>DCE<\/strong>.<\/p>\n<h2>Transposition du niveau support<\/h2>\n<p><img loading=\"lazy\" decoding=\"async\" class=\"size-full wp-image-163 alignright\" src=\"http:\/\/www.gatoux.com\/wp-content\/uploads\/2017\/04\/S1P7I5.gif\" alt=\"\" width=\"417\" height=\"222\" \/>\u00ab\u00a0<strong><span style=\"color: #ff0000;\">Tout d\u00e9pend de l&rsquo;endroit o\u00f9 on se place, et de l&rsquo;id\u00e9e qu&rsquo;on s&rsquo;en fait &#8230;<\/span><\/strong>\u00ab\u00a0, disait un de mes coll\u00e8gues \u00e0 ses stagiaires \u00e9bahis.<\/p>\n<p>Ainsi la notion de <strong>support physique<\/strong>, peut rapidement muter en notion de <strong>liaison support<\/strong>, ou de <strong>r\u00e9seau support<\/strong>. Diantre, diantre, que voil\u00e0 une affaire des plus \u00e9tranges ! En fait la notion de support va d\u00e9pendre un peu de la couche sous laquelle on se place.<\/p>\n<p>Vue des couches 6 et 7, la connexion utilis\u00e9e est celle de la couche 5, c&rsquo;est une <strong>connexion de session,<\/strong> pour les couches 7 et 6, le support est l\u00e0 !<\/p>\n<p>De la m\u00eame mani\u00e8re pour la couche 5, c&rsquo;est la <strong>connexion de transport<\/strong> qui est le support.<\/p>\n<p>Pour la couche 4, c&rsquo;est la <strong>connexion de r\u00e9seau<\/strong> qui est le support, on parle de <strong>r\u00e9seau support<\/strong>.<\/p>\n<p>Le sch\u00e9ma ci-dessus vous donne une repr\u00e9sentation des diff\u00e9rents cas. Chaque couche N, se r\u00e9f\u00e9re donc \u00e0 sa couche N-1 en la consid\u00e9rant comme garante de son support de communication, elle fait abstraction des sous-syst\u00e8mes qui peuvent aider la couche N-1 \u00e0 lui rendre le service de connexion.<\/p>\n<h2>Conclusion interm\u00e9diaire<\/h2>\n<p>La liaison de donn\u00e9e n&rsquo;a maintenant plus aucun secret pour vous. Vous en savez dor\u00e9navant suffisamment pour aborder le d\u00e9tail (fa\u00e7on de parler !) des couches OSI.<\/p>\n<h5 align=\"center\"><a href=\"http:\/\/www.gatoux.com\/index.php\/structure-generale\/\">Page Pr\u00e9c\u00e9dente <\/a>| <a href=\"http:\/\/www.gatoux.com\/index.php\/la-couche-physique\/\">Page Suivante<\/a><\/h5>\n","protected":false},"excerpt":{"rendered":"<p>La liaison de donn\u00e9es de base &nbsp; &nbsp; Toute cha\u00eene de transmission, aussi complexe soit-elle, peut-\u00eatre simplifi\u00e9e en une suite de liaisons de donn\u00e9es de base. Cette repr\u00e9sentation de base, permet d&rsquo;identifier les \u00e9l\u00e9ments fondamentaux n\u00e9cessaires \u00e0 une transmission entre deux syst\u00e8mes distants. &nbsp; &nbsp; &nbsp; Dans cette cha\u00eene on trouve les DTE (Data Terminal\u2026 <span class=\"read-more\"><a href=\"https:\/\/racine.gatoux.com\/lmdr\/index.php\/la-liaison-de-donnees\/\">Lire la suite &raquo;<\/a><\/span><\/p>\n","protected":false},"author":1,"featured_media":0,"parent":0,"menu_order":7,"comment_status":"closed","ping_status":"closed","template":"page-templates\/full-width.php","meta":{"_exactmetrics_skip_tracking":false,"_exactmetrics_sitenote_active":false,"_exactmetrics_sitenote_note":"","_exactmetrics_sitenote_category":0,"footnotes":""},"class_list":["post-74","page","type-page","status-publish","hentry"],"_links":{"self":[{"href":"https:\/\/racine.gatoux.com\/lmdr\/index.php\/wp-json\/wp\/v2\/pages\/74","targetHints":{"allow":["GET"]}}],"collection":[{"href":"https:\/\/racine.gatoux.com\/lmdr\/index.php\/wp-json\/wp\/v2\/pages"}],"about":[{"href":"https:\/\/racine.gatoux.com\/lmdr\/index.php\/wp-json\/wp\/v2\/types\/page"}],"author":[{"embeddable":true,"href":"https:\/\/racine.gatoux.com\/lmdr\/index.php\/wp-json\/wp\/v2\/users\/1"}],"replies":[{"embeddable":true,"href":"https:\/\/racine.gatoux.com\/lmdr\/index.php\/wp-json\/wp\/v2\/comments?post=74"}],"version-history":[{"count":4,"href":"https:\/\/racine.gatoux.com\/lmdr\/index.php\/wp-json\/wp\/v2\/pages\/74\/revisions"}],"predecessor-version":[{"id":167,"href":"https:\/\/racine.gatoux.com\/lmdr\/index.php\/wp-json\/wp\/v2\/pages\/74\/revisions\/167"}],"wp:attachment":[{"href":"https:\/\/racine.gatoux.com\/lmdr\/index.php\/wp-json\/wp\/v2\/media?parent=74"}],"curies":[{"name":"wp","href":"https:\/\/api.w.org\/{rel}","templated":true}]}}