{"id":77,"date":"2017-04-22T11:38:50","date_gmt":"2017-04-22T09:38:50","guid":{"rendered":"http:\/\/www.gatoux.com\/?page_id=77"},"modified":"2017-04-25T11:10:56","modified_gmt":"2017-04-25T09:10:56","slug":"la-couche-physique","status":"publish","type":"page","link":"https:\/\/racine.gatoux.com\/lmdr\/index.php\/la-couche-physique\/","title":{"rendered":"La couche Physique"},"content":{"rendered":"<h2>R\u00f4le<\/h2>\n<p><img loading=\"lazy\" decoding=\"async\" class=\"size-full wp-image-176 alignleft\" src=\"http:\/\/www.gatoux.com\/wp-content\/uploads\/2017\/04\/S1P8I2.gif\" alt=\"\" width=\"181\" height=\"281\" \/><\/p>\n<p>&nbsp;<\/p>\n<p>&nbsp;<\/p>\n<p><strong><span style=\"color: #ff0000;\">Acheminer des <\/span><\/strong><strong><span style=\"color: #ff0000;\">EB sur un support de transmission physique<\/span><\/strong>.<\/p>\n<p>Les \u00e9l\u00e9ments physiques et logiciels concernant les fonctions de cette couche se situent, pour partie dans le contr\u00f4leur de communication du DTE, et pour partie sur la jonction et le DCE. M\u00eame si le r\u00f4le para\u00eet simple, croyez bien que les techniques et fonctions \u00e0 mettre en oeuvre pour envoyer un malheureux \u00ab\u00a00\u00a0\u00bb ou \u00ab\u00a01\u00a0\u00bb sur un fil vers l&rsquo;Australie sont complexes et nombreuses.<\/p>\n<h2 style=\"text-align: left;\" align=\"center\"><\/h2>\n<h2 style=\"text-align: left;\" align=\"center\">Fonctions<\/h2>\n<p><span style=\"color: #ff0000;\"><strong>1 &#8211; Il faut s\u00e9rialiser le signal !<\/strong><\/span><\/p>\n<p>Vous le savez, les bits \u00e0 l&rsquo;int\u00e9rieur d&rsquo;un ordinateur se prom\u00e8nent c\u00f4tes \u00e0 c\u00f4tes sur des <strong>bus<\/strong> ! Ils se placent en rang de 8 (il y a longtemps d\u00e9j\u00e0 !), de 16, 32 , ou 64 bits (bient\u00f4t 128 ou 2012 pourquoi pas ?!). On dit que la transmission est <strong>parall\u00e8le<\/strong>. Pourtant vous n<img loading=\"lazy\" decoding=\"async\" class=\"size-full wp-image-293 alignright\" src=\"http:\/\/www.gatoux.com\/wp-content\/uploads\/2017\/04\/SERIALI.gif\" alt=\"\" width=\"399\" height=\"178\" \/>e disposerez que de deux fils pour \u00e9mettre et recevoir vos donn\u00e9es \u00e0 destination ou en provenance de l&rsquo;Internet. Il va donc falloir mettre tout ce petit monde <strong>\u00e0 la queue-leu-leu, en s\u00e9rie : s\u00e9rialis<\/strong><strong>er<\/strong> ! C&rsquo;est un des r\u00f4les du contr\u00f4leur de communication. Autrement dit, les EB qui sont \u00e9mis sur votre <strong>jonction<\/strong>, \u00e0 la sortie de votre PC, se suivent les uns derri\u00e8re les autres, et ne sont absolument pas \u00e9mis en parall\u00e8le. Cette appart\u00e9 pour casser certaines croyances parfois bien implant\u00e9es ! En effet ceux qui disposent d&rsquo;une jonction sur c\u00e2ble plat, trouvent souvent qu&rsquo;elle ressemble \u00e0 une nappe de bus &#8230; Que nenni, certes il y a beaucoup de fils, mais ils ne servent pas tous, et les autres ont d&rsquo;autres fonctions !<\/p>\n<p><span style=\"font-family: Verdana;\"><span style=\"color: #ff0000;\"><strong>2 &#8211; Il faut synchroniser le signal !<\/strong> <\/span><\/span><\/p>\n<p style=\"padding-left: 30px;\"><span style=\"color: #660000; font-family: Verdana;\">Les bits qui sortent du PC vers le modem sont \u00e9mis \u00e0 une certaine vitesse (les grands, diront : <strong>D\u00e9bit Binaire<\/strong>). Plus vous allez vite, plus la dur\u00e9e d&rsquo;un bit est courte (logique, puisque aller vite = grand d\u00e9bit binaire = beaucoup de bits dans peu de temps donc plus le d\u00e9bit est grand, plus la dur\u00e9e d&rsquo;un bit est courte !). Cependant, le DTE qui \u00e9met sait combien de temps durent ses EB, mais le modem qui re\u00e7oit les bits par la jonction ? Il le sait pas, lui ! Alors on fait comment, je vous le demande ? Et bien, on <strong>synchronise les deux \u00e9quipements<\/strong>, il existe pour cela deux techniques :<\/span><\/p>\n<p style=\"padding-left: 30px;\"><span style=\"color: #660000; font-family: Verdana;\"><strong>A\u00a0&#8211; La transmission ASYNCHRONE<\/strong>, dite aussi transmission par caract\u00e8res, qui consiste \u00e0 \u00e9mettre un <strong>START<\/strong> devant chaque caract\u00e8re envoy\u00e9, pour indiquer aux \u00e9quipements r\u00e9cepteurs (le modem pour notre exemple) de d\u00e9clencher leurs horloges internes afin de lire le caract\u00e8re qui suit. Un ou plusieurs bits de <strong>STOP<\/strong> indiquent \u00e0 l&rsquo;horloge que la lecture du caract\u00e8re est termin\u00e9e. En asynchrone chaque \u00e9quipement poss\u00e8de donc sa propre horloge interne pour \u00e9mettre et lire les donn\u00e9es. <strong>L&rsquo;horloge \u00e9mission est diff\u00e9rente de l&rsquo;horloge r\u00e9ception<\/strong>. ATTENTION, je n&rsquo;ai pas dit qu&rsquo;elles n&rsquo;\u00e9taient pas cadenc\u00e9es \u00e0 la m\u00eame vitesse! Elles sont physiquement diff\u00e9rentes.<\/span><\/p>\n<p><img loading=\"lazy\" decoding=\"async\" class=\"size-full wp-image-300 aligncenter\" src=\"http:\/\/www.gatoux.com\/wp-content\/uploads\/2017\/04\/SYNCHRO1.gif\" alt=\"\" width=\"361\" height=\"149\" \/><\/p>\n<p style=\"padding-left: 30px;\"><strong>B\u00a0&#8211; La transmission SYNCHRONE<\/strong>, dite aussi transmission par <strong>blocs<\/strong> ou <strong>trames<\/strong>, dans laquelle <strong>le DTE et le DCE sont reli\u00e9s par des fils de synchro<\/strong> v\u00e9hiculant les TOP Horloges. Dans ce cas un des deux \u00e9quipements fourni l&rsquo;horloge \u00e0 l&rsquo;autre par l&rsquo;interm\u00e9diaire des fils. Il faut bien qu&rsquo;en effet au moins un des \u00e9quipements soit la source d&rsquo;horloge, elle ne se cr\u00e9e pas par l&rsquo;op\u00e9ration du St Esprit ! <strong>L&rsquo;horloge \u00e9mission et r\u00e9ception est donc la m\u00eame<\/strong><\/p>\n<p><img loading=\"lazy\" decoding=\"async\" class=\"size-full wp-image-301 aligncenter\" src=\"http:\/\/www.gatoux.com\/wp-content\/uploads\/2017\/04\/SYNCHRO2.gif\" alt=\"\" width=\"361\" height=\"130\" \/><\/p>\n<p style=\"text-align: left;\" align=\"center\"><span style=\"color: #ff0000;\"><strong>3 &#8211; Il faut g\u00e9rer le dialogue entre le DTE et le DCE !<\/strong> <\/span><\/p>\n<p style=\"text-align: left;\" align=\"center\">Pour que le DTE puisse \u00e9mettre des bits vers le DCE, et inversement, il faut qu&rsquo;ils soient en liaison (sans blague, La Palisse !).<img loading=\"lazy\" decoding=\"async\" class=\"size-full wp-image-219 alignright\" src=\"http:\/\/www.gatoux.com\/wp-content\/uploads\/2017\/04\/DIAL1.gif\" alt=\"\" width=\"384\" height=\"181\" \/><br \/>\nLe DTE n&rsquo;\u00e9mettra de plus ses donn\u00e9es que s&rsquo;il est s\u00fbr d&rsquo;avoir un DCE raccord\u00e9 et sous tension ! Mais faudra-t-il encore que ce DCE l&rsquo;autorise \u00e0 lui envoyer des donn\u00e9es. De la m\u00eame mani\u00e8re le DCE du destinataire devra informer son DTE d&rsquo;une r\u00e9ception de signal, afin qu&rsquo;il se pr\u00e9pare \u00e0 lire les donn\u00e9es.<br \/>\nNous avons vu pr\u00e9c\u00e9demment que dans certains cas, le DCE pouvait fournir une horloge au DTE, et inversement.<br \/>\nSi vous \u00eates \u00e9quip\u00e9 d&rsquo;un modem Fax- R\u00e9pondeur, lorsque un correspondant vous appelle pendant votre absence, votre modem se charge de faire savoir \u00e0 votre ordintaur qu&rsquo;il y a un appel entrant, et qu&rsquo;il faut qu&rsquo;il se r\u00e9veille.<img loading=\"lazy\" decoding=\"async\" class=\"size-full wp-image-220 alignright\" src=\"http:\/\/www.gatoux.com\/wp-content\/uploads\/2017\/04\/DIAL2.gif\" alt=\"\" width=\"383\" height=\"162\" \/><\/p>\n<p style=\"text-align: left;\" align=\"center\">Toutes ses fonctions, et bien d&rsquo;autres sont r\u00e9alis\u00e9es par la <strong>jonction<\/strong>. La jonction est ce c\u00e2ble, que beaucoup prennent pour un bus, qui relie votre modem \u00e0 votre PC.<\/p>\n<p style=\"text-align: left;\" align=\"center\">Ce <strong>c\u00e2ble<\/strong> comporte plusieurs fils qui ont chacun une <strong>fonction<\/strong>, un nom et un num\u00e9ro de broche sur le connecteur. Ces fils s&rsquo;activent les uns apr\u00e8s les autres selon diff\u00e9rentes configurations, en r\u00e9ponse \u00e0 des \u00e9v\u00e9nements. Il existe donc, sur cette jonction, un protocole de fonctionnement normalis\u00e9 : <strong>une norme fonctionnelle.<br \/>\n<\/strong>Pour indiquer l&rsquo;activation ou non d&rsquo;un fil, il faut g\u00e9n\u00e9rer un potentiel. Pour que le DTE et le DCE se comprennent, il faut qu&rsquo;ils g\u00e9n\u00e9rent ou qu&rsquo;ils attendent tous les deux un potentiel de m\u00eame valeur. Il existe donc, sur cette jonction, un accord sur la valeur \u00e9lectrique des potentiels : <strong>une norme \u00e9lectrique<\/strong><\/p>\n<p>Enfin, vous \u00eates en compl\u00e8te extase lorsque vous prenez n&rsquo;importe quelle jonction RS232 (ou V24) et \u00eates en mesure de la rentrer sans soucis dans le connecteur de votre PC. Il existe donc, sur cette jonction, un accord sur la forme du connecteur, son nombre de broches, leur diam\u00e8tre, longueur, etc &#8230; : <strong>une norme m\u00e9canique<\/strong>.<\/p>\n<p>Une jonction est donc au moins d\u00e9finie par 3 normes :<\/p>\n<ul>\n<li>Des normes <strong>fonctionnelles<\/strong> (V24, X24, X20, X21)<\/li>\n<li>Des normes <strong>\u00e9lectriques<\/strong> (V28, V10, V11, V35)<\/li>\n<li>Des normes <strong>m\u00e9caniques<\/strong> (ISO-2110, ISO-2593, ISO-4902, ISO-4903)<\/li>\n<\/ul>\n<p><span style=\"color: #ff0000;\"><strong>4 &#8211; Il faut adapter le signal au support !<\/strong> <\/span><\/p>\n<p><span style=\"color: #663300;\">Le signal \u00e9lectrique v\u00e9hicul\u00e9 sur la jonction est appel\u00e9 signal <strong>NRZ<\/strong> (<strong>N<\/strong>on <strong>R<\/strong>etour \u00e0 <strong>Z<\/strong>\u00e9ro) et il poss\u00e9de un potentiel donn\u00e9 en fonction du type de norme \u00e9lectrique (+\/-12V pour une V28, +\/-3V pour une V10 ou V11, etc &#8230;).<br \/>\nMalheureusement, ce signal est totalement <strong>incompatible pour une \u00e9mission en ligne<\/strong>, au bout de quelques dizaines de m\u00e8tres, il est tellement affaibli et d\u00e9form\u00e9, qu&rsquo;on ne peut plus le lire !<\/span><\/p>\n<p><span style=\"color: #663300;\">Le DCE a donc pour r\u00f4le de <strong>transformer ce signal<\/strong> en un autre qui puisse franchir les kilom\u00e8tres le s\u00e9parant d&rsquo;un prochain point de r\u00e9g\u00e9n\u00e9ration (un petit coup de remise en forme !). Il existe pour cela deux grandes m\u00e9thodes de transformation du signal :<\/span><\/p>\n<p style=\"padding-left: 30px;\"><span style=\"color: #663300;\"><strong>A\u00a0&#8211; La modulation \/ d\u00e9modulation<\/strong>, r\u00e9alis\u00e9e par des DCE portant le nom de <strong>MoDem<\/strong> (Modulateur-Demodulateur). Cette technique proc\u00e8de \u00e0 une transposition du signal de sa bande de fr\u00e9quence d&rsquo;origine dans une bande acceptable par le support. Cette technique est utilis\u00e9e sur les supports dits \u00ab\u00a0Analogiques\u00a0\u00bb, c&rsquo;est \u00e0 dire pr\u00e9sentant une bande passante faible, telle que la bande passante du signal t\u00e9l\u00e9phonique (300-3400 Hz). <strong>La transmission est dite de type analogique<\/strong>. <\/span><\/p>\n<p style=\"padding-left: 30px;\"><img loading=\"lazy\" decoding=\"async\" class=\"size-full wp-image-197 aligncenter\" src=\"http:\/\/www.gatoux.com\/wp-content\/uploads\/2017\/04\/ADAPTATION1.gif\" alt=\"\" width=\"457\" height=\"135\" \/><\/p>\n<p style=\"padding-left: 30px;\"><span style=\"color: #663300;\"><strong>B\u00a0&#8211; Le transcodage<\/strong> r\u00e9alis\u00e9 par des DCE portant le nom <strong>d&rsquo;ERBdB<\/strong> (Emetteur\/Recepteur Bande de Base). Cette technique consiste \u00e0 transformer le signal carr\u00e9 NRZ en un autre signal carr\u00e9 se v\u00e9hiculant mieux sur le support. Le signal reste dans sa bande d&rsquo;origine, dans sa bande de base, il est simplement transform\u00e9, en g\u00e9n\u00e9ral pour \u00e9viter les longues suites de \u00ab\u00a00\u00a0\u00bb et \u00ab\u00a01\u00a0\u00bb, qui se v\u00e9hiculent tr\u00e8s mal sur des supports munis de tranformateurs de lignes, puisqu&rsquo;elles s&rsquo;apparentent \u00e0 des courants continus.<\/span><\/p>\n<p style=\"padding-left: 30px;\"><img loading=\"lazy\" decoding=\"async\" class=\"size-full wp-image-198 aligncenter\" src=\"http:\/\/www.gatoux.com\/wp-content\/uploads\/2017\/04\/ADAPTATION2.gif\" alt=\"\" width=\"457\" height=\"120\" \/><\/p>\n<p>La couche 1 normalise les techniques de modulation (V23, V22, V22 bis, V32, V34, V34+ et bient\u00f4t V90, etc&#8230;), et les techniques de transcodage (Biphase Diff\u00e9rentiel, Bipolaire entrelac\u00e9 d&rsquo;ordre 2, HDB3, code de Miller, code Manchester I, code Manchester II, etc &#8230;).<\/p>\n<p><span style=\"font-size: xx-small;\"><em>A l&rsquo;attention des puristes &#8230; Je sais ! Je sais ! Mais que voulez-vous, il faut sacrifier \u00e0 la vulgarisation !<\/em><\/span><\/p>\n<h2>Remarques<\/h2>\n<p>Au risque de me r\u00e9p\u00e9ter, je n&rsquo;ai ici pr\u00e9sent\u00e9 que quelques fonctions associ\u00e9es \u00e0 quelques normes, mais il en existe bien d&rsquo;autres encore, comme : l&rsquo;adaptation Asynchrone-Synchrone (V14),<\/p>\n<ul>\n<li>les normalisations de bouclages et t\u00e9l\u00e9bouclages (V42),<\/li>\n<li>les normes d&rsquo;acc\u00e8s \u00e0 des r\u00e9seaux de donn\u00e9es publics en mode asynchrone ou synchrone (X20 et X21),<\/li>\n<li>et puis, et puis, et puis &#8230;<\/li>\n<\/ul>\n<p>Quoi qu&rsquo;il en soit, j&rsquo;esp\u00e8re que ce chapitre vous a fait prendre conscience de quelques probl\u00e8mes relevant de la transmission de donn\u00e9es \u00e0 son niveau le plus bas. Nous pouvons maintenant nous hisser une couche plus haut !<\/p>\n<p>Si la couche 2 vous a toujours intrigu\u00e9e, si l&rsquo;utilit\u00e9 d&rsquo;un protocole comme PPP vous semble n\u00e9buleuse &#8230; Suivez-moi !<\/p>\n<h5 align=\"center\"><a href=\"http:\/\/www.gatoux.com\/index.php\/la-liaison-de-donnees\/\">Page Pr\u00e9c\u00e9dente <\/a>| <a href=\"http:\/\/www.gatoux.com\/index.php\/la-couche-liaison\/\">Page Suivante<\/a><\/h5>\n<p style=\"padding-left: 30px;\">\n","protected":false},"excerpt":{"rendered":"<p>R\u00f4le &nbsp; &nbsp; Acheminer des EB sur un support de transmission physique. Les \u00e9l\u00e9ments physiques et logiciels concernant les fonctions de cette couche se situent, pour partie dans le contr\u00f4leur de communication du DTE, et pour partie sur la jonction et le DCE. M\u00eame si le r\u00f4le para\u00eet simple, croyez bien que les techniques et\u2026 <span class=\"read-more\"><a href=\"https:\/\/racine.gatoux.com\/lmdr\/index.php\/la-couche-physique\/\">Lire la suite &raquo;<\/a><\/span><\/p>\n","protected":false},"author":1,"featured_media":0,"parent":0,"menu_order":8,"comment_status":"closed","ping_status":"closed","template":"page-templates\/full-width.php","meta":{"_exactmetrics_skip_tracking":false,"_exactmetrics_sitenote_active":false,"_exactmetrics_sitenote_note":"","_exactmetrics_sitenote_category":0,"footnotes":""},"class_list":["post-77","page","type-page","status-publish","hentry"],"_links":{"self":[{"href":"https:\/\/racine.gatoux.com\/lmdr\/index.php\/wp-json\/wp\/v2\/pages\/77","targetHints":{"allow":["GET"]}}],"collection":[{"href":"https:\/\/racine.gatoux.com\/lmdr\/index.php\/wp-json\/wp\/v2\/pages"}],"about":[{"href":"https:\/\/racine.gatoux.com\/lmdr\/index.php\/wp-json\/wp\/v2\/types\/page"}],"author":[{"embeddable":true,"href":"https:\/\/racine.gatoux.com\/lmdr\/index.php\/wp-json\/wp\/v2\/users\/1"}],"replies":[{"embeddable":true,"href":"https:\/\/racine.gatoux.com\/lmdr\/index.php\/wp-json\/wp\/v2\/comments?post=77"}],"version-history":[{"count":10,"href":"https:\/\/racine.gatoux.com\/lmdr\/index.php\/wp-json\/wp\/v2\/pages\/77\/revisions"}],"predecessor-version":[{"id":332,"href":"https:\/\/racine.gatoux.com\/lmdr\/index.php\/wp-json\/wp\/v2\/pages\/77\/revisions\/332"}],"wp:attachment":[{"href":"https:\/\/racine.gatoux.com\/lmdr\/index.php\/wp-json\/wp\/v2\/media?parent=77"}],"curies":[{"name":"wp","href":"https:\/\/api.w.org\/{rel}","templated":true}]}}